
{"id":54,"date":"2021-04-19T14:46:30","date_gmt":"2021-04-19T12:46:30","guid":{"rendered":"http:\/\/przedszkole150.edu.wroclaw.pl\/?page_id=54"},"modified":"2026-01-11T17:49:06","modified_gmt":"2026-01-11T16:49:06","slug":"logopedia","status":"publish","type":"page","link":"https:\/\/przedszkole150.edu.wroclaw.pl\/index.php\/grupy\/logopedia\/","title":{"rendered":"Logopedia"},"content":{"rendered":"<div class=\"wpb-content-wrapper\"><p>[vc_row][vc_column][vc_column_text css=&#8221;&#8221;]<\/p>\n<div>\n<div id=\"x_p1\">\n<p><span style=\"font-family: georgia, palatino;font-size: 14pt\">Celem zaj\u0119\u0107 logopedycznych jest stymulowanie rozwoju mowy, kszta\u0142towanie prawid\u0142owej mowy, zapobieganie wad wymowy, korekta wad wymowy, a tak\u017ce nauczanie mowy w przypadku jej braku lub utraty. Dzieci z wszystkich grup uczestnicz\u0105 w grupowych zaj\u0119ciach profilaktycznych.<\/span><\/p>\n<p>&nbsp;<\/p>\n<p><span style=\"font-family: georgia, palatino;font-size: 14pt\">Profilaktyka wad wymowy jest bardzo istotnym czynnikiem rozwoju mowy. Warto uczy\u0107\u00a0dzieci prawid\u0142owych nawyk\u00f3w, kt\u00f3re pomagaj\u0105 w zapobieganiu powstawania problem\u00f3w z\u00a0mow\u0105. Takie nawyki to mi\u0119dzy innymi:<\/span><\/p>\n<p><span style=\"font-family: georgia, palatino;font-size: 14pt\">\u2660 podawanie dziecku twardych pokarm\u00f3w &#8211; \u015bwie\u017ce warzywa (np. marchewki), orzechy,<\/span><\/p>\n<p><span style=\"font-family: georgia, palatino;font-size: 14pt\">\u2660 jak najwcze\u015bniejsze wyeliminowanie smoczk\u00f3w,<\/span><\/p>\n<p><span style=\"font-family: georgia, palatino;font-size: 14pt\">\u2660 ograniczenie bidon\u00f3w, butelek ze smoczkiem,<\/span><\/p>\n<p><span style=\"font-family: georgia, palatino;font-size: 14pt\">\u2660 czytanie dziecku ksi\u0105\u017cek&#8217;<\/span><\/p>\n<p><span style=\"font-family: georgia, palatino;font-size: 14pt\">\u2660 nawi\u0105zywanie dialogu.<\/span><\/p>\n<\/div>\n<\/div>\n<p><span style=\"color: #ffffff;font-family: georgia, palatino;font-size: 14pt\">.<\/span><\/p>\n<p><span style=\"color: #ffffff\">.<\/span><\/p>\n<p data-olk-copy-source=\"MessageBody\">Serdecznie zapraszam wszystkich rodzic\u00f3w do wsp\u00f3lnych \u0107wicze\u0144 logopedycznych z dzieckiem. Wystarczy 15 minut dziennie.<\/p>\n<p>W holu przedszkola dost\u0119pne s\u0105 propozycje \u0107wicze\u0144 w wersji papierowej.<\/p>\n<p>Karolina Zahorska<\/p>\n<p><a href=\"https:\/\/przedszkole150.edu.wroclaw.pl\/wp-content\/uploads\/sites\/61\/2026\/01\/Orange-Illustration-Classroom-Announcement-Poster-A3.pdf\">Orange Illustration Classroom Announcement Poster A3- link<\/a><\/p>\n<p><a href=\"https:\/\/przedszkole150.edu.wroclaw.pl\/wp-content\/uploads\/sites\/61\/2026\/01\/Pastel-Clouds-Classroom-Welcome-Poster-3.pdf\">Pastel Clouds Classroom Welcome Poster (3)- link<\/a><\/p>\n<p>&nbsp;<\/p>\n<p><span style=\"color: #ffffff;font-family: georgia, palatino;font-size: 14pt\"><img loading=\"lazy\" decoding=\"async\" class=\"alignnone size-medium wp-image-6540\" src=\"https:\/\/przedszkole150.edu.wroclaw.pl\/wp-content\/uploads\/sites\/61\/2024\/11\/oddychamy-4-210x300.png\" alt=\"\" width=\"210\" height=\"300\" srcset=\"https:\/\/przedszkole150.edu.wroclaw.pl\/wp-content\/uploads\/sites\/61\/2024\/11\/oddychamy-4-210x300.png 210w, https:\/\/przedszkole150.edu.wroclaw.pl\/wp-content\/uploads\/sites\/61\/2024\/11\/oddychamy-4.png 488w\" sizes=\"auto, (max-width: 210px) 100vw, 210px\" \/><img loading=\"lazy\" decoding=\"async\" class=\"alignnone size-medium wp-image-6541\" src=\"https:\/\/przedszkole150.edu.wroclaw.pl\/wp-content\/uploads\/sites\/61\/2024\/11\/oddychamy1-211x300.png\" alt=\"\" width=\"211\" height=\"300\" srcset=\"https:\/\/przedszkole150.edu.wroclaw.pl\/wp-content\/uploads\/sites\/61\/2024\/11\/oddychamy1-211x300.png 211w, https:\/\/przedszkole150.edu.wroclaw.pl\/wp-content\/uploads\/sites\/61\/2024\/11\/oddychamy1.png 487w\" sizes=\"auto, (max-width: 211px) 100vw, 211px\" \/><img loading=\"lazy\" decoding=\"async\" class=\"alignnone size-medium wp-image-6542\" src=\"https:\/\/przedszkole150.edu.wroclaw.pl\/wp-content\/uploads\/sites\/61\/2024\/11\/oddychamy2-211x300.png\" alt=\"\" width=\"211\" height=\"300\" srcset=\"https:\/\/przedszkole150.edu.wroclaw.pl\/wp-content\/uploads\/sites\/61\/2024\/11\/oddychamy2-211x300.png 211w, https:\/\/przedszkole150.edu.wroclaw.pl\/wp-content\/uploads\/sites\/61\/2024\/11\/oddychamy2.png 491w\" sizes=\"auto, (max-width: 211px) 100vw, 211px\" \/><img loading=\"lazy\" decoding=\"async\" class=\"alignnone size-medium wp-image-6543\" src=\"https:\/\/przedszkole150.edu.wroclaw.pl\/wp-content\/uploads\/sites\/61\/2024\/11\/oddychamy3-209x300.png\" alt=\"\" width=\"209\" height=\"300\" srcset=\"https:\/\/przedszkole150.edu.wroclaw.pl\/wp-content\/uploads\/sites\/61\/2024\/11\/oddychamy3-209x300.png 209w, https:\/\/przedszkole150.edu.wroclaw.pl\/wp-content\/uploads\/sites\/61\/2024\/11\/oddychamy3.png 488w\" sizes=\"auto, (max-width: 209px) 100vw, 209px\" \/>.<\/span><\/p>\n<div id=\"x_pc2\">\n<div id=\"x_p2\">\n<p><span style=\"font-family: georgia, palatino;font-size: 14pt\">W razie pyta\u0144 s\u0142u\u017c\u0119 pomoc\u0105<\/span><\/p>\n<p><span style=\"font-family: georgia, palatino;font-size: 14pt\">Karolina Zahorska\u00a0 &#8211; logopeda<\/span><\/p>\n<p><span style=\"color: black;font-family: georgia, palatino;font-size: 14pt\"><span id=\"divtagdefaultwrapper\"><span id=\"0.7538006192677638\" class=\"currentHitHighlight\">karzah<\/span>6020@edu.wroclaw.pl<\/span><\/span><\/p>\n<\/div>\n<\/div>\n<p>[\/vc_column_text][\/vc_column][\/vc_row]<\/p>\n<\/div>","protected":false},"excerpt":{"rendered":"<p>[vc_row][vc_column][vc_column_text css=&#8221;&#8221;] Celem zaj\u0119\u0107 logopedycznych jest stymulowanie rozwoju mowy, kszta\u0142towanie prawid\u0142owej mowy, zapobieganie wad wymowy, korekta wad wymowy, a tak\u017ce nauczanie mowy w przypadku jej braku lub utraty. Dzieci z [&hellip;]<\/p>\n","protected":false},"author":72,"featured_media":0,"parent":32,"menu_order":0,"comment_status":"closed","ping_status":"closed","template":"","meta":{"ngg_post_thumbnail":0,"footnotes":""},"class_list":["post-54","page","type-page","status-publish","hentry","clearfix"],"_links":{"self":[{"href":"https:\/\/przedszkole150.edu.wroclaw.pl\/index.php\/wp-json\/wp\/v2\/pages\/54","targetHints":{"allow":["GET"]}}],"collection":[{"href":"https:\/\/przedszkole150.edu.wroclaw.pl\/index.php\/wp-json\/wp\/v2\/pages"}],"about":[{"href":"https:\/\/przedszkole150.edu.wroclaw.pl\/index.php\/wp-json\/wp\/v2\/types\/page"}],"author":[{"embeddable":true,"href":"https:\/\/przedszkole150.edu.wroclaw.pl\/index.php\/wp-json\/wp\/v2\/users\/72"}],"replies":[{"embeddable":true,"href":"https:\/\/przedszkole150.edu.wroclaw.pl\/index.php\/wp-json\/wp\/v2\/comments?post=54"}],"version-history":[{"count":43,"href":"https:\/\/przedszkole150.edu.wroclaw.pl\/index.php\/wp-json\/wp\/v2\/pages\/54\/revisions"}],"predecessor-version":[{"id":8404,"href":"https:\/\/przedszkole150.edu.wroclaw.pl\/index.php\/wp-json\/wp\/v2\/pages\/54\/revisions\/8404"}],"up":[{"embeddable":true,"href":"https:\/\/przedszkole150.edu.wroclaw.pl\/index.php\/wp-json\/wp\/v2\/pages\/32"}],"wp:attachment":[{"href":"https:\/\/przedszkole150.edu.wroclaw.pl\/index.php\/wp-json\/wp\/v2\/media?parent=54"}],"curies":[{"name":"wp","href":"https:\/\/api.w.org\/{rel}","templated":true}]}}