
{"id":5500,"date":"2024-02-11T15:12:03","date_gmt":"2024-02-11T14:12:03","guid":{"rendered":"https:\/\/przedszkole150.edu.wroclaw.pl\/?page_id=5500"},"modified":"2024-02-11T15:12:03","modified_gmt":"2024-02-11T14:12:03","slug":"w-karnawale-wielkie-bale","status":"publish","type":"page","link":"https:\/\/przedszkole150.edu.wroclaw.pl\/index.php\/w-karnawale-wielkie-bale\/","title":{"rendered":"W karnawale wielkie bale"},"content":{"rendered":"<div class=\"wpb-content-wrapper\"><p>[vc_row][vc_column][vc_column_text]<span style=\"font-family: times new roman, times;font-size: 14pt\">Dn. 07.02.20124r. w naszym przedszkolu odby\u0142 si\u0119 bal karnawa\u0142owy. W przedszkolnych salach zaroi\u0142o si\u0119 od kolorowych postaci. Dzieci doskonale bawi\u0142y si\u0119 przy d\u017awi\u0119kach dzieci\u0119cych przeboj\u00f3w. W grupie 7 nie zabrak\u0142o pi\u0119knych ksi\u0119\u017cniczek, policjant\u00f3w, superbohater\u00f3w i innych bohater\u00f3w bajek. Taneczne szale\u0144stwo przynios\u0142o dzieciom wiele rado\u015bci.\u00a0 <\/span>[\/vc_column_text][vc_gallery type=&#8221;image_grid&#8221; images=&#8221;5501,5502,5503,5504,5505,5506,5507&#8243;][\/vc_column][\/vc_row]<\/p>\n<\/div>","protected":false},"excerpt":{"rendered":"<p>[vc_row][vc_column][vc_column_text]Dn. 07.02.20124r. w naszym przedszkolu odby\u0142 si\u0119 bal karnawa\u0142owy. W przedszkolnych salach zaroi\u0142o si\u0119 od kolorowych postaci. Dzieci doskonale bawi\u0142y si\u0119 przy d\u017awi\u0119kach dzieci\u0119cych przeboj\u00f3w. W grupie 7 nie zabrak\u0142o [&hellip;]<\/p>\n","protected":false},"author":200,"featured_media":0,"parent":0,"menu_order":0,"comment_status":"closed","ping_status":"closed","template":"","meta":{"ngg_post_thumbnail":0,"footnotes":""},"class_list":["post-5500","page","type-page","status-publish","hentry","clearfix"],"_links":{"self":[{"href":"https:\/\/przedszkole150.edu.wroclaw.pl\/index.php\/wp-json\/wp\/v2\/pages\/5500","targetHints":{"allow":["GET"]}}],"collection":[{"href":"https:\/\/przedszkole150.edu.wroclaw.pl\/index.php\/wp-json\/wp\/v2\/pages"}],"about":[{"href":"https:\/\/przedszkole150.edu.wroclaw.pl\/index.php\/wp-json\/wp\/v2\/types\/page"}],"author":[{"embeddable":true,"href":"https:\/\/przedszkole150.edu.wroclaw.pl\/index.php\/wp-json\/wp\/v2\/users\/200"}],"replies":[{"embeddable":true,"href":"https:\/\/przedszkole150.edu.wroclaw.pl\/index.php\/wp-json\/wp\/v2\/comments?post=5500"}],"version-history":[{"count":1,"href":"https:\/\/przedszkole150.edu.wroclaw.pl\/index.php\/wp-json\/wp\/v2\/pages\/5500\/revisions"}],"predecessor-version":[{"id":5508,"href":"https:\/\/przedszkole150.edu.wroclaw.pl\/index.php\/wp-json\/wp\/v2\/pages\/5500\/revisions\/5508"}],"wp:attachment":[{"href":"https:\/\/przedszkole150.edu.wroclaw.pl\/index.php\/wp-json\/wp\/v2\/media?parent=5500"}],"curies":[{"name":"wp","href":"https:\/\/api.w.org\/{rel}","templated":true}]}}