
{"id":5528,"date":"2024-02-18T19:42:34","date_gmt":"2024-02-18T18:42:34","guid":{"rendered":"https:\/\/przedszkole150.edu.wroclaw.pl\/?page_id=5528"},"modified":"2024-02-18T19:42:34","modified_gmt":"2024-02-18T18:42:34","slug":"piotrus-pan","status":"publish","type":"page","link":"https:\/\/przedszkole150.edu.wroclaw.pl\/index.php\/piotrus-pan\/","title":{"rendered":"&#8222;Piotru\u015b Pan&#8221;"},"content":{"rendered":"<div class=\"wpb-content-wrapper\"><p>[vc_row][vc_column][vc_column_text]dnia 02.02.2024 roku dzieci z gr. V uda\u0142y si\u0119 do Wroc\u0142awskiego Klubu &#8222;anima na przedstawienie teatralne pt. &#8222;Piotru\u015b Pan&#8221;.<\/p>\n<p>Po sko\u0144czonym spektaklu, dzieci rysowa\u0142y swoje ulubione scenki z przedstawienia.<\/p>\n<p>[\/vc_column_text][vc_gallery type=&#8221;image_grid&#8221; images=&#8221;5529,5530,5531,5532&#8243;][\/vc_column][\/vc_row]<\/p>\n<\/div>","protected":false},"excerpt":{"rendered":"<p>[vc_row][vc_column][vc_column_text]dnia 02.02.2024 roku dzieci z gr. V uda\u0142y si\u0119 do Wroc\u0142awskiego Klubu &#8222;anima na przedstawienie teatralne pt. &#8222;Piotru\u015b Pan&#8221;. Po sko\u0144czonym spektaklu, dzieci rysowa\u0142y swoje ulubione scenki z przedstawienia. [\/vc_column_text][vc_gallery [&hellip;]<\/p>\n","protected":false},"author":264,"featured_media":0,"parent":0,"menu_order":0,"comment_status":"closed","ping_status":"closed","template":"","meta":{"ngg_post_thumbnail":0,"footnotes":""},"class_list":["post-5528","page","type-page","status-publish","hentry","clearfix"],"_links":{"self":[{"href":"https:\/\/przedszkole150.edu.wroclaw.pl\/index.php\/wp-json\/wp\/v2\/pages\/5528","targetHints":{"allow":["GET"]}}],"collection":[{"href":"https:\/\/przedszkole150.edu.wroclaw.pl\/index.php\/wp-json\/wp\/v2\/pages"}],"about":[{"href":"https:\/\/przedszkole150.edu.wroclaw.pl\/index.php\/wp-json\/wp\/v2\/types\/page"}],"author":[{"embeddable":true,"href":"https:\/\/przedszkole150.edu.wroclaw.pl\/index.php\/wp-json\/wp\/v2\/users\/264"}],"replies":[{"embeddable":true,"href":"https:\/\/przedszkole150.edu.wroclaw.pl\/index.php\/wp-json\/wp\/v2\/comments?post=5528"}],"version-history":[{"count":1,"href":"https:\/\/przedszkole150.edu.wroclaw.pl\/index.php\/wp-json\/wp\/v2\/pages\/5528\/revisions"}],"predecessor-version":[{"id":5533,"href":"https:\/\/przedszkole150.edu.wroclaw.pl\/index.php\/wp-json\/wp\/v2\/pages\/5528\/revisions\/5533"}],"wp:attachment":[{"href":"https:\/\/przedszkole150.edu.wroclaw.pl\/index.php\/wp-json\/wp\/v2\/media?parent=5528"}],"curies":[{"name":"wp","href":"https:\/\/api.w.org\/{rel}","templated":true}]}}