
{"id":5556,"date":"2024-02-26T18:56:33","date_gmt":"2024-02-26T17:56:33","guid":{"rendered":"https:\/\/przedszkole150.edu.wroclaw.pl\/?page_id=5556"},"modified":"2024-02-26T18:56:33","modified_gmt":"2024-02-26T17:56:33","slug":"poznajemy-kraje-europejskie-wlochy","status":"publish","type":"page","link":"https:\/\/przedszkole150.edu.wroclaw.pl\/index.php\/poznajemy-kraje-europejskie-wlochy\/","title":{"rendered":"Poznajemy kraje europejskie &#8211; W\u0142ochy"},"content":{"rendered":"<div class=\"wpb-content-wrapper\"><p>[vc_row][vc_column][vc_column_text]<span style=\"font-family: times new roman, times;font-size: 14pt\">W ramach projektu &#8222;Poznajemy kraje europejskie&#8221; nasze przedszkolaki przenios\u0142y si\u0119 do s\u0142onecznej Italii. Podczas zorganizowanego w naszej plac\u00f3wce tygodnia w\u0142oskiego, dzieci mog\u0142y pozna\u0107 kultur\u0119, sztuk\u0119 oraz zabytki tego niezwyk\u0142ego kraju. Przewodnikiem w tej fascynuj\u0105cej podr\u00f3\u017cy by\u0142 nie, kto inny jak Pinokio \u2013 bohater znanej bajki w\u0142oskiego autora.\u00a0 Dzieci ch\u0119tnie uczestniczy\u0142y\u00a0 we wszystkich zaproponowanych zabawach. Ca\u0142y tydzie\u0144 towarzyszy\u0142y nam d\u017awi\u0119ki w\u0142oskich melodii a przedszkolaki z ogromnym zaanga\u017cowaniem\u00a0 utrwala\u0142y piosenki \u00a0w j\u0119zyku w\u0142oskim. Du\u017c\u0105 rado\u015b\u0107 sprawi\u0142o nam grupowe wykonanie w\u0142oskiego ta\u0144ca \u201d Tarantella\u201d. Nasza przedszkolna kuchnia serwowa\u0142a pyszne i aromatyczne w\u0142oskie przysmaki.\u00a0 <\/span>[\/vc_column_text][vc_gallery type=&#8221;image_grid&#8221; images=&#8221;5557,5558,5559,5560,5561,5562,5563,5564,5565,5566,5567,5568,5569,5570,5571,5572,5573,5574,5575,5576,5577,5578,5579,5580,5581,5582,5583,5584,5585&#8243;][\/vc_column][\/vc_row]<\/p>\n<\/div>","protected":false},"excerpt":{"rendered":"<p>[vc_row][vc_column][vc_column_text]W ramach projektu &#8222;Poznajemy kraje europejskie&#8221; nasze przedszkolaki przenios\u0142y si\u0119 do s\u0142onecznej Italii. Podczas zorganizowanego w naszej plac\u00f3wce tygodnia w\u0142oskiego, dzieci mog\u0142y pozna\u0107 kultur\u0119, sztuk\u0119 oraz zabytki tego niezwyk\u0142ego kraju. [&hellip;]<\/p>\n","protected":false},"author":200,"featured_media":0,"parent":0,"menu_order":0,"comment_status":"closed","ping_status":"closed","template":"","meta":{"ngg_post_thumbnail":0,"footnotes":""},"class_list":["post-5556","page","type-page","status-publish","hentry","clearfix"],"_links":{"self":[{"href":"https:\/\/przedszkole150.edu.wroclaw.pl\/index.php\/wp-json\/wp\/v2\/pages\/5556","targetHints":{"allow":["GET"]}}],"collection":[{"href":"https:\/\/przedszkole150.edu.wroclaw.pl\/index.php\/wp-json\/wp\/v2\/pages"}],"about":[{"href":"https:\/\/przedszkole150.edu.wroclaw.pl\/index.php\/wp-json\/wp\/v2\/types\/page"}],"author":[{"embeddable":true,"href":"https:\/\/przedszkole150.edu.wroclaw.pl\/index.php\/wp-json\/wp\/v2\/users\/200"}],"replies":[{"embeddable":true,"href":"https:\/\/przedszkole150.edu.wroclaw.pl\/index.php\/wp-json\/wp\/v2\/comments?post=5556"}],"version-history":[{"count":1,"href":"https:\/\/przedszkole150.edu.wroclaw.pl\/index.php\/wp-json\/wp\/v2\/pages\/5556\/revisions"}],"predecessor-version":[{"id":5586,"href":"https:\/\/przedszkole150.edu.wroclaw.pl\/index.php\/wp-json\/wp\/v2\/pages\/5556\/revisions\/5586"}],"wp:attachment":[{"href":"https:\/\/przedszkole150.edu.wroclaw.pl\/index.php\/wp-json\/wp\/v2\/media?parent=5556"}],"curies":[{"name":"wp","href":"https:\/\/api.w.org\/{rel}","templated":true}]}}