
{"id":5640,"date":"2024-03-13T20:02:28","date_gmt":"2024-03-13T19:02:28","guid":{"rendered":"https:\/\/przedszkole150.edu.wroclaw.pl\/?page_id=5640"},"modified":"2024-03-13T20:13:21","modified_gmt":"2024-03-13T19:13:21","slug":"kosmiczne-eksperymenty","status":"publish","type":"page","link":"https:\/\/przedszkole150.edu.wroclaw.pl\/index.php\/kosmiczne-eksperymenty\/","title":{"rendered":"Kosmiczne eksperymenty"},"content":{"rendered":"<div class=\"wpb-content-wrapper\"><p>[vc_row][vc_column][vc_column_text]<span style=\"font-family: times new roman, times;font-size: 14pt\">Omawiaj\u0105c tematyk\u0119 zwi\u0105zan\u0105 z kosmosem, dzieci z grupy VII wykona\u0142y bardzo ciekawy eksperyment. Do wykonania &#8222;Kosmosu w s\u0142oiku&#8221;\u00a0 potrzebna by\u0142a wata, barwniki, kolorowy brokat oraz woda. Wsp\u00f3lnie obserwowali\u015bmy proces mieszania si\u0119 kolor\u00f3w\u00a0 i przenikania barw. Dla dzieci by\u0142o to nie tylko interesuj\u0105ce do\u015bwiadczenie badawcze, ale i doskona\u0142a forma zabawy sensorycznej. <\/span>[\/vc_column_text][vc_gallery type=&#8221;image_grid&#8221; images=&#8221;5644,5645,5646,5647,5643,5642&#8243;][\/vc_column][\/vc_row]<\/p>\n<\/div>","protected":false},"excerpt":{"rendered":"<p>[vc_row][vc_column][vc_column_text]Omawiaj\u0105c tematyk\u0119 zwi\u0105zan\u0105 z kosmosem, dzieci z grupy VII wykona\u0142y bardzo ciekawy eksperyment. Do wykonania &#8222;Kosmosu w s\u0142oiku&#8221;\u00a0 potrzebna by\u0142a wata, barwniki, kolorowy brokat oraz woda. Wsp\u00f3lnie obserwowali\u015bmy proces mieszania [&hellip;]<\/p>\n","protected":false},"author":200,"featured_media":0,"parent":0,"menu_order":0,"comment_status":"closed","ping_status":"closed","template":"","meta":{"ngg_post_thumbnail":0,"footnotes":""},"class_list":["post-5640","page","type-page","status-publish","hentry","clearfix"],"_links":{"self":[{"href":"https:\/\/przedszkole150.edu.wroclaw.pl\/index.php\/wp-json\/wp\/v2\/pages\/5640","targetHints":{"allow":["GET"]}}],"collection":[{"href":"https:\/\/przedszkole150.edu.wroclaw.pl\/index.php\/wp-json\/wp\/v2\/pages"}],"about":[{"href":"https:\/\/przedszkole150.edu.wroclaw.pl\/index.php\/wp-json\/wp\/v2\/types\/page"}],"author":[{"embeddable":true,"href":"https:\/\/przedszkole150.edu.wroclaw.pl\/index.php\/wp-json\/wp\/v2\/users\/200"}],"replies":[{"embeddable":true,"href":"https:\/\/przedszkole150.edu.wroclaw.pl\/index.php\/wp-json\/wp\/v2\/comments?post=5640"}],"version-history":[{"count":6,"href":"https:\/\/przedszkole150.edu.wroclaw.pl\/index.php\/wp-json\/wp\/v2\/pages\/5640\/revisions"}],"predecessor-version":[{"id":5653,"href":"https:\/\/przedszkole150.edu.wroclaw.pl\/index.php\/wp-json\/wp\/v2\/pages\/5640\/revisions\/5653"}],"wp:attachment":[{"href":"https:\/\/przedszkole150.edu.wroclaw.pl\/index.php\/wp-json\/wp\/v2\/media?parent=5640"}],"curies":[{"name":"wp","href":"https:\/\/api.w.org\/{rel}","templated":true}]}}