
{"id":5656,"date":"2024-03-20T18:21:52","date_gmt":"2024-03-20T17:21:52","guid":{"rendered":"https:\/\/przedszkole150.edu.wroclaw.pl\/?page_id=5656"},"modified":"2024-03-20T18:21:52","modified_gmt":"2024-03-20T17:21:52","slug":"zabawy-badawcze-i-eksperymenty","status":"publish","type":"page","link":"https:\/\/przedszkole150.edu.wroclaw.pl\/index.php\/zabawy-badawcze-i-eksperymenty\/","title":{"rendered":"Zabawy badawcze i eksperymenty"},"content":{"rendered":"<div class=\"wpb-content-wrapper\"><p>[vc_row][vc_column][vc_column_text]<span style=\"font-family: times new roman, times;font-size: 14pt\">Jak co pi\u0105tek dzieci z gr. VII zamieni\u0142y si\u0119 w ma\u0142ych badaczy. Tym razem dzieci wykona\u0142y eksperymenty:\u00a0 <span style=\"color: #0000ff\">&#8222;Deszcz w s\u0142oiku&#8221;<\/span>, <span style=\"color: #ff6600\">&#8222;Kolorow\u0105 pian\u0119&#8221;<\/span> oraz <span style=\"color: #008000\">&#8222;W\u0119druj\u0105ce kolory&#8221;<\/span>. Te proste, ale jak\u017ce widowiskowe do\u015bwiadczenia s\u0105 nie tylko wspania\u0142\u0105 zabaw\u0105, lecz tak\u017ce doskona\u0142\u0105 okazj\u0105 do zg\u0142\u0119biania tajnik\u00f3w wiedzy. <\/span>[\/vc_column_text][vc_gallery type=&#8221;image_grid&#8221; images=&#8221;5657,5658,5659,5660,5661,5662,5663,5664,5665&#8243;][\/vc_column][\/vc_row]<\/p>\n<\/div>","protected":false},"excerpt":{"rendered":"<p>[vc_row][vc_column][vc_column_text]Jak co pi\u0105tek dzieci z gr. VII zamieni\u0142y si\u0119 w ma\u0142ych badaczy. Tym razem dzieci wykona\u0142y eksperymenty:\u00a0 &#8222;Deszcz w s\u0142oiku&#8221;, &#8222;Kolorow\u0105 pian\u0119&#8221; oraz &#8222;W\u0119druj\u0105ce kolory&#8221;. Te proste, ale jak\u017ce widowiskowe [&hellip;]<\/p>\n","protected":false},"author":200,"featured_media":0,"parent":0,"menu_order":0,"comment_status":"closed","ping_status":"closed","template":"","meta":{"ngg_post_thumbnail":0,"footnotes":""},"class_list":["post-5656","page","type-page","status-publish","hentry","clearfix"],"_links":{"self":[{"href":"https:\/\/przedszkole150.edu.wroclaw.pl\/index.php\/wp-json\/wp\/v2\/pages\/5656","targetHints":{"allow":["GET"]}}],"collection":[{"href":"https:\/\/przedszkole150.edu.wroclaw.pl\/index.php\/wp-json\/wp\/v2\/pages"}],"about":[{"href":"https:\/\/przedszkole150.edu.wroclaw.pl\/index.php\/wp-json\/wp\/v2\/types\/page"}],"author":[{"embeddable":true,"href":"https:\/\/przedszkole150.edu.wroclaw.pl\/index.php\/wp-json\/wp\/v2\/users\/200"}],"replies":[{"embeddable":true,"href":"https:\/\/przedszkole150.edu.wroclaw.pl\/index.php\/wp-json\/wp\/v2\/comments?post=5656"}],"version-history":[{"count":1,"href":"https:\/\/przedszkole150.edu.wroclaw.pl\/index.php\/wp-json\/wp\/v2\/pages\/5656\/revisions"}],"predecessor-version":[{"id":5666,"href":"https:\/\/przedszkole150.edu.wroclaw.pl\/index.php\/wp-json\/wp\/v2\/pages\/5656\/revisions\/5666"}],"wp:attachment":[{"href":"https:\/\/przedszkole150.edu.wroclaw.pl\/index.php\/wp-json\/wp\/v2\/media?parent=5656"}],"curies":[{"name":"wp","href":"https:\/\/api.w.org\/{rel}","templated":true}]}}