
{"id":5669,"date":"2024-03-20T19:01:46","date_gmt":"2024-03-20T18:01:46","guid":{"rendered":"https:\/\/przedszkole150.edu.wroclaw.pl\/?page_id=5669"},"modified":"2024-03-20T19:01:46","modified_gmt":"2024-03-20T18:01:46","slug":"poznajemy-kraje-europejskie-francja","status":"publish","type":"page","link":"https:\/\/przedszkole150.edu.wroclaw.pl\/index.php\/poznajemy-kraje-europejskie-francja\/","title":{"rendered":"Poznajemy kraje europejskie &#8211; Francja"},"content":{"rendered":"<div class=\"wpb-content-wrapper\"><p>[vc_row][vc_column][vc_column_text]W ramach projektu &#8222;Poznajemy kraje europejskie&#8221; dzieci poznawa\u0142y kultur\u0119, sztuk\u0119, zabytki oraz obyczaje kolejnego pa\u0144stwa europejskiego, Francji. Na zako\u0144czenie tygodnia francuskiego przedszkolaki obejrza\u0142y przedstawienie przygotowane przez nauczycielki pt. &#8222;Czerwony Kapturek&#8221;.<\/p>\n<p>[\/vc_column_text][vc_gallery type=&#8221;image_grid&#8221; images=&#8221;5672,5673,5674,5675,5676,5677,5678&#8243;][\/vc_column][\/vc_row]<\/p>\n<\/div>","protected":false},"excerpt":{"rendered":"<p>[vc_row][vc_column][vc_column_text]W ramach projektu &#8222;Poznajemy kraje europejskie&#8221; dzieci poznawa\u0142y kultur\u0119, sztuk\u0119, zabytki oraz obyczaje kolejnego pa\u0144stwa europejskiego, Francji. Na zako\u0144czenie tygodnia francuskiego przedszkolaki obejrza\u0142y przedstawienie przygotowane przez nauczycielki pt. &#8222;Czerwony Kapturek&#8221;. [&hellip;]<\/p>\n","protected":false},"author":200,"featured_media":0,"parent":0,"menu_order":0,"comment_status":"closed","ping_status":"closed","template":"","meta":{"ngg_post_thumbnail":0,"footnotes":""},"class_list":["post-5669","page","type-page","status-publish","hentry","clearfix"],"_links":{"self":[{"href":"https:\/\/przedszkole150.edu.wroclaw.pl\/index.php\/wp-json\/wp\/v2\/pages\/5669","targetHints":{"allow":["GET"]}}],"collection":[{"href":"https:\/\/przedszkole150.edu.wroclaw.pl\/index.php\/wp-json\/wp\/v2\/pages"}],"about":[{"href":"https:\/\/przedszkole150.edu.wroclaw.pl\/index.php\/wp-json\/wp\/v2\/types\/page"}],"author":[{"embeddable":true,"href":"https:\/\/przedszkole150.edu.wroclaw.pl\/index.php\/wp-json\/wp\/v2\/users\/200"}],"replies":[{"embeddable":true,"href":"https:\/\/przedszkole150.edu.wroclaw.pl\/index.php\/wp-json\/wp\/v2\/comments?post=5669"}],"version-history":[{"count":1,"href":"https:\/\/przedszkole150.edu.wroclaw.pl\/index.php\/wp-json\/wp\/v2\/pages\/5669\/revisions"}],"predecessor-version":[{"id":5679,"href":"https:\/\/przedszkole150.edu.wroclaw.pl\/index.php\/wp-json\/wp\/v2\/pages\/5669\/revisions\/5679"}],"wp:attachment":[{"href":"https:\/\/przedszkole150.edu.wroclaw.pl\/index.php\/wp-json\/wp\/v2\/media?parent=5669"}],"curies":[{"name":"wp","href":"https:\/\/api.w.org\/{rel}","templated":true}]}}