
{"id":5683,"date":"2024-03-21T11:41:35","date_gmt":"2024-03-21T10:41:35","guid":{"rendered":"https:\/\/przedszkole150.edu.wroclaw.pl\/?page_id=5683"},"modified":"2024-03-21T11:52:30","modified_gmt":"2024-03-21T10:52:30","slug":"konkurs-wielkanocny-pisanka","status":"publish","type":"page","link":"https:\/\/przedszkole150.edu.wroclaw.pl\/index.php\/konkurs-wielkanocny-pisanka\/","title":{"rendered":"KONKURS WIELKANOCNY &#8222;PISANKA&#8221;"},"content":{"rendered":"<div class=\"wpb-content-wrapper\"><p>[vc_row][vc_column][vc_column_text]<\/p>\n<div class=\"wpb_text_column wpb_content_element \">\n<div class=\"wpb_wrapper\">\n<p><span style=\"font-family: times new roman, times;font-size: 14pt\">Krystian \u017b. z gr. I wzi\u0105\u0142 udzia\u0142 w Og\u00f3lnopolskim Konkursie Plastycznym pt. \u201ePisanki\u201d.<\/span><\/p>\n<p><span style=\"font-family: times new roman, times;font-size: 14pt\">Cele konkursu:<\/span><\/p>\n<p><span style=\"font-family: times new roman, times;font-size: 14pt\">&#8211; popularyzacja literatury;<\/span><\/p>\n<\/div>\n<div class=\"wpb_wrapper\"><span style=\"font-family: times new roman, times;font-size: 14pt\">&#8211; kultywowanie tradycji Wielkanocnych;<\/span><\/div>\n<div class=\"wpb_wrapper\"><span style=\"font-family: times new roman, times;font-size: 14pt\">&#8211; rozwijanie i kszta\u0142towanie wyobra\u017ani plastycznej dzieci;<\/span><\/div>\n<div class=\"wpb_wrapper\"><span style=\"font-family: times new roman, times;font-size: 14pt\">&#8211; wykazanie si\u0119 kreatywno\u015bci\u0105 i zmys\u0142em estetycznym;<\/span><\/div>\n<div class=\"wpb_wrapper\"><span style=\"font-family: times new roman, times;font-size: 14pt\">&#8211; rozwijanie sprawno\u015bci manualnej;<\/span><\/div>\n<div class=\"wpb_wrapper\"><span style=\"font-family: times new roman, times;font-size: 14pt\">&#8211; prezentacja i popularyzacja dzieci\u0119cej tw\u00f3rczo\u015bci plastycznej;<\/span><\/div>\n<div class=\"wpb_wrapper\"><span style=\"font-family: times new roman, times;font-size: 14pt\">&#8211; rozbudzanie zainteresowa\u0144 r\u00f3\u017cnymi formami plastycznymi;<\/span><\/div>\n<div class=\"wpb_wrapper\"><span style=\"font-family: times new roman, times;font-size: 14pt\">&#8211; zainteresowanie dzieci ksi\u0105\u017ck\u0105;<\/span><\/div>\n<div class=\"wpb_wrapper\"><span style=\"font-family: times new roman, times;font-size: 14pt\">&#8211; umiej\u0119tno\u015b\u0107 interpretowania tre\u015bci zawartych w literaturze.<\/span><\/div>\n<div><\/div>\n<div class=\"wpb_wrapper\"><span style=\"font-family: times new roman, times;font-size: 14pt\">Organizator: Przedszkole Miejskie Nr 174 w \u0141odzi.<\/span><\/div>\n<\/div>\n<div><\/div>\n<div class=\"wpb_text_column wpb_content_element \">\n<div class=\"wpb_wrapper\"><span style=\"font-family: times new roman, times;font-size: 14pt\">Rozstrzygni\u0119cie konkursu: 18.03.2024r.<\/span><\/div>\n<\/div>\n<div><\/div>\n<div class=\"wpb_text_column wpb_content_element \">\n<div class=\"wpb_wrapper\"><span style=\"font-family: times new roman, times;font-size: 14pt\">Dyplom udzia\u0142u otrzyma\u0142a r\u00f3wnie\u017c nauczycielka przygotowuj\u0105ca dziecko do konkursu.<\/span><\/div>\n<\/div>\n<p>[\/vc_column_text][vc_gallery type=&#8221;image_grid&#8221; images=&#8221;5684,5685&#8243;][\/vc_column][\/vc_row]<\/p>\n<\/div>","protected":false},"excerpt":{"rendered":"<p>[vc_row][vc_column][vc_column_text] Krystian \u017b. z gr. I wzi\u0105\u0142 udzia\u0142 w Og\u00f3lnopolskim Konkursie Plastycznym pt. \u201ePisanki\u201d. Cele konkursu: &#8211; popularyzacja literatury; &#8211; kultywowanie tradycji Wielkanocnych; &#8211; rozwijanie i kszta\u0142towanie wyobra\u017ani plastycznej dzieci; [&hellip;]<\/p>\n","protected":false},"author":211,"featured_media":0,"parent":0,"menu_order":0,"comment_status":"closed","ping_status":"closed","template":"","meta":{"ngg_post_thumbnail":0,"footnotes":""},"class_list":["post-5683","page","type-page","status-publish","hentry","clearfix"],"_links":{"self":[{"href":"https:\/\/przedszkole150.edu.wroclaw.pl\/index.php\/wp-json\/wp\/v2\/pages\/5683","targetHints":{"allow":["GET"]}}],"collection":[{"href":"https:\/\/przedszkole150.edu.wroclaw.pl\/index.php\/wp-json\/wp\/v2\/pages"}],"about":[{"href":"https:\/\/przedszkole150.edu.wroclaw.pl\/index.php\/wp-json\/wp\/v2\/types\/page"}],"author":[{"embeddable":true,"href":"https:\/\/przedszkole150.edu.wroclaw.pl\/index.php\/wp-json\/wp\/v2\/users\/211"}],"replies":[{"embeddable":true,"href":"https:\/\/przedszkole150.edu.wroclaw.pl\/index.php\/wp-json\/wp\/v2\/comments?post=5683"}],"version-history":[{"count":5,"href":"https:\/\/przedszkole150.edu.wroclaw.pl\/index.php\/wp-json\/wp\/v2\/pages\/5683\/revisions"}],"predecessor-version":[{"id":5692,"href":"https:\/\/przedszkole150.edu.wroclaw.pl\/index.php\/wp-json\/wp\/v2\/pages\/5683\/revisions\/5692"}],"wp:attachment":[{"href":"https:\/\/przedszkole150.edu.wroclaw.pl\/index.php\/wp-json\/wp\/v2\/media?parent=5683"}],"curies":[{"name":"wp","href":"https:\/\/api.w.org\/{rel}","templated":true}]}}