
{"id":5738,"date":"2024-04-04T19:08:06","date_gmt":"2024-04-04T17:08:06","guid":{"rendered":"https:\/\/przedszkole150.edu.wroclaw.pl\/?page_id=5738"},"modified":"2024-04-04T19:13:30","modified_gmt":"2024-04-04T17:13:30","slug":"konkurs-plastyczno-techniczny-re-re-kum-kum-zabko-kle-kle-bocku","status":"publish","type":"page","link":"https:\/\/przedszkole150.edu.wroclaw.pl\/index.php\/konkurs-plastyczno-techniczny-re-re-kum-kum-zabko-kle-kle-bocku\/","title":{"rendered":"KONKURS PLASTYCZNO &#8211; TECHNICZNY &#8222;RE RE KUM KUM, \u017bABKO, KLE KLE, BO\u0106KU!&#8221;"},"content":{"rendered":"<div class=\"wpb-content-wrapper\"><p>[vc_row][vc_column][vc_column_text]<\/p>\n<div class=\"wpb_text_column wpb_content_element \">\n<div class=\"wpb_wrapper\">\n<p><span style=\"font-family: times new roman, times;font-size: 14pt\">Iga T. z gr. I wzi\u0119\u0142a udzia\u0142 w Og\u00f3lnopolskim Konkursie Plastyczno &#8211; Technicznym pt. \u201eRe re kum kum, \u017cabko kle kle, bo\u0107ku!\u201d.<\/span><\/p>\n<p><span style=\"font-family: times new roman, times;font-size: 14pt\">Cele konkursu:<\/span><\/p>\n<p><span style=\"font-family: times new roman, times;font-size: 14pt\">&#8211; rozwijanie tw\u00f3rczej aktywno\u015bci plastycznej;<\/span><\/p>\n<\/div>\n<div><span style=\"font-family: times new roman, times;font-size: 14pt\">&#8211; rozbudzanie wyobra\u017ani oraz kreatywnego my\u015blenia;<\/span><\/div>\n<div><span style=\"font-family: times new roman, times;font-size: 14pt\">&#8211; propagowanie zdolno\u015bci plastycznych dzieci.<\/span><\/div>\n<div><\/div>\n<div class=\"wpb_wrapper\"><span style=\"font-family: times new roman, times;font-size: 14pt\">Organizator: Przedszkole Nr 19 w Mys\u0142owicach.<\/span><\/div>\n<\/div>\n<div><\/div>\n<div class=\"wpb_text_column wpb_content_element \">\n<div class=\"wpb_wrapper\"><span style=\"font-family: times new roman, times;font-size: 14pt\">Rozstrzygni\u0119cie konkursu: 19.03.2024r.<\/span><\/div>\n<\/div>\n<div><\/div>\n<div><span style=\"font-family: times new roman, times;font-size: 14pt\">Dyplom udzia\u0142u otrzyma\u0142a r\u00f3wnie\u017c nauczycielka przygotowuj\u0105ca dziecko do konkursu.<\/span><\/div>\n<div><\/div>\n<p>[\/vc_column_text][vc_gallery type=&#8221;image_grid&#8221; images=&#8221;5739,5740&#8243;][\/vc_column][\/vc_row]<\/p>\n<\/div>","protected":false},"excerpt":{"rendered":"<p>[vc_row][vc_column][vc_column_text] Iga T. z gr. I wzi\u0119\u0142a udzia\u0142 w Og\u00f3lnopolskim Konkursie Plastyczno &#8211; Technicznym pt. \u201eRe re kum kum, \u017cabko kle kle, bo\u0107ku!\u201d. Cele konkursu: &#8211; rozwijanie tw\u00f3rczej aktywno\u015bci plastycznej; [&hellip;]<\/p>\n","protected":false},"author":211,"featured_media":0,"parent":0,"menu_order":0,"comment_status":"closed","ping_status":"closed","template":"","meta":{"ngg_post_thumbnail":0,"footnotes":""},"class_list":["post-5738","page","type-page","status-publish","hentry","clearfix"],"_links":{"self":[{"href":"https:\/\/przedszkole150.edu.wroclaw.pl\/index.php\/wp-json\/wp\/v2\/pages\/5738","targetHints":{"allow":["GET"]}}],"collection":[{"href":"https:\/\/przedszkole150.edu.wroclaw.pl\/index.php\/wp-json\/wp\/v2\/pages"}],"about":[{"href":"https:\/\/przedszkole150.edu.wroclaw.pl\/index.php\/wp-json\/wp\/v2\/types\/page"}],"author":[{"embeddable":true,"href":"https:\/\/przedszkole150.edu.wroclaw.pl\/index.php\/wp-json\/wp\/v2\/users\/211"}],"replies":[{"embeddable":true,"href":"https:\/\/przedszkole150.edu.wroclaw.pl\/index.php\/wp-json\/wp\/v2\/comments?post=5738"}],"version-history":[{"count":3,"href":"https:\/\/przedszkole150.edu.wroclaw.pl\/index.php\/wp-json\/wp\/v2\/pages\/5738\/revisions"}],"predecessor-version":[{"id":5745,"href":"https:\/\/przedszkole150.edu.wroclaw.pl\/index.php\/wp-json\/wp\/v2\/pages\/5738\/revisions\/5745"}],"wp:attachment":[{"href":"https:\/\/przedszkole150.edu.wroclaw.pl\/index.php\/wp-json\/wp\/v2\/media?parent=5738"}],"curies":[{"name":"wp","href":"https:\/\/api.w.org\/{rel}","templated":true}]}}