
{"id":5760,"date":"2024-04-09T18:41:40","date_gmt":"2024-04-09T16:41:40","guid":{"rendered":"https:\/\/przedszkole150.edu.wroclaw.pl\/?page_id=5760"},"modified":"2024-04-09T18:41:40","modified_gmt":"2024-04-09T16:41:40","slug":"wielkanoc-w-przedszkolu","status":"publish","type":"page","link":"https:\/\/przedszkole150.edu.wroclaw.pl\/index.php\/wielkanoc-w-przedszkolu\/","title":{"rendered":"Wielkanoc w przedszkolu"},"content":{"rendered":"<div class=\"wpb-content-wrapper\"><p>[vc_row][vc_column][vc_column_text]Wielkanoc w przedszkolu to szczeg\u00f3lny czas. Przygotowywanie dekoracji sprawia dzieciom ogromn\u0105 rado\u015b\u0107. W przedszkolnych salach i na korytarzach zaroi\u0142o si\u0119 od kolorowych ozd\u00f3b i dekoracji. W tym wyj\u0105tkowym okresie dzieci poznawa\u0142y wielkanocne tradycje i obrz\u0119dy, a wsp\u00f3lna zabawa przynios\u0142a jak zwykle wiele rado\u015bci.[\/vc_column_text][vc_gallery type=&#8221;image_grid&#8221; images=&#8221;5762,5763,5764,5765,5766,5767,5768,5769&#8243;][\/vc_column][\/vc_row]<\/p>\n<\/div>","protected":false},"excerpt":{"rendered":"<p>[vc_row][vc_column][vc_column_text]Wielkanoc w przedszkolu to szczeg\u00f3lny czas. Przygotowywanie dekoracji sprawia dzieciom ogromn\u0105 rado\u015b\u0107. W przedszkolnych salach i na korytarzach zaroi\u0142o si\u0119 od kolorowych ozd\u00f3b i dekoracji. W tym wyj\u0105tkowym okresie dzieci [&hellip;]<\/p>\n","protected":false},"author":200,"featured_media":0,"parent":0,"menu_order":0,"comment_status":"closed","ping_status":"closed","template":"","meta":{"ngg_post_thumbnail":0,"footnotes":""},"class_list":["post-5760","page","type-page","status-publish","hentry","clearfix"],"_links":{"self":[{"href":"https:\/\/przedszkole150.edu.wroclaw.pl\/index.php\/wp-json\/wp\/v2\/pages\/5760","targetHints":{"allow":["GET"]}}],"collection":[{"href":"https:\/\/przedszkole150.edu.wroclaw.pl\/index.php\/wp-json\/wp\/v2\/pages"}],"about":[{"href":"https:\/\/przedszkole150.edu.wroclaw.pl\/index.php\/wp-json\/wp\/v2\/types\/page"}],"author":[{"embeddable":true,"href":"https:\/\/przedszkole150.edu.wroclaw.pl\/index.php\/wp-json\/wp\/v2\/users\/200"}],"replies":[{"embeddable":true,"href":"https:\/\/przedszkole150.edu.wroclaw.pl\/index.php\/wp-json\/wp\/v2\/comments?post=5760"}],"version-history":[{"count":1,"href":"https:\/\/przedszkole150.edu.wroclaw.pl\/index.php\/wp-json\/wp\/v2\/pages\/5760\/revisions"}],"predecessor-version":[{"id":5770,"href":"https:\/\/przedszkole150.edu.wroclaw.pl\/index.php\/wp-json\/wp\/v2\/pages\/5760\/revisions\/5770"}],"wp:attachment":[{"href":"https:\/\/przedszkole150.edu.wroclaw.pl\/index.php\/wp-json\/wp\/v2\/media?parent=5760"}],"curies":[{"name":"wp","href":"https:\/\/api.w.org\/{rel}","templated":true}]}}