
{"id":5791,"date":"2024-04-16T11:01:34","date_gmt":"2024-04-16T09:01:34","guid":{"rendered":"https:\/\/przedszkole150.edu.wroclaw.pl\/?page_id=5791"},"modified":"2024-04-17T15:48:51","modified_gmt":"2024-04-17T13:48:51","slug":"swiatowy-dzien-autyzmu-i-niebieskie-igrzyska-2024","status":"publish","type":"page","link":"https:\/\/przedszkole150.edu.wroclaw.pl\/index.php\/swiatowy-dzien-autyzmu-i-niebieskie-igrzyska-2024\/","title":{"rendered":"\u015awiatowy Dzie\u0144 \u015awiadomo\u015bci Autyzmu i Niebieskie Igrzyska 2024"},"content":{"rendered":"<div class=\"wpb-content-wrapper\"><p>[vc_row][vc_column][vc_column_text]<span class=\"x4k7w5x x1h91t0o x1h9r5lt x1jfb8zj xv2umb2 x1beo9mf xaigb6o x12ejxvf x3igimt xarpa2k xedcshv x1lytzrv x1t2pt76 x7ja8zs x1qrby5j\" style=\"font-family: times new roman, times;font-size: 14pt\"><span class=\"x193iq5w xeuugli x13faqbe x1vvkbs x1xmvt09 x1lliihq x1s928wv xhkezso x1gmr53x x1cpjm7i x1fgarty x1943h6x xudqn12 x3x7a5m x6prxxf xvq8zen xo1l8bm xzsf02u\" dir=\"auto\">Z okazji <span style=\"color: #0000ff\"><strong>\u015awiatowego Dnia \u015awiadomo\u015bci Autyzmu<\/strong><\/span>, kt\u00f3rego obchody przypadaj\u0105 <strong>2 kwietnia<\/strong>, nasze przedszkole realizowa\u0142o projekt dzia\u0142a\u0144 edukacyjnych <span style=\"color: #0000ff\"><strong>&#8222;Dzie\u0144 \u015awiadomo\u015bci Autyzmu,&#8221;<\/strong><\/span> oraz do\u0142\u0105czy\u0142o do og\u00f3lnopolskiej akcji <strong><span style=\"color: #0000ff\">Niebieskich Igrzysk 2024<\/span><\/strong>.<br \/>\n<\/span><\/span><\/p>\n<p><span class=\"x4k7w5x x1h91t0o x1h9r5lt x1jfb8zj xv2umb2 x1beo9mf xaigb6o x12ejxvf x3igimt xarpa2k xedcshv x1lytzrv x1t2pt76 x7ja8zs x1qrby5j\" style=\"font-family: times new roman, times;font-size: 14pt\"><span class=\"x193iq5w xeuugli x13faqbe x1vvkbs x1xmvt09 x1lliihq x1s928wv xhkezso x1gmr53x x1cpjm7i x1fgarty x1943h6x xudqn12 x3x7a5m x6prxxf xvq8zen xo1l8bm xzsf02u\" dir=\"auto\">Jest to wydarzenie o charakterze edukacyjnym i sportowo-integracyjnym, kt\u00f3rego celem jest pokazanie, \u017ce ka\u017cdy mo\u017ce by\u0107 sportowcem i ka\u017cdy ma szans\u0119 osi\u0105gn\u0105\u0107 sukces na miar\u0119 swoich mo\u017cliwo\u015bci. Akcja ma r\u00f3wnie\u017c na celu zwi\u0119kszenie wra\u017cliwo\u015bci i \u015bwiadomo\u015bci spo\u0142ecznej na temat autyzmu. <\/span><\/span><\/p>\n<p><span class=\"x4k7w5x x1h91t0o x1h9r5lt x1jfb8zj xv2umb2 x1beo9mf xaigb6o x12ejxvf x3igimt xarpa2k xedcshv x1lytzrv x1t2pt76 x7ja8zs x1qrby5j\" style=\"font-family: times new roman, times;font-size: 14pt\"><span class=\"x193iq5w xeuugli x13faqbe x1vvkbs x1xmvt09 x1lliihq x1s928wv xhkezso x1gmr53x x1cpjm7i x1fgarty x1943h6x xudqn12 x3x7a5m x6prxxf xvq8zen xo1l8bm xzsf02u\" dir=\"auto\">Zaj\u0119cia edukacyjne podnosz\u0105ce \u015bwiadomo\u015b\u0107 na temat autyzmu odby\u0142y si\u0119 w <strong>czwartek 11.04.2024r<\/strong>. natomiast impreza sportowa pn. <span style=\"color: #0000ff\">&#8222;Niebieskie Igrzyska&#8221;<\/span> zosta\u0142a przeprowadzona w <strong>pi\u0105tek<\/strong> <strong>12.04.2024r.<\/strong> <\/span><\/span><\/p>\n<p><span class=\"x4k7w5x x1h91t0o x1h9r5lt x1jfb8zj xv2umb2 x1beo9mf xaigb6o x12ejxvf x3igimt xarpa2k xedcshv x1lytzrv x1t2pt76 x7ja8zs x1qrby5j\" style=\"font-family: times new roman, times;font-size: 14pt\"><span class=\"x193iq5w xeuugli x13faqbe x1vvkbs x1xmvt09 x1lliihq x1s928wv xhkezso x1gmr53x x1cpjm7i x1fgarty x1943h6x xudqn12 x3x7a5m x6prxxf xvq8zen xo1l8bm xzsf02u\" dir=\"auto\">W tych dniach w naszym przedszkolu kr\u00f3lowa\u0142 <span style=\"color: #0000ff\">kolor niebieski,<\/span> zar\u00f3wno w\u015br\u00f3d naszych ubra\u0144, jak r\u00f3wnie\u017c dekoracji w salach oraz w holu przedszkola. <\/span><\/span><\/p>\n<p><span class=\"x4k7w5x x1h91t0o x1h9r5lt x1jfb8zj xv2umb2 x1beo9mf xaigb6o x12ejxvf x3igimt xarpa2k xedcshv x1lytzrv x1t2pt76 x7ja8zs x1qrby5j\" style=\"font-family: times new roman, times;font-size: 14pt\"><span class=\"x193iq5w xeuugli x13faqbe x1vvkbs x1xmvt09 x1lliihq x1s928wv xhkezso x1gmr53x x1cpjm7i x1fgarty x1943h6x xudqn12 x3x7a5m x6prxxf xvq8zen xo1l8bm xzsf02u\" dir=\"auto\">Podczas imprezy zorganizowali\u015bmy r\u00f3\u017cnorodne konkurencje sportowe, w kt\u00f3rych dzieci ze wszystkich grup mog\u0142y wykaza\u0107 si\u0119 sprawno\u015bci\u0105 fizyczn\u0105 oraz zdolno\u015bci\u0105 do podejmowania dzia\u0142a\u0144 w r\u00f3\u017cnych sytuacjach. By\u0142a to te\u017c doskona\u0142a okazja do uczenia si\u0119 wsp\u00f3\u0142pracy i pokonywania barier. Zabawa by\u0142a wspania\u0142a!<\/span><\/span>[\/vc_column_text][vc_gallery type=&#8221;image_grid&#8221; images=&#8221;5828,5827,5826,5825,5824,5820,5819,5818,5817,5816,5815,5814,5813,5812,5811,5810,5809,5808,5807,5806,5805,5804,5803,5802,5801,5800,5799,5798,5797,5796,5795,5794,5793,5792&#8243;][\/vc_column][\/vc_row]<\/p>\n<\/div>","protected":false},"excerpt":{"rendered":"<p>[vc_row][vc_column][vc_column_text]Z okazji \u015awiatowego Dnia \u015awiadomo\u015bci Autyzmu, kt\u00f3rego obchody przypadaj\u0105 2 kwietnia, nasze przedszkole realizowa\u0142o projekt dzia\u0142a\u0144 edukacyjnych &#8222;Dzie\u0144 \u015awiadomo\u015bci Autyzmu,&#8221; oraz do\u0142\u0105czy\u0142o do og\u00f3lnopolskiej akcji Niebieskich Igrzysk 2024. Jest to [&hellip;]<\/p>\n","protected":false},"author":200,"featured_media":0,"parent":0,"menu_order":0,"comment_status":"closed","ping_status":"closed","template":"","meta":{"ngg_post_thumbnail":0,"footnotes":""},"class_list":["post-5791","page","type-page","status-publish","hentry","clearfix"],"_links":{"self":[{"href":"https:\/\/przedszkole150.edu.wroclaw.pl\/index.php\/wp-json\/wp\/v2\/pages\/5791","targetHints":{"allow":["GET"]}}],"collection":[{"href":"https:\/\/przedszkole150.edu.wroclaw.pl\/index.php\/wp-json\/wp\/v2\/pages"}],"about":[{"href":"https:\/\/przedszkole150.edu.wroclaw.pl\/index.php\/wp-json\/wp\/v2\/types\/page"}],"author":[{"embeddable":true,"href":"https:\/\/przedszkole150.edu.wroclaw.pl\/index.php\/wp-json\/wp\/v2\/users\/200"}],"replies":[{"embeddable":true,"href":"https:\/\/przedszkole150.edu.wroclaw.pl\/index.php\/wp-json\/wp\/v2\/comments?post=5791"}],"version-history":[{"count":6,"href":"https:\/\/przedszkole150.edu.wroclaw.pl\/index.php\/wp-json\/wp\/v2\/pages\/5791\/revisions"}],"predecessor-version":[{"id":5832,"href":"https:\/\/przedszkole150.edu.wroclaw.pl\/index.php\/wp-json\/wp\/v2\/pages\/5791\/revisions\/5832"}],"wp:attachment":[{"href":"https:\/\/przedszkole150.edu.wroclaw.pl\/index.php\/wp-json\/wp\/v2\/media?parent=5791"}],"curies":[{"name":"wp","href":"https:\/\/api.w.org\/{rel}","templated":true}]}}