
{"id":5839,"date":"2024-04-25T14:31:52","date_gmt":"2024-04-25T12:31:52","guid":{"rendered":"https:\/\/przedszkole150.edu.wroclaw.pl\/?page_id=5839"},"modified":"2024-04-25T14:33:04","modified_gmt":"2024-04-25T12:33:04","slug":"konkurs-plastyczny-kolorowy-motyl","status":"publish","type":"page","link":"https:\/\/przedszkole150.edu.wroclaw.pl\/index.php\/konkurs-plastyczny-kolorowy-motyl\/","title":{"rendered":"KONKURS PLASTYCZNY &#8222;KOLOROWY MOTYL&#8221;"},"content":{"rendered":"<div class=\"wpb-content-wrapper\"><p>[vc_row][vc_column][vc_column_text]<\/p>\n<div class=\"wpb_text_column wpb_content_element \">\n<div class=\"wpb_wrapper\">\n<p><span style=\"font-family: times new roman, times;font-size: 14pt\">Maria P. z gr. I wzi\u0119\u0142a udzia\u0142 w Og\u00f3lnopolskim Konkursie Plastycznym pt. \u201eKolorowy motyl\u201d organizowanego z okazji Dnia Motyla, kt\u00f3ry obchodzony jest 14 marca.<\/span><\/p>\n<p><span style=\"font-family: times new roman, times;font-size: 14pt\">Cele konkursu:<\/span><\/p>\n<p><span style=\"font-family: times new roman, times;font-size: 14pt\">&#8211; inspirowanie dzieci do aktywno\u015bci tw\u00f3rczej;<\/span><\/p>\n<\/div>\n<div><span style=\"font-family: times new roman, times;font-size: 14pt\">&#8211; rozwijanie wra\u017cliwo\u015bci estetycznej, wyobra\u017ani i sprawno\u015bci manualnej;<\/span><\/div>\n<div><span style=\"font-family: times new roman, times;font-size: 14pt\">&#8211; promowanie uzdolnie\u0144 plastycznych.<\/span><\/div>\n<div><\/div>\n<div><\/div>\n<div class=\"wpb_wrapper\"><span style=\"font-family: times new roman, times;font-size: 14pt\">Organizator: Przedszkole Nr 11 w Mys\u0142owicach.<\/span><\/div>\n<\/div>\n<div><\/div>\n<div class=\"wpb_text_column wpb_content_element \">\n<div><\/div>\n<div class=\"wpb_wrapper\"><span style=\"font-family: times new roman, times;font-size: 14pt\">Rozstrzygni\u0119cie konkursu: 10.04.2024r.<\/span><\/div>\n<\/div>\n<p>[\/vc_column_text][vc_gallery type=&#8221;image_grid&#8221; images=&#8221;5842,5841&#8243;][\/vc_column][\/vc_row]<\/p>\n<\/div>","protected":false},"excerpt":{"rendered":"<p>[vc_row][vc_column][vc_column_text] Maria P. z gr. I wzi\u0119\u0142a udzia\u0142 w Og\u00f3lnopolskim Konkursie Plastycznym pt. \u201eKolorowy motyl\u201d organizowanego z okazji Dnia Motyla, kt\u00f3ry obchodzony jest 14 marca. Cele konkursu: &#8211; inspirowanie dzieci [&hellip;]<\/p>\n","protected":false},"author":211,"featured_media":0,"parent":0,"menu_order":0,"comment_status":"closed","ping_status":"closed","template":"","meta":{"ngg_post_thumbnail":0,"footnotes":""},"class_list":["post-5839","page","type-page","status-publish","hentry","clearfix"],"_links":{"self":[{"href":"https:\/\/przedszkole150.edu.wroclaw.pl\/index.php\/wp-json\/wp\/v2\/pages\/5839","targetHints":{"allow":["GET"]}}],"collection":[{"href":"https:\/\/przedszkole150.edu.wroclaw.pl\/index.php\/wp-json\/wp\/v2\/pages"}],"about":[{"href":"https:\/\/przedszkole150.edu.wroclaw.pl\/index.php\/wp-json\/wp\/v2\/types\/page"}],"author":[{"embeddable":true,"href":"https:\/\/przedszkole150.edu.wroclaw.pl\/index.php\/wp-json\/wp\/v2\/users\/211"}],"replies":[{"embeddable":true,"href":"https:\/\/przedszkole150.edu.wroclaw.pl\/index.php\/wp-json\/wp\/v2\/comments?post=5839"}],"version-history":[{"count":3,"href":"https:\/\/przedszkole150.edu.wroclaw.pl\/index.php\/wp-json\/wp\/v2\/pages\/5839\/revisions"}],"predecessor-version":[{"id":5844,"href":"https:\/\/przedszkole150.edu.wroclaw.pl\/index.php\/wp-json\/wp\/v2\/pages\/5839\/revisions\/5844"}],"wp:attachment":[{"href":"https:\/\/przedszkole150.edu.wroclaw.pl\/index.php\/wp-json\/wp\/v2\/media?parent=5839"}],"curies":[{"name":"wp","href":"https:\/\/api.w.org\/{rel}","templated":true}]}}