
{"id":5865,"date":"2024-05-08T19:59:16","date_gmt":"2024-05-08T17:59:16","guid":{"rendered":"https:\/\/przedszkole150.edu.wroclaw.pl\/?page_id=5865"},"modified":"2024-05-08T19:59:16","modified_gmt":"2024-05-08T17:59:16","slug":"kreatywne-zabawy-sensoryczne-woreczki-zelowe","status":"publish","type":"page","link":"https:\/\/przedszkole150.edu.wroclaw.pl\/index.php\/kreatywne-zabawy-sensoryczne-woreczki-zelowe\/","title":{"rendered":"Kreatywne zabawy &#8211; sensoryczne woreczki \u017celowe"},"content":{"rendered":"<div class=\"wpb-content-wrapper\"><p>[vc_row][vc_column][vc_column_text]<span style=\"font-family: times new roman, times;font-size: 14pt\">W tym tygodniu dzieci z grupy VII wykona\u0142y kolorowe woreczki sensoryczne.\u00a0 \u017belowe woreczki\u00a0 to doskona\u0142a zabawa do relaksacji, \u0107wiczenia motoryki ma\u0142ej, nauki kolor\u00f3w, stymulowania prawid\u0142owej postawy dziecka oraz pobudzania wielu zmys\u0142\u00f3w. Do ich wykonania u\u017cyli\u015bmy woreczk\u00f3w strunowych oraz r\u00f3\u017cnych sk\u0142adnik\u00f3w do ich wype\u0142nienia. Dzieci wype\u0142nia\u0142y woreczki \u017celem, kolorowym brokatem, cekinami oraz farbami. <\/span>[\/vc_column_text][vc_gallery type=&#8221;image_grid&#8221; images=&#8221;5874,5875,5873,5872,5871,5870,5869,5868,5867,5866&#8243;][\/vc_column][\/vc_row]<\/p>\n<\/div>","protected":false},"excerpt":{"rendered":"<p>[vc_row][vc_column][vc_column_text]W tym tygodniu dzieci z grupy VII wykona\u0142y kolorowe woreczki sensoryczne.\u00a0 \u017belowe woreczki\u00a0 to doskona\u0142a zabawa do relaksacji, \u0107wiczenia motoryki ma\u0142ej, nauki kolor\u00f3w, stymulowania prawid\u0142owej postawy dziecka oraz pobudzania wielu [&hellip;]<\/p>\n","protected":false},"author":200,"featured_media":0,"parent":0,"menu_order":0,"comment_status":"closed","ping_status":"closed","template":"","meta":{"ngg_post_thumbnail":0,"footnotes":""},"class_list":["post-5865","page","type-page","status-publish","hentry","clearfix"],"_links":{"self":[{"href":"https:\/\/przedszkole150.edu.wroclaw.pl\/index.php\/wp-json\/wp\/v2\/pages\/5865","targetHints":{"allow":["GET"]}}],"collection":[{"href":"https:\/\/przedszkole150.edu.wroclaw.pl\/index.php\/wp-json\/wp\/v2\/pages"}],"about":[{"href":"https:\/\/przedszkole150.edu.wroclaw.pl\/index.php\/wp-json\/wp\/v2\/types\/page"}],"author":[{"embeddable":true,"href":"https:\/\/przedszkole150.edu.wroclaw.pl\/index.php\/wp-json\/wp\/v2\/users\/200"}],"replies":[{"embeddable":true,"href":"https:\/\/przedszkole150.edu.wroclaw.pl\/index.php\/wp-json\/wp\/v2\/comments?post=5865"}],"version-history":[{"count":1,"href":"https:\/\/przedszkole150.edu.wroclaw.pl\/index.php\/wp-json\/wp\/v2\/pages\/5865\/revisions"}],"predecessor-version":[{"id":5876,"href":"https:\/\/przedszkole150.edu.wroclaw.pl\/index.php\/wp-json\/wp\/v2\/pages\/5865\/revisions\/5876"}],"wp:attachment":[{"href":"https:\/\/przedszkole150.edu.wroclaw.pl\/index.php\/wp-json\/wp\/v2\/media?parent=5865"}],"curies":[{"name":"wp","href":"https:\/\/api.w.org\/{rel}","templated":true}]}}