
{"id":5898,"date":"2024-05-20T08:19:31","date_gmt":"2024-05-20T06:19:31","guid":{"rendered":"https:\/\/przedszkole150.edu.wroclaw.pl\/?page_id=5898"},"modified":"2024-05-20T08:20:53","modified_gmt":"2024-05-20T06:20:53","slug":"giga-laurka-dla-straznikow-lasow-2024","status":"publish","type":"page","link":"https:\/\/przedszkole150.edu.wroclaw.pl\/index.php\/giga-laurka-dla-straznikow-lasow-2024\/","title":{"rendered":"GIGA LAURKA DLA STRA\u017bNIK\u00d3W LAS\u00d3W 2024"},"content":{"rendered":"<div class=\"wpb-content-wrapper\"><p>[vc_row][vc_column][vc_column_text]<\/p>\n<div>\n<p><span style=\"font-family: times new roman, times;font-size: 14pt\">Nasze Przedszkole otrzyma\u0142o Certyfikat udzia\u0142u w III edycji og\u00f3lnopolskiej akcji pn. \u201eLaurka dla Stra\u017cnik\u00f3w Las\u00f3w\u201d.\u00a0<\/span><\/p>\n<\/div>\n<div>\n<p><span style=\"font-family: times new roman, times;font-size: 14pt\">Certyfikat otrzyma\u0142y r\u00f3wnie\u017c grupy I i IV, kt\u00f3re przygotowywa\u0142y laurki dla Stra\u017cnik\u00f3w Las\u00f3w oraz nauczycielki K. Ciastek oraz K. Dubas, kt\u00f3re przygotowywa\u0142y dzieci do udzia\u0142u w akcji.\u00a0<\/span><\/p>\n<\/div>\n<div>\n<p><span style=\"font-family: times new roman, times;font-size: 14pt\">Akcja odby\u0142a si\u0119 w zwi\u0105zku z dniem Stra\u017cnik\u00f3w Las\u00f3w przypadaj\u0105cym na dzie\u0144 29 maja. Celem jest zwr\u00f3cenie uwagi wok\u00f3\u0142 problemu po\u017car\u00f3w le\u015bnych i podzi\u0119kowanie Stra\u017cnikom Las\u00f3w, czyli Stra\u017cakom i Le\u015bnikom, kt\u00f3rzy na co dzie\u0144 ochraniaj\u0105 lasy przed po\u017carami.<\/span><\/p>\n<\/div>\n<div>\n<p><span style=\"font-family: times new roman, times;font-size: 14pt\">W ramach akcji przygotowana zosta\u0142a wirtualna Giga interaktywna laurka, kt\u00f3ra sk\u0142ada\u0142a si\u0119 z laurek namalowanych przez przedszkolaki i dzieci m\u0142odszych klas szk\u00f3\u0142 podstawowych z ca\u0142ego kraju. Nasze Przedszkole reprezentowa\u0142y laurki, wykonane przez dzieci z gr. I oraz gr. IV.\u00a0<\/span><\/p>\n<\/div>\n<div>\n<p><span style=\"font-family: times new roman, times;font-size: 14pt\">W tym roku w akcji \u201eGIGA Laurka dla Stra\u017cnik\u00f3w Las\u00f3w\u201d wzi\u0119\u0142o udzia\u0142 <b>4052<\/b>\u00a0plac\u00f3wek edukacyjnych. Dzieci ze wszystkich plac\u00f3wek namalowa\u0142y \u0142\u0105cznie <b>31 250<\/b>\u00a0laurek.<\/span><\/p>\n<\/div>\n<div>\n<p><span style=\"font-family: times new roman, times;font-size: 14pt\">Organizatorem akcji by\u0142a Fabryka Aktywno\u015bci M\u0142odych w Gorzowie Wielkopolskim.\u00a0<\/span><\/p>\n<\/div>\n<div>\n<p><span style=\"font-family: times new roman, times;font-size: 14pt\">Koordynatorem akcji w naszym przedszkolu by\u0142a Katarzyna Ciastek.<\/span><\/p>\n<\/div>\n<p>[\/vc_column_text][vc_gallery type=&#8221;image_grid&#8221; images=&#8221;5899,5900,5901,5902,5903&#8243;][\/vc_column][\/vc_row]<\/p>\n<\/div>","protected":false},"excerpt":{"rendered":"<p>[vc_row][vc_column][vc_column_text] Nasze Przedszkole otrzyma\u0142o Certyfikat udzia\u0142u w III edycji og\u00f3lnopolskiej akcji pn. \u201eLaurka dla Stra\u017cnik\u00f3w Las\u00f3w\u201d.\u00a0 Certyfikat otrzyma\u0142y r\u00f3wnie\u017c grupy I i IV, kt\u00f3re przygotowywa\u0142y laurki dla Stra\u017cnik\u00f3w Las\u00f3w oraz [&hellip;]<\/p>\n","protected":false},"author":211,"featured_media":0,"parent":0,"menu_order":0,"comment_status":"closed","ping_status":"closed","template":"","meta":{"ngg_post_thumbnail":0,"footnotes":""},"class_list":["post-5898","page","type-page","status-publish","hentry","clearfix"],"_links":{"self":[{"href":"https:\/\/przedszkole150.edu.wroclaw.pl\/index.php\/wp-json\/wp\/v2\/pages\/5898","targetHints":{"allow":["GET"]}}],"collection":[{"href":"https:\/\/przedszkole150.edu.wroclaw.pl\/index.php\/wp-json\/wp\/v2\/pages"}],"about":[{"href":"https:\/\/przedszkole150.edu.wroclaw.pl\/index.php\/wp-json\/wp\/v2\/types\/page"}],"author":[{"embeddable":true,"href":"https:\/\/przedszkole150.edu.wroclaw.pl\/index.php\/wp-json\/wp\/v2\/users\/211"}],"replies":[{"embeddable":true,"href":"https:\/\/przedszkole150.edu.wroclaw.pl\/index.php\/wp-json\/wp\/v2\/comments?post=5898"}],"version-history":[{"count":1,"href":"https:\/\/przedszkole150.edu.wroclaw.pl\/index.php\/wp-json\/wp\/v2\/pages\/5898\/revisions"}],"predecessor-version":[{"id":5904,"href":"https:\/\/przedszkole150.edu.wroclaw.pl\/index.php\/wp-json\/wp\/v2\/pages\/5898\/revisions\/5904"}],"wp:attachment":[{"href":"https:\/\/przedszkole150.edu.wroclaw.pl\/index.php\/wp-json\/wp\/v2\/media?parent=5898"}],"curies":[{"name":"wp","href":"https:\/\/api.w.org\/{rel}","templated":true}]}}