
{"id":5935,"date":"2024-05-27T10:09:12","date_gmt":"2024-05-27T08:09:12","guid":{"rendered":"https:\/\/przedszkole150.edu.wroclaw.pl\/?page_id=5935"},"modified":"2024-05-28T08:05:01","modified_gmt":"2024-05-28T06:05:01","slug":"wycieczka-do-zagrody-agroturystycznej-zielona-dolina-w-krzeptowie","status":"publish","type":"page","link":"https:\/\/przedszkole150.edu.wroclaw.pl\/index.php\/wycieczka-do-zagrody-agroturystycznej-zielona-dolina-w-krzeptowie\/","title":{"rendered":"WYCIECZKA DO ZAGRODY AGROTURYSTYCZNEJ &#8222;ZIELONA DOLINA&#8221; W KRZEPTOWIE"},"content":{"rendered":"<div class=\"wpb-content-wrapper\"><p>[vc_row][vc_column][vc_column_text css=&#8221;&#8221;]<span style=\"font-family: times new roman, times;font-size: 14pt\">Dnia 24.05.2024r. dzieci z gr. I i II wzi\u0119\u0142y udzia\u0142 w wycieczce do Zagrody Agroturystycznej &#8222;Zielona Dolina&#8221; w Krzeptowie.<\/span><\/p>\n<p><span style=\"font-family: times new roman, times;font-size: 14pt\">Podczas wycieczki na dzieci czeka\u0142o wiele atrakcji:<\/span><\/p>\n<p><span style=\"font-family: times new roman, times;font-size: 14pt\">1. Zwiedzanie Gospodarstwa wraz z mo\u017cliwo\u015bci\u0105 karmienia zwierz\u0105t (kozy, owce, baranki, capki). S\u0142uchanie opowie\u015bci przewodnika o \u017cyciu zwierz\u0105tek \u00a0 \u00a0\u00a0\u00a0 \u00a0\u00a0 \u00a0 i obowi\u0105zkach Rolnika. <\/span><\/p>\n<p><span style=\"font-family: times new roman, times;font-size: 14pt\">2. Pasowanie na &#8222;Koziego Genera\u0142a&#8221; \u2013 nauka dojenia (sztucznej) kozy \u0141atki oraz s\u0142uchanie opowie\u015bci na temat przetwor\u00f3w z mleka koziego i ich w\u0142a\u015bciwo\u015bciach. <\/span><\/p>\n<div><span style=\"font-family: times new roman, times;font-size: 14pt\">3. Pasowanie na &#8222;Zielarza&#8221; \u2013 wyhodowanie w\u0142asnej ro\u015blinki (fasolki), kt\u00f3r\u0105 dzieci zabra\u0142y ze sob\u0105 do domu na pami\u0105tk\u0119.<\/span><\/div>\n<div><\/div>\n<div><\/div>\n<div><\/div>\n<div><span style=\"font-family: times new roman, times;font-size: 14pt\">4. Czas na wsp\u00f3lny posi\u0142ek.<\/span><\/div>\n<div><\/div>\n<div><\/div>\n<div><\/div>\n<div><span style=\"font-family: times new roman, times;font-size: 14pt\">5.\u00a0 Zabawy na \u015bwie\u017cym powietrzu na placu zabaw.<\/span><\/div>\n<div><\/div>\n<div><\/div>\n<div><\/div>\n<div><span style=\"font-size: 14pt;font-family: times new roman, times\">Dzieci pe\u0142ne wra\u017ce\u0144 i mi\u0142ych wspomnie\u0144 wr\u00f3ci\u0142y do przedszkola.<\/span><\/div>\n<p>[\/vc_column_text][vc_gallery type=&#8221;image_grid&#8221; images=&#8221;5936,5937,5938,5939,5940,5941,5942,5943,5944,5945,5946&#8243; css=&#8221;&#8221;][\/vc_column][\/vc_row]<\/p>\n<\/div>","protected":false},"excerpt":{"rendered":"<p>[vc_row][vc_column][vc_column_text css=&#8221;&#8221;]Dnia 24.05.2024r. dzieci z gr. I i II wzi\u0119\u0142y udzia\u0142 w wycieczce do Zagrody Agroturystycznej &#8222;Zielona Dolina&#8221; w Krzeptowie. Podczas wycieczki na dzieci czeka\u0142o wiele atrakcji: 1. Zwiedzanie Gospodarstwa [&hellip;]<\/p>\n","protected":false},"author":211,"featured_media":0,"parent":0,"menu_order":0,"comment_status":"closed","ping_status":"closed","template":"","meta":{"ngg_post_thumbnail":0,"footnotes":""},"class_list":["post-5935","page","type-page","status-publish","hentry","clearfix"],"_links":{"self":[{"href":"https:\/\/przedszkole150.edu.wroclaw.pl\/index.php\/wp-json\/wp\/v2\/pages\/5935","targetHints":{"allow":["GET"]}}],"collection":[{"href":"https:\/\/przedszkole150.edu.wroclaw.pl\/index.php\/wp-json\/wp\/v2\/pages"}],"about":[{"href":"https:\/\/przedszkole150.edu.wroclaw.pl\/index.php\/wp-json\/wp\/v2\/types\/page"}],"author":[{"embeddable":true,"href":"https:\/\/przedszkole150.edu.wroclaw.pl\/index.php\/wp-json\/wp\/v2\/users\/211"}],"replies":[{"embeddable":true,"href":"https:\/\/przedszkole150.edu.wroclaw.pl\/index.php\/wp-json\/wp\/v2\/comments?post=5935"}],"version-history":[{"count":7,"href":"https:\/\/przedszkole150.edu.wroclaw.pl\/index.php\/wp-json\/wp\/v2\/pages\/5935\/revisions"}],"predecessor-version":[{"id":5948,"href":"https:\/\/przedszkole150.edu.wroclaw.pl\/index.php\/wp-json\/wp\/v2\/pages\/5935\/revisions\/5948"}],"wp:attachment":[{"href":"https:\/\/przedszkole150.edu.wroclaw.pl\/index.php\/wp-json\/wp\/v2\/media?parent=5935"}],"curies":[{"name":"wp","href":"https:\/\/api.w.org\/{rel}","templated":true}]}}