
{"id":5955,"date":"2024-05-27T17:13:05","date_gmt":"2024-05-27T15:13:05","guid":{"rendered":"https:\/\/przedszkole150.edu.wroclaw.pl\/?page_id=5955"},"modified":"2024-05-27T17:13:05","modified_gmt":"2024-05-27T15:13:05","slug":"wycieczka-do-gospodarstwa-rolnego","status":"publish","type":"page","link":"https:\/\/przedszkole150.edu.wroclaw.pl\/index.php\/wycieczka-do-gospodarstwa-rolnego\/","title":{"rendered":"Wycieczka do gospodarstwa rolnego"},"content":{"rendered":"<div class=\"wpb-content-wrapper\"><p>[vc_row][vc_column][vc_column_text]<span style=\"font-family: times new roman, times;font-size: 14pt\">Dn. 23.05.2024 r. dzieci z gr. 7 i 10 uda\u0142y si\u0119 wsp\u00f3lnie na wycieczk\u0119 do Gospodarstwa Rolnego Sznajder\u00a0 w Karnicach. Pani Emila, kt\u00f3ra nas go\u015bci\u0142a wraz z wiernym przyjacielem psem Ry\u015bkiem, odkry\u0142a przed naszymi przedszkolakami tajniki funkcjonowania gospodarstwa. Na pocz\u0105tku dzieci samodzielnie ukisi\u0142y rzodkiewk\u0119 oraz przyrz\u0105dzi\u0142y sur\u00f3wk\u0119 z kapusty. Nast\u0119pnie dzieci mia\u0142y okazj\u0119 skosztowa\u0107 pysznych lokalnych specja\u0142\u00f3w.\u00a0 W \u015bwietlicy odby\u0142a\u00a0 si\u0119 degustacja kiszonej kapusty, og\u00f3rk\u00f3w, buraczk\u00f3w, kalafior\u00f3w, sok\u00f3w z kiszonych warzyw. Dzieci pos\u0142ucha\u0142y r\u00f3wnie\u017c kr\u00f3tkiego wyk\u0142adu na temat, dlaczego warto je\u015b\u0107 kiszonki. Ka\u017cdy dosta\u0142 do domu po butelce wybranego zakwasu z kiszonek. Nast\u0119pnie udali\u015bmy si\u0119 na pole kapusty oraz do hal, gdzie magazynuje si\u0119 zbiory. Nie zabrak\u0142o r\u00f3wnie\u017c czasu na wsp\u00f3ln\u0105 zabaw\u0119 na placu zabaw oraz piknik. Dzieci zajada\u0142y si\u0119 \u015bwie\u017cym i pachn\u0105cym\u00a0 chlebem oraz pieczonymi ziemniakami. Ka\u017cdy przedszkolak otrzyma\u0142 certyfikat Kiszonkowego Masterszefa oraz pi\u0119kny warzywny tatua\u017c. To by\u0142 bardzo przyjemnie sp\u0119dzony czas! <\/span>[\/vc_column_text][vc_gallery type=&#8221;image_grid&#8221; images=&#8221;5956,5957,5958,5959,5960,5961,5962,5963,5964,5965,5966,5967,5968,5969,5970,5971,5972,5973,5974,5975,5976,5977&#8243; css=&#8221;&#8221;][\/vc_column][\/vc_row]<\/p>\n<\/div>","protected":false},"excerpt":{"rendered":"<p>[vc_row][vc_column][vc_column_text]Dn. 23.05.2024 r. dzieci z gr. 7 i 10 uda\u0142y si\u0119 wsp\u00f3lnie na wycieczk\u0119 do Gospodarstwa Rolnego Sznajder\u00a0 w Karnicach. Pani Emila, kt\u00f3ra nas go\u015bci\u0142a wraz z wiernym przyjacielem psem [&hellip;]<\/p>\n","protected":false},"author":200,"featured_media":0,"parent":0,"menu_order":0,"comment_status":"closed","ping_status":"closed","template":"","meta":{"ngg_post_thumbnail":0,"footnotes":""},"class_list":["post-5955","page","type-page","status-publish","hentry","clearfix"],"_links":{"self":[{"href":"https:\/\/przedszkole150.edu.wroclaw.pl\/index.php\/wp-json\/wp\/v2\/pages\/5955","targetHints":{"allow":["GET"]}}],"collection":[{"href":"https:\/\/przedszkole150.edu.wroclaw.pl\/index.php\/wp-json\/wp\/v2\/pages"}],"about":[{"href":"https:\/\/przedszkole150.edu.wroclaw.pl\/index.php\/wp-json\/wp\/v2\/types\/page"}],"author":[{"embeddable":true,"href":"https:\/\/przedszkole150.edu.wroclaw.pl\/index.php\/wp-json\/wp\/v2\/users\/200"}],"replies":[{"embeddable":true,"href":"https:\/\/przedszkole150.edu.wroclaw.pl\/index.php\/wp-json\/wp\/v2\/comments?post=5955"}],"version-history":[{"count":1,"href":"https:\/\/przedszkole150.edu.wroclaw.pl\/index.php\/wp-json\/wp\/v2\/pages\/5955\/revisions"}],"predecessor-version":[{"id":5978,"href":"https:\/\/przedszkole150.edu.wroclaw.pl\/index.php\/wp-json\/wp\/v2\/pages\/5955\/revisions\/5978"}],"wp:attachment":[{"href":"https:\/\/przedszkole150.edu.wroclaw.pl\/index.php\/wp-json\/wp\/v2\/media?parent=5955"}],"curies":[{"name":"wp","href":"https:\/\/api.w.org\/{rel}","templated":true}]}}