
{"id":6005,"date":"2024-06-04T11:10:55","date_gmt":"2024-06-04T09:10:55","guid":{"rendered":"https:\/\/przedszkole150.edu.wroclaw.pl\/?page_id=6005"},"modified":"2024-06-04T11:10:55","modified_gmt":"2024-06-04T09:10:55","slug":"zajecia-z-psem-policyjnym-i-jego-przewodnikiem","status":"publish","type":"page","link":"https:\/\/przedszkole150.edu.wroclaw.pl\/index.php\/zajecia-z-psem-policyjnym-i-jego-przewodnikiem\/","title":{"rendered":"ZAJ\u0118CIA Z PSEM POLICYJNYM I JEGO PRZEWODNIKIEM"},"content":{"rendered":"<div class=\"wpb-content-wrapper\"><p>[vc_row][vc_column][vc_column_text]<span style=\"font-family: times new roman, times;font-size: 14pt\">Dnia 04.06.2024 r. dzieci z gr. I i IV wzi\u0119\u0142y udzia\u0142 w wyj\u0105tkowych zaj\u0119ciach z przedstawicielem policji. Niespodziank\u0105 tego spotkania by\u0142 pies policyjny.<\/span><\/p>\n<p><span style=\"font-family: times new roman, times;font-size: 14pt\">Przedszkolaki dowiedzia\u0142y si\u0119 jak wygl\u0105da praca policjanta. Pozna\u0142y wiele ciekawostek, na temat pracy oraz zada\u0144 psa s\u0142u\u017cbowego.<br \/>\n<\/span><\/p>\n<p><span style=\"font-family: times new roman, times;font-size: 14pt\">Wa\u017cnym tematem spotkania by\u0142a nauka zachowa\u0144, poznanie regu\u0142 w\u0142a\u015bciwego zachowania si\u0119 w pobli\u017cu psa i sposobu podchodzenia do niego. <\/span><\/p>\n<p><span style=\"font-family: times new roman, times;font-size: 14pt\">Dzieci z wielkim zainteresowaniem s\u0142ucha\u0142y policyjnych opowie\u015bci oraz zadawa\u0142y wiele ciekawych\u00a0 pyta\u0144.<\/span><\/p>\n<p>&nbsp;<\/p>\n<p><span style=\"font-family: times new roman, times;font-size: 14pt\">Mamy nadziej\u0119, \u017ce zaj\u0119cia b\u0119d\u0105 mia\u0142y pozytywny wp\u0142yw na bezpiecze\u0144stwo najm\u0142odszych i czworonog\u00f3w, bo przecie\u017c \u201eBezpieczny pies = bezpieczny przyjaciel\u201d.<\/span>[\/vc_column_text][vc_gallery type=&#8221;image_grid&#8221; images=&#8221;6006,6007,6008,6009,6010,6011,6012,6013&#8243; css=&#8221;&#8221;][\/vc_column][\/vc_row]<\/p>\n<\/div>","protected":false},"excerpt":{"rendered":"<p>[vc_row][vc_column][vc_column_text]Dnia 04.06.2024 r. dzieci z gr. I i IV wzi\u0119\u0142y udzia\u0142 w wyj\u0105tkowych zaj\u0119ciach z przedstawicielem policji. Niespodziank\u0105 tego spotkania by\u0142 pies policyjny. Przedszkolaki dowiedzia\u0142y si\u0119 jak wygl\u0105da praca policjanta. [&hellip;]<\/p>\n","protected":false},"author":211,"featured_media":0,"parent":0,"menu_order":0,"comment_status":"closed","ping_status":"closed","template":"","meta":{"ngg_post_thumbnail":0,"footnotes":""},"class_list":["post-6005","page","type-page","status-publish","hentry","clearfix"],"_links":{"self":[{"href":"https:\/\/przedszkole150.edu.wroclaw.pl\/index.php\/wp-json\/wp\/v2\/pages\/6005","targetHints":{"allow":["GET"]}}],"collection":[{"href":"https:\/\/przedszkole150.edu.wroclaw.pl\/index.php\/wp-json\/wp\/v2\/pages"}],"about":[{"href":"https:\/\/przedszkole150.edu.wroclaw.pl\/index.php\/wp-json\/wp\/v2\/types\/page"}],"author":[{"embeddable":true,"href":"https:\/\/przedszkole150.edu.wroclaw.pl\/index.php\/wp-json\/wp\/v2\/users\/211"}],"replies":[{"embeddable":true,"href":"https:\/\/przedszkole150.edu.wroclaw.pl\/index.php\/wp-json\/wp\/v2\/comments?post=6005"}],"version-history":[{"count":2,"href":"https:\/\/przedszkole150.edu.wroclaw.pl\/index.php\/wp-json\/wp\/v2\/pages\/6005\/revisions"}],"predecessor-version":[{"id":6015,"href":"https:\/\/przedszkole150.edu.wroclaw.pl\/index.php\/wp-json\/wp\/v2\/pages\/6005\/revisions\/6015"}],"wp:attachment":[{"href":"https:\/\/przedszkole150.edu.wroclaw.pl\/index.php\/wp-json\/wp\/v2\/media?parent=6005"}],"curies":[{"name":"wp","href":"https:\/\/api.w.org\/{rel}","templated":true}]}}