
{"id":6031,"date":"2024-06-07T08:24:40","date_gmt":"2024-06-07T06:24:40","guid":{"rendered":"https:\/\/przedszkole150.edu.wroclaw.pl\/?page_id=6031"},"modified":"2024-06-07T18:37:05","modified_gmt":"2024-06-07T16:37:05","slug":"polska-akcja-humanitarna-dzien-wody","status":"publish","type":"page","link":"https:\/\/przedszkole150.edu.wroclaw.pl\/index.php\/polska-akcja-humanitarna-dzien-wody\/","title":{"rendered":"Polska Akcja Humanitarna &#8211; Dzie\u0144 Wody"},"content":{"rendered":"<div class=\"wpb-content-wrapper\"><p>[vc_row][vc_column][vc_column_text css=&#8221;&#8221;]<span style=\"font-family: times new roman, times;font-size: 14pt\">Nasze Przedszkole otrzyma\u0142o podzi\u0119kowanie za udzia\u0142 w &#8222;Dniu Wody&#8221;, kt\u00f3rego pomys\u0142odawc\u0105 by\u0142a Polska Akcja Humanitarna.<\/span><\/p>\n<p>Za\u015bwiadczenia udzia\u0142u w akcji otrzyma\u0142y r\u00f3wnie\u017c koordynatorki akcji: S. Kuropatwa oraz K. Ciastek.[\/vc_column_text][vc_gallery type=&#8221;image_grid&#8221; images=&#8221;6038,6042,6044&#8243; css=&#8221;&#8221;][\/vc_column][\/vc_row]<\/p>\n<\/div>","protected":false},"excerpt":{"rendered":"<p>[vc_row][vc_column][vc_column_text css=&#8221;&#8221;]Nasze Przedszkole otrzyma\u0142o podzi\u0119kowanie za udzia\u0142 w &#8222;Dniu Wody&#8221;, kt\u00f3rego pomys\u0142odawc\u0105 by\u0142a Polska Akcja Humanitarna. Za\u015bwiadczenia udzia\u0142u w akcji otrzyma\u0142y r\u00f3wnie\u017c koordynatorki akcji: S. Kuropatwa oraz K. Ciastek.[\/vc_column_text][vc_gallery type=&#8221;image_grid&#8221; [&hellip;]<\/p>\n","protected":false},"author":200,"featured_media":0,"parent":0,"menu_order":0,"comment_status":"closed","ping_status":"closed","template":"","meta":{"ngg_post_thumbnail":0,"footnotes":""},"class_list":["post-6031","page","type-page","status-publish","hentry","clearfix"],"_links":{"self":[{"href":"https:\/\/przedszkole150.edu.wroclaw.pl\/index.php\/wp-json\/wp\/v2\/pages\/6031","targetHints":{"allow":["GET"]}}],"collection":[{"href":"https:\/\/przedszkole150.edu.wroclaw.pl\/index.php\/wp-json\/wp\/v2\/pages"}],"about":[{"href":"https:\/\/przedszkole150.edu.wroclaw.pl\/index.php\/wp-json\/wp\/v2\/types\/page"}],"author":[{"embeddable":true,"href":"https:\/\/przedszkole150.edu.wroclaw.pl\/index.php\/wp-json\/wp\/v2\/users\/200"}],"replies":[{"embeddable":true,"href":"https:\/\/przedszkole150.edu.wroclaw.pl\/index.php\/wp-json\/wp\/v2\/comments?post=6031"}],"version-history":[{"count":6,"href":"https:\/\/przedszkole150.edu.wroclaw.pl\/index.php\/wp-json\/wp\/v2\/pages\/6031\/revisions"}],"predecessor-version":[{"id":6047,"href":"https:\/\/przedszkole150.edu.wroclaw.pl\/index.php\/wp-json\/wp\/v2\/pages\/6031\/revisions\/6047"}],"wp:attachment":[{"href":"https:\/\/przedszkole150.edu.wroclaw.pl\/index.php\/wp-json\/wp\/v2\/media?parent=6031"}],"curies":[{"name":"wp","href":"https:\/\/api.w.org\/{rel}","templated":true}]}}