
{"id":6050,"date":"2024-06-10T12:46:00","date_gmt":"2024-06-10T10:46:00","guid":{"rendered":"https:\/\/przedszkole150.edu.wroclaw.pl\/?page_id=6050"},"modified":"2024-06-10T12:46:00","modified_gmt":"2024-06-10T10:46:00","slug":"rowerowy-maj-2024","status":"publish","type":"page","link":"https:\/\/przedszkole150.edu.wroclaw.pl\/index.php\/rowerowy-maj-2024\/","title":{"rendered":"Rowerowy Maj 2024"},"content":{"rendered":"<div class=\"wpb-content-wrapper\"><p>[vc_row][vc_column][vc_column_text]<\/p>\n<div class=\"wpb_text_column wpb_content_element\">\n<div class=\"wpb_wrapper\">\n<div class=\"x_elementToProof\"><span style=\"font-family: times new roman, times;font-size: 14pt\">Serdecznie dzi\u0119kujemy wszystkim dzieciom z\u00a0 naszego przedszkola\u00a0 za bardzo aktywny udzia\u0142 w tegorocznej kampanii <span style=\"color: #0000ff\">ROWEROWY MAJ.<\/span><\/span><\/div>\n<div class=\"x_elementToProof\"><span style=\"font-family: times new roman, times;font-size: 14pt\">W\u00a0 tym roku w akcji wzi\u0119\u0142o udzia\u0142 <span style=\"color: #000080\"><strong>214<\/strong><\/span> naszych przedszkolak\u00f3w a \u0142\u0105czna liczba wszystkich przejazd\u00f3w to <span style=\"color: #000080\"><strong>4960<\/strong><\/span>!<\/span><\/div>\n<div class=\"x_elementToProof\"><span style=\"font-family: times new roman, times;font-size: 14pt\">\u00a0<\/span><\/div>\n<div class=\"x_elementToProof\" style=\"text-align: center\"><span style=\"font-family: times new roman, times;font-size: 14pt\">Serdecznie gratulujemy wytrwa\u0142o\u015bci oraz zaanga\u017cowania!<br \/>\n<\/span><\/div>\n<\/div>\n<\/div>\n<p>[\/vc_column_text][vc_gallery type=&#8221;image_grid&#8221; images=&#8221;6043&#8243; css=&#8221;&#8221;][\/vc_column][\/vc_row]<\/p>\n<\/div>","protected":false},"excerpt":{"rendered":"<p>[vc_row][vc_column][vc_column_text] Serdecznie dzi\u0119kujemy wszystkim dzieciom z\u00a0 naszego przedszkola\u00a0 za bardzo aktywny udzia\u0142 w tegorocznej kampanii ROWEROWY MAJ. W\u00a0 tym roku w akcji wzi\u0119\u0142o udzia\u0142 214 naszych przedszkolak\u00f3w a \u0142\u0105czna liczba [&hellip;]<\/p>\n","protected":false},"author":200,"featured_media":0,"parent":0,"menu_order":0,"comment_status":"closed","ping_status":"closed","template":"","meta":{"ngg_post_thumbnail":0,"footnotes":""},"class_list":["post-6050","page","type-page","status-publish","hentry","clearfix"],"_links":{"self":[{"href":"https:\/\/przedszkole150.edu.wroclaw.pl\/index.php\/wp-json\/wp\/v2\/pages\/6050","targetHints":{"allow":["GET"]}}],"collection":[{"href":"https:\/\/przedszkole150.edu.wroclaw.pl\/index.php\/wp-json\/wp\/v2\/pages"}],"about":[{"href":"https:\/\/przedszkole150.edu.wroclaw.pl\/index.php\/wp-json\/wp\/v2\/types\/page"}],"author":[{"embeddable":true,"href":"https:\/\/przedszkole150.edu.wroclaw.pl\/index.php\/wp-json\/wp\/v2\/users\/200"}],"replies":[{"embeddable":true,"href":"https:\/\/przedszkole150.edu.wroclaw.pl\/index.php\/wp-json\/wp\/v2\/comments?post=6050"}],"version-history":[{"count":1,"href":"https:\/\/przedszkole150.edu.wroclaw.pl\/index.php\/wp-json\/wp\/v2\/pages\/6050\/revisions"}],"predecessor-version":[{"id":6051,"href":"https:\/\/przedszkole150.edu.wroclaw.pl\/index.php\/wp-json\/wp\/v2\/pages\/6050\/revisions\/6051"}],"wp:attachment":[{"href":"https:\/\/przedszkole150.edu.wroclaw.pl\/index.php\/wp-json\/wp\/v2\/media?parent=6050"}],"curies":[{"name":"wp","href":"https:\/\/api.w.org\/{rel}","templated":true}]}}