
{"id":6090,"date":"2024-06-19T09:12:21","date_gmt":"2024-06-19T07:12:21","guid":{"rendered":"https:\/\/przedszkole150.edu.wroclaw.pl\/?page_id=6090"},"modified":"2024-06-20T08:10:16","modified_gmt":"2024-06-20T06:10:16","slug":"xx-edycja-konkursu-poezji-i-malarstwa-wroclaw-w-tworczosci-dzieciecej","status":"publish","type":"page","link":"https:\/\/przedszkole150.edu.wroclaw.pl\/index.php\/xx-edycja-konkursu-poezji-i-malarstwa-wroclaw-w-tworczosci-dzieciecej\/","title":{"rendered":"XX Edycja Konkursu Poezji i Malarstwa &#8222;Wroc\u0142aw w tw\u00f3rczo\u015bci dzieci\u0119cej&#8221;"},"content":{"rendered":"<div class=\"wpb-content-wrapper\"><p>[vc_row][vc_column][vc_column_text]<span style=\"font-family: times new roman, times;font-size: 14pt\">Dzieci z grupy V i VII wzi\u0119\u0142y udzia\u0142 w XX Edycji Konkursu Poezji Malarstwa <strong><span style=\"color: #008000\">&#8222;Wroc\u0142aw w tw\u00f3rczo\u015bci dzieci\u0119cej&#8221;<\/span><\/strong>, kt\u00f3rego organizatorem by\u0142o Przedszkole Nr 149. <\/span><\/p>\n<p><span style=\"font-size: 14pt;font-family: times new roman, times\">Celem konkursu by\u0142o kszta\u0142towanie wi\u0119zi emocjonalnej z miastem, wyzwalanie kreatywno\u015bci, wyobra\u017ani oraz aktywno\u015bci tw\u00f3rczej dzieci.<\/span><\/p>\n<p><span style=\"font-size: 14pt;font-family: times new roman, times\">Mi\u0142o nam poinformowa\u0107, i\u017c <strong><span style=\"color: #008000\">Milenka<\/span><\/strong> z gr. V otrzyma\u0142a wyr\u00f3\u017cnienie.<\/span><\/p>\n<p><span style=\"font-size: 14pt;font-family: times new roman, times\">Dzieci oraz nauczycielki otrzyma\u0142y dyplomy.<\/span><\/p>\n<p><span style=\"font-size: 14pt;font-family: times new roman, times\">Gratulujemy!<\/span>[\/vc_column_text][vc_gallery type=&#8221;image_grid&#8221; images=&#8221;6082,6083,6086,6085,6084&#8243; css=&#8221;&#8221;][\/vc_column][\/vc_row]<\/p>\n<\/div>","protected":false},"excerpt":{"rendered":"<p>[vc_row][vc_column][vc_column_text]Dzieci z grupy V i VII wzi\u0119\u0142y udzia\u0142 w XX Edycji Konkursu Poezji Malarstwa &#8222;Wroc\u0142aw w tw\u00f3rczo\u015bci dzieci\u0119cej&#8221;, kt\u00f3rego organizatorem by\u0142o Przedszkole Nr 149. Celem konkursu by\u0142o kszta\u0142towanie wi\u0119zi emocjonalnej [&hellip;]<\/p>\n","protected":false},"author":200,"featured_media":0,"parent":0,"menu_order":0,"comment_status":"closed","ping_status":"closed","template":"","meta":{"ngg_post_thumbnail":0,"footnotes":""},"class_list":["post-6090","page","type-page","status-publish","hentry","clearfix"],"_links":{"self":[{"href":"https:\/\/przedszkole150.edu.wroclaw.pl\/index.php\/wp-json\/wp\/v2\/pages\/6090","targetHints":{"allow":["GET"]}}],"collection":[{"href":"https:\/\/przedszkole150.edu.wroclaw.pl\/index.php\/wp-json\/wp\/v2\/pages"}],"about":[{"href":"https:\/\/przedszkole150.edu.wroclaw.pl\/index.php\/wp-json\/wp\/v2\/types\/page"}],"author":[{"embeddable":true,"href":"https:\/\/przedszkole150.edu.wroclaw.pl\/index.php\/wp-json\/wp\/v2\/users\/200"}],"replies":[{"embeddable":true,"href":"https:\/\/przedszkole150.edu.wroclaw.pl\/index.php\/wp-json\/wp\/v2\/comments?post=6090"}],"version-history":[{"count":4,"href":"https:\/\/przedszkole150.edu.wroclaw.pl\/index.php\/wp-json\/wp\/v2\/pages\/6090\/revisions"}],"predecessor-version":[{"id":6095,"href":"https:\/\/przedszkole150.edu.wroclaw.pl\/index.php\/wp-json\/wp\/v2\/pages\/6090\/revisions\/6095"}],"wp:attachment":[{"href":"https:\/\/przedszkole150.edu.wroclaw.pl\/index.php\/wp-json\/wp\/v2\/media?parent=6090"}],"curies":[{"name":"wp","href":"https:\/\/api.w.org\/{rel}","templated":true}]}}