
{"id":62,"date":"2021-04-19T14:49:53","date_gmt":"2021-04-19T12:49:53","guid":{"rendered":"http:\/\/przedszkole150.edu.wroclaw.pl\/?page_id=62"},"modified":"2024-08-08T08:24:05","modified_gmt":"2024-08-08T06:24:05","slug":"regulaminy-i-procedury","status":"publish","type":"page","link":"https:\/\/przedszkole150.edu.wroclaw.pl\/index.php\/dla-rodzicow\/regulaminy-i-procedury\/","title":{"rendered":"Regulaminy i procedury"},"content":{"rendered":"<p>&nbsp;<\/p>\n<header class=\"entry-header\">\n<h2 class=\"entry-title\"><a href=\"https:\/\/przedszkole150.edu.wroclaw.pl\/index.php\/procedura-bezpieczenstwa-w-150\/\">Procedura bezpiecze\u0144stwa w Przedszkolu Nr 150 \u201eWeso\u0142e Nutki\u201d dla rodzic\u00f3w \/opiekun\u00f3w prawnych<\/a><\/h2>\n<div class=\"entry-meta\"><\/div>\n<\/header>\n<div class=\"entry-content\">\n<h2 class=\"entry-title\"><a href=\"https:\/\/przedszkole150.edu.wroclaw.pl\/index.php\/procedura-covid\/\">Procedura post\u0119powania na wypadek podejrzenia COVID-19<\/a><\/h2>\n<\/div>\n<p>&nbsp;<\/p>\n<h2 class=\"entry-title\"><a href=\"https:\/\/przedszkole150.edu.wroclaw.pl\/index.php\/procedura-przebywania-na-swiezym-powietrzu\/\">Procedura przebywania dzieci na \u015bwie\u017cym powietrzu na terenie placu zabaw i ogrodu<\/a><\/h2>\n<div class=\"entry-content\">\n<div>\n<h2 class=\"entry-title\"><a href=\"https:\/\/przedszkole150.edu.wroclaw.pl\/index.php\/procedura-przyprowadzania\/\">Procedura przyprowadzania\/ odbierania dzieci do\/ z Przedszkola Nr 150 \u201eWeso\u0142e Nutki\u201d<\/a><\/h2>\n<\/div>\n<h2 class=\"entry-title\"><a href=\"https:\/\/przedszkole150.edu.wroclaw.pl\/index.php\/procedura-szybkiej\/\">Procedura szybkiej \u015bcie\u017cki komunikacji z Rodzicami\/ opiekunami prawnymi obowi\u0105zuj\u0105ca w Przedszkolu Nr 150 \u201eWeso\u0142e Nutki\u201d<\/a><\/h2>\n<\/div>\n<h2><a href=\"https:\/\/przedszkole150.edu.wroclaw.pl\/wp-content\/uploads\/sites\/61\/2024\/08\/P-150-Standardy-Ochrony-Maloletnich.pdf\"><span style=\"font-size: 18pt\"><span style=\"font-size: 14pt\"><span style=\"font-size: 12pt\">Standardy Ochrony Ma\u0142oletnich<\/span><\/span><\/span><\/a><\/h2>\n","protected":false},"excerpt":{"rendered":"<p>&nbsp; Procedura bezpiecze\u0144stwa w Przedszkolu Nr 150 \u201eWeso\u0142e Nutki\u201d dla rodzic\u00f3w \/opiekun\u00f3w prawnych Procedura post\u0119powania na wypadek podejrzenia COVID-19 &nbsp; Procedura przebywania dzieci na \u015bwie\u017cym powietrzu na terenie placu zabaw [&hellip;]<\/p>\n","protected":false},"author":72,"featured_media":0,"parent":58,"menu_order":0,"comment_status":"closed","ping_status":"closed","template":"","meta":{"ngg_post_thumbnail":0,"footnotes":""},"class_list":["post-62","page","type-page","status-publish","hentry","clearfix"],"_links":{"self":[{"href":"https:\/\/przedszkole150.edu.wroclaw.pl\/index.php\/wp-json\/wp\/v2\/pages\/62","targetHints":{"allow":["GET"]}}],"collection":[{"href":"https:\/\/przedszkole150.edu.wroclaw.pl\/index.php\/wp-json\/wp\/v2\/pages"}],"about":[{"href":"https:\/\/przedszkole150.edu.wroclaw.pl\/index.php\/wp-json\/wp\/v2\/types\/page"}],"author":[{"embeddable":true,"href":"https:\/\/przedszkole150.edu.wroclaw.pl\/index.php\/wp-json\/wp\/v2\/users\/72"}],"replies":[{"embeddable":true,"href":"https:\/\/przedszkole150.edu.wroclaw.pl\/index.php\/wp-json\/wp\/v2\/comments?post=62"}],"version-history":[{"count":20,"href":"https:\/\/przedszkole150.edu.wroclaw.pl\/index.php\/wp-json\/wp\/v2\/pages\/62\/revisions"}],"predecessor-version":[{"id":4973,"href":"https:\/\/przedszkole150.edu.wroclaw.pl\/index.php\/wp-json\/wp\/v2\/pages\/62\/revisions\/4973"}],"up":[{"embeddable":true,"href":"https:\/\/przedszkole150.edu.wroclaw.pl\/index.php\/wp-json\/wp\/v2\/pages\/58"}],"wp:attachment":[{"href":"https:\/\/przedszkole150.edu.wroclaw.pl\/index.php\/wp-json\/wp\/v2\/media?parent=62"}],"curies":[{"name":"wp","href":"https:\/\/api.w.org\/{rel}","templated":true}]}}