
{"id":6319,"date":"2024-09-23T13:19:17","date_gmt":"2024-09-23T11:19:17","guid":{"rendered":"https:\/\/przedszkole150.edu.wroclaw.pl\/?page_id=6319"},"modified":"2024-09-23T13:23:10","modified_gmt":"2024-09-23T11:23:10","slug":"certyfikat-fast-heroes-112","status":"publish","type":"page","link":"https:\/\/przedszkole150.edu.wroclaw.pl\/index.php\/certyfikat-fast-heroes-112\/","title":{"rendered":"Certyfikat FAST HEROES 112"},"content":{"rendered":"<div class=\"wpb-content-wrapper\"><p>[vc_row][vc_column][vc_column_text]<span style=\"font-family: times new roman, times;font-size: 14pt\">Nasze przedszkole otrzyma\u0142o certyfikat za aktywny udzia\u0142 w kampanii <span style=\"color: #ff0000\"><strong>FAST HEROES 112<\/strong><\/span>, maj\u0105cej na celu zapobieganie i rozpoznawanie objaw\u00f3w udaru m\u00f3zgu.<\/span>[\/vc_column_text][vc_gallery type=&#8221;image_grid&#8221; images=&#8221;6324,6323,6322,6321&#8243; css=&#8221;&#8221;][\/vc_column][\/vc_row]<\/p>\n<\/div>","protected":false},"excerpt":{"rendered":"<p>[vc_row][vc_column][vc_column_text]Nasze przedszkole otrzyma\u0142o certyfikat za aktywny udzia\u0142 w kampanii FAST HEROES 112, maj\u0105cej na celu zapobieganie i rozpoznawanie objaw\u00f3w udaru m\u00f3zgu.[\/vc_column_text][vc_gallery type=&#8221;image_grid&#8221; images=&#8221;6324,6323,6322,6321&#8243; css=&#8221;&#8221;][\/vc_column][\/vc_row]<\/p>\n","protected":false},"author":200,"featured_media":0,"parent":0,"menu_order":0,"comment_status":"closed","ping_status":"closed","template":"","meta":{"ngg_post_thumbnail":0,"footnotes":""},"class_list":["post-6319","page","type-page","status-publish","hentry","clearfix"],"_links":{"self":[{"href":"https:\/\/przedszkole150.edu.wroclaw.pl\/index.php\/wp-json\/wp\/v2\/pages\/6319","targetHints":{"allow":["GET"]}}],"collection":[{"href":"https:\/\/przedszkole150.edu.wroclaw.pl\/index.php\/wp-json\/wp\/v2\/pages"}],"about":[{"href":"https:\/\/przedszkole150.edu.wroclaw.pl\/index.php\/wp-json\/wp\/v2\/types\/page"}],"author":[{"embeddable":true,"href":"https:\/\/przedszkole150.edu.wroclaw.pl\/index.php\/wp-json\/wp\/v2\/users\/200"}],"replies":[{"embeddable":true,"href":"https:\/\/przedszkole150.edu.wroclaw.pl\/index.php\/wp-json\/wp\/v2\/comments?post=6319"}],"version-history":[{"count":3,"href":"https:\/\/przedszkole150.edu.wroclaw.pl\/index.php\/wp-json\/wp\/v2\/pages\/6319\/revisions"}],"predecessor-version":[{"id":6328,"href":"https:\/\/przedszkole150.edu.wroclaw.pl\/index.php\/wp-json\/wp\/v2\/pages\/6319\/revisions\/6328"}],"wp:attachment":[{"href":"https:\/\/przedszkole150.edu.wroclaw.pl\/index.php\/wp-json\/wp\/v2\/media?parent=6319"}],"curies":[{"name":"wp","href":"https:\/\/api.w.org\/{rel}","templated":true}]}}