
{"id":6395,"date":"2024-10-15T07:58:13","date_gmt":"2024-10-15T05:58:13","guid":{"rendered":"https:\/\/przedszkole150.edu.wroclaw.pl\/?page_id=6395"},"modified":"2024-10-15T07:58:13","modified_gmt":"2024-10-15T05:58:13","slug":"wystawa-prac-tworczych-jesienne-cudaczki","status":"publish","type":"page","link":"https:\/\/przedszkole150.edu.wroclaw.pl\/index.php\/wystawa-prac-tworczych-jesienne-cudaczki\/","title":{"rendered":"Wystawa prac tw\u00f3rczych &#8222;Jesienne cudaczki&#8221;"},"content":{"rendered":"<div class=\"wpb-content-wrapper\"><p>[vc_row][vc_column][vc_column_text]<span style=\"font-family: times new roman, times;font-size: 14pt\">Wystawa prac tw\u00f3rczych <strong><em><span style=\"color: #993300\">&#8222;Jesienne cudaczki&#8221;<\/span><\/em><\/strong> naszych dzieci i ich rodzic\u00f3w. Dzia\u0142ania oparte by\u0142y na naturalnym materiale przyrodniczym. Gratulujemy pomys\u0142\u00f3w! Dla wszystkich ogromne wyr\u00f3\u017cnienia!!!<\/span><\/p>\n<p><span style=\"font-family: times new roman, times;font-size: 14pt\">Wystawa zosta\u0142a zorganizowana w holu g\u0142\u00f3wnym przedszkola.<\/span>[\/vc_column_text][vc_gallery type=&#8221;image_grid&#8221; images=&#8221;6407,6408,6409,6410,6411,6412,6413,6414,6415,6406,6405,6404,6403,6402,6401,6400,6399,6398,6397,6396&#8243; css=&#8221;&#8221;][\/vc_column][\/vc_row]<\/p>\n<\/div>","protected":false},"excerpt":{"rendered":"<p>[vc_row][vc_column][vc_column_text]Wystawa prac tw\u00f3rczych &#8222;Jesienne cudaczki&#8221; naszych dzieci i ich rodzic\u00f3w. Dzia\u0142ania oparte by\u0142y na naturalnym materiale przyrodniczym. Gratulujemy pomys\u0142\u00f3w! Dla wszystkich ogromne wyr\u00f3\u017cnienia!!! Wystawa zosta\u0142a zorganizowana w holu g\u0142\u00f3wnym przedszkola.[\/vc_column_text][vc_gallery [&hellip;]<\/p>\n","protected":false},"author":200,"featured_media":0,"parent":0,"menu_order":0,"comment_status":"closed","ping_status":"closed","template":"","meta":{"ngg_post_thumbnail":0,"footnotes":""},"class_list":["post-6395","page","type-page","status-publish","hentry","clearfix"],"_links":{"self":[{"href":"https:\/\/przedszkole150.edu.wroclaw.pl\/index.php\/wp-json\/wp\/v2\/pages\/6395","targetHints":{"allow":["GET"]}}],"collection":[{"href":"https:\/\/przedszkole150.edu.wroclaw.pl\/index.php\/wp-json\/wp\/v2\/pages"}],"about":[{"href":"https:\/\/przedszkole150.edu.wroclaw.pl\/index.php\/wp-json\/wp\/v2\/types\/page"}],"author":[{"embeddable":true,"href":"https:\/\/przedszkole150.edu.wroclaw.pl\/index.php\/wp-json\/wp\/v2\/users\/200"}],"replies":[{"embeddable":true,"href":"https:\/\/przedszkole150.edu.wroclaw.pl\/index.php\/wp-json\/wp\/v2\/comments?post=6395"}],"version-history":[{"count":1,"href":"https:\/\/przedszkole150.edu.wroclaw.pl\/index.php\/wp-json\/wp\/v2\/pages\/6395\/revisions"}],"predecessor-version":[{"id":6416,"href":"https:\/\/przedszkole150.edu.wroclaw.pl\/index.php\/wp-json\/wp\/v2\/pages\/6395\/revisions\/6416"}],"wp:attachment":[{"href":"https:\/\/przedszkole150.edu.wroclaw.pl\/index.php\/wp-json\/wp\/v2\/media?parent=6395"}],"curies":[{"name":"wp","href":"https:\/\/api.w.org\/{rel}","templated":true}]}}