
{"id":64,"date":"2021-04-19T14:50:14","date_gmt":"2021-04-19T12:50:14","guid":{"rendered":"http:\/\/przedszkole150.edu.wroclaw.pl\/?page_id=64"},"modified":"2025-12-08T10:45:35","modified_gmt":"2025-12-08T09:45:35","slug":"programy-i-projekty","status":"publish","type":"page","link":"https:\/\/przedszkole150.edu.wroclaw.pl\/index.php\/dla-rodzicow\/programy-i-projekty\/","title":{"rendered":"Programy i projekty"},"content":{"rendered":"<div class=\"wpb-content-wrapper\"><p>[vc_row][vc_column][vc_column_text css=&#8221;&#8221;]<\/p>\n<p>&nbsp;<\/p>\n<p style=\"text-align: center\"><strong><span style=\"color: #008000;font-family: times new roman, times, serif;font-size: 14pt\">ZESTAW PROGRAM\u00d3W WYCHOWANIA PRZEDSZKOLNEGO REALIZOWANYCH W PRZEDSZKOLU NR 150 W ROKU SZKOLNYM 2025\/2026<\/span><\/strong><\/p>\n<p>1. \u201eOd ucha do ucha\u201d \u2013 program wychowania przedszkolnego autorstwa A. Tkacz \u2013 Stalmach i K. Mucha, wydawnictwo: NOWA ERA<\/p>\n<p>2. \u201eOddycham nosem ca\u0142y rok \u2013 wsparcie dzieci z grupy ryzyka dysleksji\u201d &#8211; program profilaktyczny autorstwa B.Racek<\/p>\n<p>3. \u201eSylabowe zabawy \u2013 nauka czytania metod\u0105 symultaniczno \u2013 sekwencyjn\u0105\u201d &#8211; program w\u0142asny autorstwa K. Zachorskiej<\/p>\n<p>4. \u201eMa\u0142e R\u0105czki Mog\u0105 Wi\u0119cej\u201d &#8211; program profilaktyczny wspieraj\u0105cy rozw\u00f3j motoryki ma\u0142ej i du\u017cej u dzieci autorstwa J. Kowalewskiej, E. Weso\u0142owskiej<\/p>\n<p>5. \u201eTeatralne Nutki\u201d &#8211; program w\u0142asny autorstwa S. Nowak &#8211; Stok\u0142osy<\/p>\n<p>6. \u201eZdrowie to podstawa\u201d &#8211; miejski program promocji zdrowia<\/p>\n<p>7. \u201eNarodowy Program Rozwoju Czytelnictwa\u201d &#8211; program og\u00f3lnopolski<\/p>\n<p>8. \u201eKubusiowi Przyjaciele Natury\u201d- og\u00f3lnopolski program ekologiczno \u2013 przyrodniczy.<\/p>\n<p>9. Indywidualny Program Edukacyjno \u2013 Terapeutyczny nr 1<\/p>\n<p>10. Indywidualny Program Edukacyjno \u2013 Terapeutyczny nr 2<\/p>\n<p>11. Indywidualny Program Edukacyjno \u2013 Terapeutyczny nr 3<\/p>\n<p>12. Indywidualny Program Edukacyjno \u2013 Terapeutyczny nr 4<\/p>\n<p style=\"text-align: center\"><span style=\"font-family: times new roman, times, serif;font-size: 18pt;color: #008000\">Przedszkole prowadzi wiele projekt\u00f3w i przedsi\u0119wzi\u0119\u0107.\u00a0 Wsp\u00f3\u0142pracujemy z wieloma instytucjami i plac\u00f3wkami. Naszym wsp\u00f3lnym celem jest dobro dziecka oraz jego rozw\u00f3j.<\/span><\/p>\n<p>&nbsp;<\/p>\n<p>&nbsp;<\/p>\n<p><strong><span style=\"font-family: times new roman, times, serif;font-size: 14pt\">Realizujemy nast\u0119puj\u0105ce programy i projekty:<\/span><\/strong><\/p>\n<h3><\/h3>\n<h1><em><span style=\"font-size: 14pt;color: #008080;font-family: times new roman, times, serif\">KUBUSIOWI PRZYJACIELE NATURY<br \/>\n<\/span><\/em><\/h1>\n<p>&nbsp;<\/p>\n<p>&nbsp;<\/p>\n<p><span style=\"font-family: times new roman, times, serif;font-size: 14pt\">Program \u201eKubusiowi Przyjaciele Natury\u201d to og\u00f3lnopolski program edukacyjny organizowany przez mark\u0119 Kubu\u015b. Celem programu jest zach\u0119canie dzieci do dbania o \u015brodowisko naturalne.<\/span><br \/>\n<span style=\"font-family: times new roman, times, serif;font-size: 14pt\">W kolejnej edycji programu \u201eKubusiowi Przyjaciele Natury\u201d bior\u0105 wszystkie dzieci<\/span><br \/>\n<span style=\"font-family: times new roman, times, serif;font-size: 14pt\">i nauczyciele z naszego przedszkola. W ramach programu przedszkole otrzyma\u0142o od organizatora materia\u0142y i upominki edukacyjne oraz Certyfikat, potwierdzaj\u0105cy tytu\u0142 \u201eKubusiowi Przyjaciele Natury\u201d.<\/span><\/p>\n<p><span style=\"font-family: times new roman, times, serif;font-size: 14pt\">\u00a0<\/span><\/p>\n<p>&nbsp;<\/p>\n<h3><\/h3>\n<p>&nbsp;<\/p>\n<h3><\/h3>\n<h3><\/h3>\n<h1><em><span style=\"font-size: 14pt;color: #008080;font-family: times new roman, times, serif\">PROGRAM PROMOCJI ZDROWIA<br \/>\n<\/span><\/em><\/h1>\n<p>&nbsp;<\/p>\n<p><span style=\"font-family: times new roman, times, serif;font-size: 14pt\">Nasze przedszkole posiada certyfikat przynale\u017cno\u015bci do Wroc\u0142awskiej Sieci Szk\u00f3\u0142 i\u00a0 Przedszkoli\u00a0 Promuj\u0105cych Zdrowie.<br \/>\n<\/span><\/p>\n<p><span style=\"font-family: times new roman, times, serif;font-size: 14pt\">Przedszkole promuj\u0105ce zdrowie uczy dzieci kontrolowa\u0107 stan w\u0142asnego zdrowia, dba\u0107 o nie i ci\u0105gle pomna\u017ca\u0107 jego potencja\u0142. Wa\u017cne jest, aby nauczy\u0107 dzieci rozwi\u0105zywa\u0107 aktualne problemy, jakimi s\u0105: stres, agresja, niew\u0142a\u015bciwe od\u017cywianie, niska aktywno\u015b\u0107 ruchowa. Aby promocja zdrowia w edukacji dzieci w wieku przedszkolnym by\u0142a skuteczna, niezb\u0119dne jest poszukiwanie instytucji i os\u00f3b wspieraj\u0105cych. S\u0142u\u017cy\u0107 one mog\u0105 merytoryczn\u0105 wiedz\u0105 i wspomaga\u0107 w realizacji programu przez konsultacje, dostarczanie materia\u0142\u00f3w, przeprowadzanie pogadanek, prelekcji dla rodzic\u00f3w i dzieci na tematy zdrowotna, wizyty w gabinetach lekarskich.<\/span><\/p>\n<p><span style=\"font-family: times new roman, times, serif;font-size: 14pt\">W przedszkolu \u201eWeso\u0142e Nutki\u201d,\u00a0 podejmuje si\u0119 dzia\u0142ania sprzyjaj\u0105ce zabawie, nauce i pracy. Stad te\u017c szczeg\u00f3lny nacisk k\u0142adziemy na racjonalne \u017cywienie, na wykorzystanie w\u0142asnych mo\u017cliwo\u015bci danych przez natur\u0119 i \u015brodowisko. Bardzo wa\u017cne jest te\u017c zdrowe i bezpieczne \u015brodowisko fizyczne przedszkola. Tworzy je budynek i teren przedszkola, odpowiednio wyposa\u017cony i zagospodarowany, a tak\u017ce higieniczny harmonogram dnia. Dzia\u0142ania prozdrowotne obejmuj\u0105 te\u017c minimalizowanie l\u0119k\u00f3w i stres\u00f3w.<\/span><\/p>\n<p><span style=\"font-family: times new roman, times, serif;font-size: 14pt\">CELEM G\u0141\u00d3WNYM PROGRAMU JEST<\/span><br \/>\n<span style=\"font-family: times new roman, times, serif;font-size: 14pt\">kszta\u0142towanie wiedzy i umiej\u0119tno\u015bci zdrowego stylu \u017cycia oraz zapewnienie takich warunk\u00f3w, aby dzieci naby\u0142y umiej\u0119tno\u015bci prozdrowotnych zachowa\u0144 i poszanowania zdrowia w\u0142asnego i innych.<\/span><\/p>\n<p>&nbsp;<\/p>\n<p>&nbsp;<\/p>\n<h1><span style=\"font-family: times new roman, times, serif;font-size: 14pt\"><strong><span style=\"color: #008080\"><em>WSP\u00d3\u0141PRACA Z FUNDACJ\u0104 WROC\u0141AWSKIE HOSPICJUM DLA DZIECI<\/em><\/span><\/strong><\/span><\/h1>\n<p>&nbsp;<\/p>\n<p>&nbsp;<\/p>\n<p><span style=\"font-family: times new roman, times, serif;font-size: 14pt\">\u201eNakr\u0119tki dla Hospicjum \u201d to akcja polegaj\u0105ca na zbi\u00f3rce surowc\u00f3w wt\u00f3rnych, kt\u00f3re nast\u0119pnie s\u0105 odp\u0142atnie przekazywane firmom zajmuj\u0105cym si\u0119 recyklingiem. Pozyskane pieni\u0105dze s\u0105 przeznaczane na pomoc chorym dzieciom. Akcja \u201eNakr\u0119tki dla Hospicjum\u201d propaguje postawy odpowiedzialne spo\u0142ecznie \u2013 idee pomocy, pomagania oraz zachowania ekologiczne. Pokazuje tak\u017ce, \u017ce mo\u017cna pomaga\u0107 bez pieni\u0119dzy.<\/span><\/p>\n<p><span style=\"font-family: times new roman, times, serif;font-size: 14pt\">Zbi\u00f3rka nakr\u0119tek w naszym przedszkolu odbywa si\u0119 na bie\u017c\u0105co w ka\u017cdej grupie<\/span><br \/>\n<span style=\"font-family: times new roman, times, serif;font-size: 14pt\">i dostarczana jest przez rodzic\u00f3w do wyznaczonego przez Fundacj\u0119 magazynu.<\/span><\/p>\n<p>&nbsp;<\/p>\n<p><span style=\"font-family: times new roman, times, serif;font-size: 14pt\"><em>\u00a0<\/em><\/span><\/p>\n<h1><span style=\"font-family: times new roman, times, serif;color: #008080;font-size: 14pt\"><strong><em>PROGRAM PROFILAKTYKI PR\u00d3CHNICY U DZIECI<\/em><\/strong><\/span><\/h1>\n<p><span style=\"font-family: times new roman, times, serif;font-size: 14pt\"><strong>Cel g\u0142\u00f3wny programu\u00a0<\/strong><\/span><\/p>\n<p><span style=\"font-family: times new roman, times, serif;font-size: 14pt\">Zmniejszenie wyst\u0119powania choroby pr\u00f3chnicowej u\u00a0dzieci w\u00a0wieku 3-5 lat poprzez zintegrowane dzia\u0142ania edukacyjne i\u00a0profilaktyczno-lecznicze.<\/span><\/p>\n<p><span style=\"font-family: times new roman, times, serif;font-size: 14pt\"><strong>Cele szczeg\u00f3\u0142owe<\/strong><\/span><\/p>\n<ul>\n<li><span style=\"font-family: times new roman, times, serif;font-size: 14pt\">podnoszenie poziomu wiedzy rodzic\u00f3w z\u00a0zakresu profilaktyki pr\u00f3chnicy z\u0119b\u00f3w, w\u00a0tym higieny jamy ustnej oraz zdrowego \u017cywienia;<\/span><\/li>\n<li><span style=\"font-family: times new roman, times, serif;font-size: 14pt\">motywowanie rodzic\u00f3w do regularnych wizyt dziecka w gabinecie stomatologicznym celem wykonania przegl\u0105d\u00f3w jamy ustnej oraz zalecanych zabieg\u00f3w profilaktyczno &#8211; leczniczych finansowanych z NFZ lub odp\u0142atnych;<\/span><\/li>\n<li><span style=\"font-family: times new roman, times, serif;font-size: 14pt\">rozwijanie prawid\u0142owych nawyk\u00f3w higienicznych, \u017cywieniowych u\u00a0dzieci oraz kszta\u0142towanie postawy odpowiedzialno\u015bci za w\u0142asne zdrowie;<\/span><\/li>\n<li><span style=\"font-family: times new roman, times, serif;font-size: 14pt\">utrwalanie zachowa\u0144 s\u0142u\u017c\u0105cych zdrowiu;<\/span><\/li>\n<li><span style=\"font-family: times new roman, times, serif;font-size: 14pt\">monitorowanie i\u00a0ewaluacja programu.<\/span><\/li>\n<\/ul>\n<p>&nbsp;<\/p>\n<p>&nbsp;<\/p>\n<p>&nbsp;<\/p>\n<p><span style=\"font-family: times new roman, times, serif;font-size: 14pt\"><em>\u00a0<\/em><\/span><\/p>\n<p><span style=\"font-family: times new roman, times, serif;font-size: 14pt\"><em>\u00a0<\/em><\/span>[\/vc_column_text][\/vc_column][\/vc_row]<\/p>\n<\/div>","protected":false},"excerpt":{"rendered":"<p>[vc_row][vc_column][vc_column_text css=&#8221;&#8221;] &nbsp; ZESTAW PROGRAM\u00d3W WYCHOWANIA PRZEDSZKOLNEGO REALIZOWANYCH W PRZEDSZKOLU NR 150 W ROKU SZKOLNYM 2025\/2026 1. \u201eOd ucha do ucha\u201d \u2013 program wychowania przedszkolnego autorstwa A. Tkacz \u2013 Stalmach [&hellip;]<\/p>\n","protected":false},"author":72,"featured_media":0,"parent":58,"menu_order":0,"comment_status":"closed","ping_status":"closed","template":"","meta":{"ngg_post_thumbnail":0,"footnotes":""},"class_list":["post-64","page","type-page","status-publish","hentry","clearfix"],"_links":{"self":[{"href":"https:\/\/przedszkole150.edu.wroclaw.pl\/index.php\/wp-json\/wp\/v2\/pages\/64","targetHints":{"allow":["GET"]}}],"collection":[{"href":"https:\/\/przedszkole150.edu.wroclaw.pl\/index.php\/wp-json\/wp\/v2\/pages"}],"about":[{"href":"https:\/\/przedszkole150.edu.wroclaw.pl\/index.php\/wp-json\/wp\/v2\/types\/page"}],"author":[{"embeddable":true,"href":"https:\/\/przedszkole150.edu.wroclaw.pl\/index.php\/wp-json\/wp\/v2\/users\/72"}],"replies":[{"embeddable":true,"href":"https:\/\/przedszkole150.edu.wroclaw.pl\/index.php\/wp-json\/wp\/v2\/comments?post=64"}],"version-history":[{"count":14,"href":"https:\/\/przedszkole150.edu.wroclaw.pl\/index.php\/wp-json\/wp\/v2\/pages\/64\/revisions"}],"predecessor-version":[{"id":8265,"href":"https:\/\/przedszkole150.edu.wroclaw.pl\/index.php\/wp-json\/wp\/v2\/pages\/64\/revisions\/8265"}],"up":[{"embeddable":true,"href":"https:\/\/przedszkole150.edu.wroclaw.pl\/index.php\/wp-json\/wp\/v2\/pages\/58"}],"wp:attachment":[{"href":"https:\/\/przedszkole150.edu.wroclaw.pl\/index.php\/wp-json\/wp\/v2\/media?parent=64"}],"curies":[{"name":"wp","href":"https:\/\/api.w.org\/{rel}","templated":true}]}}