
{"id":6476,"date":"2024-10-29T08:15:34","date_gmt":"2024-10-29T07:15:34","guid":{"rendered":"https:\/\/przedszkole150.edu.wroclaw.pl\/?page_id=6476"},"modified":"2024-10-29T08:15:34","modified_gmt":"2024-10-29T07:15:34","slug":"projekt-bohateron-mlode-glowy-w-twojej-szkole-2024","status":"publish","type":"page","link":"https:\/\/przedszkole150.edu.wroclaw.pl\/index.php\/projekt-bohateron-mlode-glowy-w-twojej-szkole-2024\/","title":{"rendered":"Projekt BohaterOn M\u0142ode G\u0142owy w Twojej Szkole 2024"},"content":{"rendered":"<div class=\"wpb-content-wrapper\"><p>[vc_row][vc_column][vc_column_text]<\/p>\n<div data-olk-copy-source=\"MessageBody\"><span style=\"font-family: times new roman, times;font-size: 14pt\">W minionym tygodniu grupa 5 wzi\u0119\u0142a udzia\u0142 w zaj\u0119ciach w ramach\u00a0<strong><span style=\"color: #ff0000\">Projektu BohaterOn \u00d7M\u0142ode G\u0142owy w Twojej Szkole 2024<\/span><\/strong>. Jest to cz\u0119\u015b\u0107 og\u00f3lnopolskiej kampanii o tematyce historycznej.\u00a0<\/span><\/div>\n<div><span style=\"font-family: times new roman, times;font-size: 14pt\">Dzieci wys\u0142ucha\u0142y opowiadania pt.&#8221; Niezwyk\u0142a piosenka&#8221;. Obejrza\u0142y zdj\u0119cia z Powstania Warszawskiego, zapozna\u0142y si\u0119 z funkcjami jakie pe\u0142nili m\u0142odzi ludzie w tym czasie, jak wygl\u0105da\u0142o \u017cycie w czasie Powstania, jak dzieci mog\u0105 pomaga\u0107 doros\u0142ym w trudnych sytuacjach. Zapami\u0119tamy te\u017c, \u017ce przyja\u017a\u0144 i mi\u0142o\u015b\u0107\u00a0 to najcenniejsze co mo\u017cna mie\u0107. Przedszkolaki wykona\u0142y te\u017c ilustracje do opowiadania &#8211; Co w czasie Powstania m\u00f3g\u0142 widzie\u0107 przez swoje okno kot Alojzy?<\/span><\/div>\n<p>[\/vc_column_text][vc_gallery type=&#8221;image_grid&#8221; images=&#8221;6477,6478,6479,6480,6481,6482,6483&#8243; css=&#8221;&#8221;][\/vc_column][\/vc_row]<\/p>\n<\/div>","protected":false},"excerpt":{"rendered":"<p>[vc_row][vc_column][vc_column_text] W minionym tygodniu grupa 5 wzi\u0119\u0142a udzia\u0142 w zaj\u0119ciach w ramach\u00a0Projektu BohaterOn \u00d7M\u0142ode G\u0142owy w Twojej Szkole 2024. Jest to cz\u0119\u015b\u0107 og\u00f3lnopolskiej kampanii o tematyce historycznej.\u00a0 Dzieci wys\u0142ucha\u0142y opowiadania [&hellip;]<\/p>\n","protected":false},"author":200,"featured_media":0,"parent":0,"menu_order":0,"comment_status":"closed","ping_status":"closed","template":"","meta":{"ngg_post_thumbnail":0,"footnotes":""},"class_list":["post-6476","page","type-page","status-publish","hentry","clearfix"],"_links":{"self":[{"href":"https:\/\/przedszkole150.edu.wroclaw.pl\/index.php\/wp-json\/wp\/v2\/pages\/6476","targetHints":{"allow":["GET"]}}],"collection":[{"href":"https:\/\/przedszkole150.edu.wroclaw.pl\/index.php\/wp-json\/wp\/v2\/pages"}],"about":[{"href":"https:\/\/przedszkole150.edu.wroclaw.pl\/index.php\/wp-json\/wp\/v2\/types\/page"}],"author":[{"embeddable":true,"href":"https:\/\/przedszkole150.edu.wroclaw.pl\/index.php\/wp-json\/wp\/v2\/users\/200"}],"replies":[{"embeddable":true,"href":"https:\/\/przedszkole150.edu.wroclaw.pl\/index.php\/wp-json\/wp\/v2\/comments?post=6476"}],"version-history":[{"count":1,"href":"https:\/\/przedszkole150.edu.wroclaw.pl\/index.php\/wp-json\/wp\/v2\/pages\/6476\/revisions"}],"predecessor-version":[{"id":6484,"href":"https:\/\/przedszkole150.edu.wroclaw.pl\/index.php\/wp-json\/wp\/v2\/pages\/6476\/revisions\/6484"}],"wp:attachment":[{"href":"https:\/\/przedszkole150.edu.wroclaw.pl\/index.php\/wp-json\/wp\/v2\/media?parent=6476"}],"curies":[{"name":"wp","href":"https:\/\/api.w.org\/{rel}","templated":true}]}}