
{"id":6495,"date":"2024-10-31T06:17:22","date_gmt":"2024-10-31T05:17:22","guid":{"rendered":"https:\/\/przedszkole150.edu.wroclaw.pl\/?page_id=6495"},"modified":"2024-10-31T06:17:22","modified_gmt":"2024-10-31T05:17:22","slug":"jesienne-stworki","status":"publish","type":"page","link":"https:\/\/przedszkole150.edu.wroclaw.pl\/index.php\/jesienne-stworki\/","title":{"rendered":"Jesienne stworki"},"content":{"rendered":"<p>Gratulujemy wszystkim Dzieciom i Rodzicom!!!<\/p>\n<p>Powsta\u0142y pi\u0119kne wytwory &#8222;Jesienne stworki&#8221;.<\/p>\n<p>Dzieci otrzyma\u0142y dyplomy pami\u0105tkowe i upominki ksi\u0105\u017ceczkowe\u00a0 za udzia\u0142 w wystawie zorganizowanej w naszym przeszkolu.<\/p>\n<p>By\u0142o bajecznie i kolorowo!<\/p>\n<p><img loading=\"lazy\" decoding=\"async\" class=\"alignnone size-medium wp-image-6496\" src=\"https:\/\/przedszkole150.edu.wroclaw.pl\/wp-content\/uploads\/sites\/61\/2024\/10\/IMG_6241-225x300.jpeg\" alt=\"\" width=\"225\" height=\"300\" srcset=\"https:\/\/przedszkole150.edu.wroclaw.pl\/wp-content\/uploads\/sites\/61\/2024\/10\/IMG_6241-225x300.jpeg 225w, https:\/\/przedszkole150.edu.wroclaw.pl\/wp-content\/uploads\/sites\/61\/2024\/10\/IMG_6241-768x1024.jpeg 768w, https:\/\/przedszkole150.edu.wroclaw.pl\/wp-content\/uploads\/sites\/61\/2024\/10\/IMG_6241-1152x1536.jpeg 1152w, https:\/\/przedszkole150.edu.wroclaw.pl\/wp-content\/uploads\/sites\/61\/2024\/10\/IMG_6241.jpeg 1200w\" sizes=\"auto, (max-width: 225px) 100vw, 225px\" \/><img loading=\"lazy\" decoding=\"async\" class=\"alignnone size-medium wp-image-6497\" src=\"https:\/\/przedszkole150.edu.wroclaw.pl\/wp-content\/uploads\/sites\/61\/2024\/10\/IMG_6244-225x300.jpeg\" alt=\"\" width=\"225\" height=\"300\" srcset=\"https:\/\/przedszkole150.edu.wroclaw.pl\/wp-content\/uploads\/sites\/61\/2024\/10\/IMG_6244-225x300.jpeg 225w, https:\/\/przedszkole150.edu.wroclaw.pl\/wp-content\/uploads\/sites\/61\/2024\/10\/IMG_6244-768x1024.jpeg 768w, https:\/\/przedszkole150.edu.wroclaw.pl\/wp-content\/uploads\/sites\/61\/2024\/10\/IMG_6244-1152x1536.jpeg 1152w, https:\/\/przedszkole150.edu.wroclaw.pl\/wp-content\/uploads\/sites\/61\/2024\/10\/IMG_6244.jpeg 1200w\" sizes=\"auto, (max-width: 225px) 100vw, 225px\" \/><img loading=\"lazy\" decoding=\"async\" class=\"alignnone size-medium wp-image-6498\" src=\"https:\/\/przedszkole150.edu.wroclaw.pl\/wp-content\/uploads\/sites\/61\/2024\/10\/IMG_6247-225x300.jpeg\" alt=\"\" width=\"225\" height=\"300\" srcset=\"https:\/\/przedszkole150.edu.wroclaw.pl\/wp-content\/uploads\/sites\/61\/2024\/10\/IMG_6247-225x300.jpeg 225w, https:\/\/przedszkole150.edu.wroclaw.pl\/wp-content\/uploads\/sites\/61\/2024\/10\/IMG_6247-768x1024.jpeg 768w, https:\/\/przedszkole150.edu.wroclaw.pl\/wp-content\/uploads\/sites\/61\/2024\/10\/IMG_6247-1152x1536.jpeg 1152w, https:\/\/przedszkole150.edu.wroclaw.pl\/wp-content\/uploads\/sites\/61\/2024\/10\/IMG_6247.jpeg 1200w\" sizes=\"auto, (max-width: 225px) 100vw, 225px\" \/><img loading=\"lazy\" decoding=\"async\" class=\"alignnone size-medium wp-image-6499\" src=\"https:\/\/przedszkole150.edu.wroclaw.pl\/wp-content\/uploads\/sites\/61\/2024\/10\/IMG_6248-225x300.jpeg\" alt=\"\" width=\"225\" height=\"300\" srcset=\"https:\/\/przedszkole150.edu.wroclaw.pl\/wp-content\/uploads\/sites\/61\/2024\/10\/IMG_6248-225x300.jpeg 225w, https:\/\/przedszkole150.edu.wroclaw.pl\/wp-content\/uploads\/sites\/61\/2024\/10\/IMG_6248-768x1024.jpeg 768w, https:\/\/przedszkole150.edu.wroclaw.pl\/wp-content\/uploads\/sites\/61\/2024\/10\/IMG_6248-1152x1536.jpeg 1152w, https:\/\/przedszkole150.edu.wroclaw.pl\/wp-content\/uploads\/sites\/61\/2024\/10\/IMG_6248.jpeg 1200w\" sizes=\"auto, (max-width: 225px) 100vw, 225px\" \/><\/p>\n","protected":false},"excerpt":{"rendered":"<p>Gratulujemy wszystkim Dzieciom i Rodzicom!!! Powsta\u0142y pi\u0119kne wytwory &#8222;Jesienne stworki&#8221;. Dzieci otrzyma\u0142y dyplomy pami\u0105tkowe i upominki ksi\u0105\u017ceczkowe\u00a0 za udzia\u0142 w wystawie zorganizowanej w naszym przeszkolu. By\u0142o bajecznie i kolorowo!<\/p>\n","protected":false},"author":264,"featured_media":0,"parent":0,"menu_order":0,"comment_status":"closed","ping_status":"closed","template":"","meta":{"ngg_post_thumbnail":0,"footnotes":""},"class_list":["post-6495","page","type-page","status-publish","hentry","clearfix"],"_links":{"self":[{"href":"https:\/\/przedszkole150.edu.wroclaw.pl\/index.php\/wp-json\/wp\/v2\/pages\/6495","targetHints":{"allow":["GET"]}}],"collection":[{"href":"https:\/\/przedszkole150.edu.wroclaw.pl\/index.php\/wp-json\/wp\/v2\/pages"}],"about":[{"href":"https:\/\/przedszkole150.edu.wroclaw.pl\/index.php\/wp-json\/wp\/v2\/types\/page"}],"author":[{"embeddable":true,"href":"https:\/\/przedszkole150.edu.wroclaw.pl\/index.php\/wp-json\/wp\/v2\/users\/264"}],"replies":[{"embeddable":true,"href":"https:\/\/przedszkole150.edu.wroclaw.pl\/index.php\/wp-json\/wp\/v2\/comments?post=6495"}],"version-history":[{"count":1,"href":"https:\/\/przedszkole150.edu.wroclaw.pl\/index.php\/wp-json\/wp\/v2\/pages\/6495\/revisions"}],"predecessor-version":[{"id":6502,"href":"https:\/\/przedszkole150.edu.wroclaw.pl\/index.php\/wp-json\/wp\/v2\/pages\/6495\/revisions\/6502"}],"wp:attachment":[{"href":"https:\/\/przedszkole150.edu.wroclaw.pl\/index.php\/wp-json\/wp\/v2\/media?parent=6495"}],"curies":[{"name":"wp","href":"https:\/\/api.w.org\/{rel}","templated":true}]}}