
{"id":6596,"date":"2024-11-26T16:55:34","date_gmt":"2024-11-26T15:55:34","guid":{"rendered":"https:\/\/przedszkole150.edu.wroclaw.pl\/?page_id=6596"},"modified":"2024-11-26T16:55:34","modified_gmt":"2024-11-26T15:55:34","slug":"kochamy-misie-dzien-pluszowego-misia","status":"publish","type":"page","link":"https:\/\/przedszkole150.edu.wroclaw.pl\/index.php\/kochamy-misie-dzien-pluszowego-misia\/","title":{"rendered":"Kochamy Misie &#8211; Dzie\u0144 Pluszowego Misia"},"content":{"rendered":"<div class=\"wpb-content-wrapper\"><p>[vc_row][vc_column][vc_column_text]<\/p>\n<div style=\"text-align: center\" data-olk-copy-source=\"MessageBody\"><span style=\"font-family: times new roman, times;font-size: 14pt\">Dnia <strong><span style=\"color: #008000\">25.11.2024 r.<\/span><\/strong> roku w naszym przedszkolu by\u0142 realizowany projekt dzia\u0142a\u0144 edukacyjnych pt. \u201e\u015awiatowy Dzie\u0144 Pluszowego Misia\u201d.<\/span><\/div>\n<div><span style=\"font-family: times new roman, times;font-size: 14pt\"><b>\u00a0<\/b><\/span><\/div>\n<div><span style=\"font-family: times new roman, times;font-size: 14pt\"><b>CELE PROJEKTU:<\/b><\/span><\/div>\n<ul>\n<li><span style=\"font-family: times new roman, times;font-size: 14pt\">zapoznanie dzieci z histori\u0105 \u015awi\u0119ta Pluszowego Misia;<\/span><\/li>\n<li><span style=\"font-family: times new roman, times;font-size: 14pt\">kszta\u0142towanie u dzieci poczucia konieczno\u015bci poszanowania zabawek;<\/span><\/li>\n<li><span style=\"font-family: times new roman, times;font-size: 14pt\">wzbogacenie wiedzy na temat misi\u00f3w \u2013 postaci ksi\u0105\u017ckowych i bajkowych;<\/span><\/li>\n<li><span style=\"font-family: times new roman, times;font-size: 14pt\">nabywanie umiej\u0119tno\u015bci zabawy i pracy w zespole;<\/span><\/li>\n<li>\n<div><span style=\"font-family: times new roman, times;font-size: 14pt\">rozwianie dzieci poprzez po\u0142\u0105czenie wra\u017ce\u0144 ruchowych, s\u0142uchowych, wzrokowych, dotykowych.<\/span><\/div>\n<\/li>\n<\/ul>\n<div><span style=\"font-family: times new roman, times;font-size: 14pt\">Dzie\u0144 Misia w naszym przedszkolu obchodzony by\u0142 bardzo uroczy\u015bcie. Na nasze przedszkolaki czeka\u0142o wiele atrakcji:<\/span><\/div>\n<ul>\n<li><span style=\"font-family: times new roman, times;font-size: 14pt\">\u201eWitamy si\u0119 z misiem\u201d \u2013 powitanie dzieci w holu przedszkola przez misia;<\/span><\/li>\n<li><span style=\"font-family: times new roman, times;font-size: 14pt\">\u201ePrzyj\u0119cie Misia do grona przedszkolak\u00f3w\u201d;<\/span><\/li>\n<li><span style=\"font-family: times new roman, times;font-size: 14pt\">\u201eDzie\u0144 Misia\u201d \u2013 realizacja zaj\u0119\u0107 dydaktycznych w grupach;<\/span><\/li>\n<li><span style=\"font-family: times new roman, times;font-size: 14pt\">\u201eOdwiedziny Misia\u201d \u2013 spotkanie z misiem w sali;<\/span><\/li>\n<li><span style=\"font-family: times new roman, times;font-size: 14pt\">\u201eMisiowe kino\u201d \u2013 w holu przedszkola;<\/span><\/li>\n<li><span style=\"font-family: times new roman, times;font-size: 14pt\">\u201eW misiowej chatce\u201d \u2013 \u00a0zabawy z misiem w holu przedszkola;<\/span><\/li>\n<li><span style=\"font-family: times new roman, times;font-size: 14pt\">\u201eMisiowa fotobudka\u201d \u2013 w holu przedszkola;<\/span><\/li>\n<li><span style=\"font-family: times new roman, times;font-size: 14pt\">\u201eMi\u015b z mojej wyobra\u017ani\u201d \u2013 wystawa prac rodzinnych w holu przedszkola;<\/span><\/li>\n<li><span style=\"font-family: times new roman, times;font-size: 14pt\">\u201eM\u00f3j Mi\u015b\u201d \u2013 wystawa prac przed salami grup;<\/span><\/li>\n<li><span style=\"font-family: times new roman, times;font-size: 14pt\">\u201eNasze Misie\u201d \u2013 wystawa prac grupowych w holu przedszkola.<\/span><\/li>\n<\/ul>\n<div><\/div>\n<div><span style=\"font-family: times new roman, times;font-size: 14pt\">By\u0142 to dzie\u0144 pe\u0142en wra\u017ce\u0144.<\/span><\/div>\n<p>[\/vc_column_text][vc_gallery type=&#8221;image_grid&#8221; images=&#8221;6597,6598,6599,6600,6601,6602,6603,6604,6605,6606,6607,6608,6609,6610,6611,6612,6613,6614,6615&#8243; css=&#8221;&#8221;][\/vc_column][\/vc_row]<\/p>\n<\/div>","protected":false},"excerpt":{"rendered":"<p>[vc_row][vc_column][vc_column_text] Dnia 25.11.2024 r. roku w naszym przedszkolu by\u0142 realizowany projekt dzia\u0142a\u0144 edukacyjnych pt. \u201e\u015awiatowy Dzie\u0144 Pluszowego Misia\u201d. \u00a0 CELE PROJEKTU: zapoznanie dzieci z histori\u0105 \u015awi\u0119ta Pluszowego Misia; kszta\u0142towanie u [&hellip;]<\/p>\n","protected":false},"author":200,"featured_media":0,"parent":0,"menu_order":0,"comment_status":"closed","ping_status":"closed","template":"","meta":{"ngg_post_thumbnail":0,"footnotes":""},"class_list":["post-6596","page","type-page","status-publish","hentry","clearfix"],"_links":{"self":[{"href":"https:\/\/przedszkole150.edu.wroclaw.pl\/index.php\/wp-json\/wp\/v2\/pages\/6596","targetHints":{"allow":["GET"]}}],"collection":[{"href":"https:\/\/przedszkole150.edu.wroclaw.pl\/index.php\/wp-json\/wp\/v2\/pages"}],"about":[{"href":"https:\/\/przedszkole150.edu.wroclaw.pl\/index.php\/wp-json\/wp\/v2\/types\/page"}],"author":[{"embeddable":true,"href":"https:\/\/przedszkole150.edu.wroclaw.pl\/index.php\/wp-json\/wp\/v2\/users\/200"}],"replies":[{"embeddable":true,"href":"https:\/\/przedszkole150.edu.wroclaw.pl\/index.php\/wp-json\/wp\/v2\/comments?post=6596"}],"version-history":[{"count":1,"href":"https:\/\/przedszkole150.edu.wroclaw.pl\/index.php\/wp-json\/wp\/v2\/pages\/6596\/revisions"}],"predecessor-version":[{"id":6616,"href":"https:\/\/przedszkole150.edu.wroclaw.pl\/index.php\/wp-json\/wp\/v2\/pages\/6596\/revisions\/6616"}],"wp:attachment":[{"href":"https:\/\/przedszkole150.edu.wroclaw.pl\/index.php\/wp-json\/wp\/v2\/media?parent=6596"}],"curies":[{"name":"wp","href":"https:\/\/api.w.org\/{rel}","templated":true}]}}