
{"id":66,"date":"2021-04-19T14:50:37","date_gmt":"2021-04-19T12:50:37","guid":{"rendered":"http:\/\/przedszkole150.edu.wroclaw.pl\/?page_id=66"},"modified":"2024-10-25T10:44:17","modified_gmt":"2024-10-25T08:44:17","slug":"zajecia-dodatkowe","status":"publish","type":"page","link":"https:\/\/przedszkole150.edu.wroclaw.pl\/index.php\/dla-rodzicow\/zajecia-dodatkowe\/","title":{"rendered":"Zaj\u0119cia dodatkowe"},"content":{"rendered":"<p style=\"text-align: center\" align=\"center\"><span style=\"font-family: georgia, palatino;font-size: 14pt;color: #008000\"><strong>Przedszkole proponuje bogat\u0105 ofert\u0119 zaj\u0119\u0107 dodatkowych. Zaj\u0119cia dostosowane s\u0105 do mo\u017cliwo\u015bci, zainteresowa\u0144 i potrzeb dzieci.<\/strong><\/span><\/p>\n<p>&nbsp;<\/p>\n<h3><span style=\"color: #008000;font-family: times new roman, times, serif;font-size: 14pt\">ZAJ\u0118CIA \u00a0 RYTMICZNE<\/span><\/h3>\n<p>&nbsp;<\/p>\n<p><span style=\"font-family: times new roman, times, serif;font-size: 14pt\">W zaj\u0119ciach bior\u0105 udzia\u0142 dzieci z wszystkich grup wiekowych.\u00a0 \u0106wiczenia rozwijaj\u0105 u dzieci muzykalno\u015b\u0107 i poczucie rytmu.<\/span><\/p>\n<p>&nbsp;<\/p>\n<h3><\/h3>\n<h3><span style=\"color: #008000;font-family: times new roman, times, serif;font-size: 14pt\">GIMNASTYKA\u00a0\u00a0 OG\u00d3LNOROZWOJOWA <\/span><span style=\"color: #008000;font-family: times new roman, times, serif;font-size: 14pt\"><br \/>\n<\/span><\/h3>\n<p>&nbsp;<\/p>\n<p><span style=\"font-family: times new roman, times, serif;font-size: 14pt\">W zaj\u0119ciach bior\u0105 udzia\u0142 dzieci z wszystkich grup wiekowych.<\/span><\/p>\n<h3><\/h3>\n<p>&nbsp;<\/p>\n<h3><span style=\"color: #008000;font-family: times new roman, times, serif;font-size: 14pt\">ZAJ\u0118CIA\u00a0\u00a0 LOGOPEDYCZNE<\/span><\/h3>\n<p>&nbsp;<\/p>\n<p><span class=\"ILfuVd\" style=\"font-size: 14pt;font-family: times new roman, times, serif\"><span class=\"hgKElc\">Celem zaj\u0119\u0107 logopedycznych jest stymulowanie rozwoju mowy kszta\u0142towanie prawid\u0142owej mowy, zapobieganie wad wymowy, korekta wad wymowy, a tak\u017ce nauczanie mowy w przypadku jej braku lub utraty.<\/span><\/span><\/p>\n<p>&nbsp;<\/p>\n<p>&nbsp;<\/p>\n<p>&nbsp;<\/p>\n<p>&nbsp;<\/p>\n<p>&nbsp;<\/p>\n<h3><\/h3>\n<p>&nbsp;<\/p>\n","protected":false},"excerpt":{"rendered":"<p>Przedszkole proponuje bogat\u0105 ofert\u0119 zaj\u0119\u0107 dodatkowych. Zaj\u0119cia dostosowane s\u0105 do mo\u017cliwo\u015bci, zainteresowa\u0144 i potrzeb dzieci. &nbsp; ZAJ\u0118CIA \u00a0 RYTMICZNE &nbsp; W zaj\u0119ciach bior\u0105 udzia\u0142 dzieci z wszystkich grup wiekowych.\u00a0 \u0106wiczenia [&hellip;]<\/p>\n","protected":false},"author":72,"featured_media":0,"parent":58,"menu_order":0,"comment_status":"closed","ping_status":"closed","template":"","meta":{"ngg_post_thumbnail":0,"footnotes":""},"class_list":["post-66","page","type-page","status-publish","hentry","clearfix"],"_links":{"self":[{"href":"https:\/\/przedszkole150.edu.wroclaw.pl\/index.php\/wp-json\/wp\/v2\/pages\/66","targetHints":{"allow":["GET"]}}],"collection":[{"href":"https:\/\/przedszkole150.edu.wroclaw.pl\/index.php\/wp-json\/wp\/v2\/pages"}],"about":[{"href":"https:\/\/przedszkole150.edu.wroclaw.pl\/index.php\/wp-json\/wp\/v2\/types\/page"}],"author":[{"embeddable":true,"href":"https:\/\/przedszkole150.edu.wroclaw.pl\/index.php\/wp-json\/wp\/v2\/users\/72"}],"replies":[{"embeddable":true,"href":"https:\/\/przedszkole150.edu.wroclaw.pl\/index.php\/wp-json\/wp\/v2\/comments?post=66"}],"version-history":[{"count":19,"href":"https:\/\/przedszkole150.edu.wroclaw.pl\/index.php\/wp-json\/wp\/v2\/pages\/66\/revisions"}],"predecessor-version":[{"id":6466,"href":"https:\/\/przedszkole150.edu.wroclaw.pl\/index.php\/wp-json\/wp\/v2\/pages\/66\/revisions\/6466"}],"up":[{"embeddable":true,"href":"https:\/\/przedszkole150.edu.wroclaw.pl\/index.php\/wp-json\/wp\/v2\/pages\/58"}],"wp:attachment":[{"href":"https:\/\/przedszkole150.edu.wroclaw.pl\/index.php\/wp-json\/wp\/v2\/media?parent=66"}],"curies":[{"name":"wp","href":"https:\/\/api.w.org\/{rel}","templated":true}]}}