
{"id":6642,"date":"2024-12-02T08:29:30","date_gmt":"2024-12-02T07:29:30","guid":{"rendered":"https:\/\/przedszkole150.edu.wroclaw.pl\/?page_id=6642"},"modified":"2024-12-02T08:29:30","modified_gmt":"2024-12-02T07:29:30","slug":"alpaki-w-przedszkolu","status":"publish","type":"page","link":"https:\/\/przedszkole150.edu.wroclaw.pl\/index.php\/alpaki-w-przedszkolu\/","title":{"rendered":"Alpaki w przedszkolu"},"content":{"rendered":"<div class=\"wpb-content-wrapper\"><p>[vc_row][vc_column][vc_column_text]<span style=\"font-family: times new roman, times\"><span style=\"font-size: 14pt\">26.11.2024 r.i 27.11.2024 r.\u00a0 nasze przedszkole odwiedzili niecodzienni go\u015bcie. A kto to taki? \u2013 To alpaki! Sam wygl\u0105d alpak wzbudzi\u0142 sympati\u0119 przedszkolak\u00f3w. Okaza\u0142o si\u0119, \u017ce alpaki s\u0105 bardzo \u0142agodne, dlatego przedszkolaki mog\u0142y samodzielnie nakarmi\u0107 je i pog\u0142aska\u0107 ich futerka.<\/span> <span style=\"font-size: 14pt\">Dowiedzieli\u015bmy si\u0119, \u017ce nasi go\u015bcie to krewni wielb\u0142\u0105d\u00f3w, a z ich sier\u015bci pozyskujemy w\u0142\u00f3czk\u0119 do r\u00f3\u017cnorodnych wyrob\u00f3w. Zaj\u0119cia z alpakami stymuluj\u0105 r\u00f3\u017cne zmys\u0142y: s\u0142uchu, wzroku, dotyku, a obcowanie z nimi generuje du\u017co pozytywnych emocji. Z niecierpliwo\u015bci\u0105 czekamy na kolejne spotkania ze zwierzakami.<\/span><\/span>[\/vc_column_text][vc_gallery type=&#8221;image_grid&#8221; images=&#8221;6643,6644,6645,6646,6647&#8243; css=&#8221;&#8221;][\/vc_column][\/vc_row]<\/p>\n<\/div>","protected":false},"excerpt":{"rendered":"<p>[vc_row][vc_column][vc_column_text]26.11.2024 r.i 27.11.2024 r.\u00a0 nasze przedszkole odwiedzili niecodzienni go\u015bcie. A kto to taki? \u2013 To alpaki! Sam wygl\u0105d alpak wzbudzi\u0142 sympati\u0119 przedszkolak\u00f3w. Okaza\u0142o si\u0119, \u017ce alpaki s\u0105 bardzo \u0142agodne, dlatego [&hellip;]<\/p>\n","protected":false},"author":200,"featured_media":0,"parent":0,"menu_order":0,"comment_status":"closed","ping_status":"closed","template":"","meta":{"ngg_post_thumbnail":0,"footnotes":""},"class_list":["post-6642","page","type-page","status-publish","hentry","clearfix"],"_links":{"self":[{"href":"https:\/\/przedszkole150.edu.wroclaw.pl\/index.php\/wp-json\/wp\/v2\/pages\/6642","targetHints":{"allow":["GET"]}}],"collection":[{"href":"https:\/\/przedszkole150.edu.wroclaw.pl\/index.php\/wp-json\/wp\/v2\/pages"}],"about":[{"href":"https:\/\/przedszkole150.edu.wroclaw.pl\/index.php\/wp-json\/wp\/v2\/types\/page"}],"author":[{"embeddable":true,"href":"https:\/\/przedszkole150.edu.wroclaw.pl\/index.php\/wp-json\/wp\/v2\/users\/200"}],"replies":[{"embeddable":true,"href":"https:\/\/przedszkole150.edu.wroclaw.pl\/index.php\/wp-json\/wp\/v2\/comments?post=6642"}],"version-history":[{"count":1,"href":"https:\/\/przedszkole150.edu.wroclaw.pl\/index.php\/wp-json\/wp\/v2\/pages\/6642\/revisions"}],"predecessor-version":[{"id":6648,"href":"https:\/\/przedszkole150.edu.wroclaw.pl\/index.php\/wp-json\/wp\/v2\/pages\/6642\/revisions\/6648"}],"wp:attachment":[{"href":"https:\/\/przedszkole150.edu.wroclaw.pl\/index.php\/wp-json\/wp\/v2\/media?parent=6642"}],"curies":[{"name":"wp","href":"https:\/\/api.w.org\/{rel}","templated":true}]}}