
{"id":6687,"date":"2024-12-12T13:41:45","date_gmt":"2024-12-12T12:41:45","guid":{"rendered":"https:\/\/przedszkole150.edu.wroclaw.pl\/?page_id=6687"},"modified":"2024-12-12T13:41:45","modified_gmt":"2024-12-12T12:41:45","slug":"wizyta-sw-mikolaja","status":"publish","type":"page","link":"https:\/\/przedszkole150.edu.wroclaw.pl\/index.php\/wizyta-sw-mikolaja\/","title":{"rendered":"Wizyta \u015aw. Miko\u0142aja"},"content":{"rendered":"<div class=\"wpb-content-wrapper\"><p><span style=\"font-family: times new roman, times;font-size: 14pt\">Dnia 6 grudnia w naszym przedszkolu pojawi\u0142 si\u0119 d\u0142ugo oczekiwany go\u015b\u0107 &#8211; \u015bwi\u0119ty Miko\u0142aj . Pomimo braku \u015bniegu we wczesnych godzinach rannych przyby\u0142 do przedszkola. Na jego wizyt\u0119 dzieci cierpliwie czeka\u0142y. Po \u015bniadaniu poznali\u015bmy legend\u0119 o \u015bw. Miko\u0142aju. A nast\u0119pnie udali\u015bmy si\u0119 na sal\u0119 gimnastyczn\u0105 gdzie czekali\u015bmy na\u00a0 spotkanie z mi\u0142ym go\u015bciem. Powitali\u015bmy\u00a0 \u015bw. Miko\u0142aja wierszem i piosenk\u0105. Spotkanie z Miko\u0142ajem min\u0119\u0142o\u00a0 w bardzo mi\u0142ej atmosferze i przynios\u0142a dzieciom wiele rado\u015bci. \u015aw. Miko\u0142aj obdarowa\u0142 wszystkie dzieci prezentami. Cieszymy si\u0119, \u017ce \u00a0\u015aw. Miko\u0142aj o nas pami\u0119ta\u0142 i czekamy na jego wizyt\u0119 w przysz\u0142ym roku.<\/span>[\/vc_column_text][vc_gallery type=&#8221;image_grid&#8221; images=&#8221;6688,6689,6690,6691,6692,6693&#8243; css=&#8221;&#8221;][\/vc_column][\/vc_row]<\/p>\n<\/div>","protected":false},"excerpt":{"rendered":"<p>Dnia 6 grudnia w naszym przedszkolu pojawi\u0142 si\u0119 d\u0142ugo oczekiwany go\u015b\u0107 &#8211; \u015bwi\u0119ty Miko\u0142aj . Pomimo braku \u015bniegu we wczesnych godzinach rannych przyby\u0142 do przedszkola. Na jego wizyt\u0119 dzieci cierpliwie [&hellip;]<\/p>\n","protected":false},"author":200,"featured_media":0,"parent":0,"menu_order":0,"comment_status":"closed","ping_status":"closed","template":"","meta":{"ngg_post_thumbnail":0,"footnotes":""},"class_list":["post-6687","page","type-page","status-publish","hentry","clearfix"],"_links":{"self":[{"href":"https:\/\/przedszkole150.edu.wroclaw.pl\/index.php\/wp-json\/wp\/v2\/pages\/6687","targetHints":{"allow":["GET"]}}],"collection":[{"href":"https:\/\/przedszkole150.edu.wroclaw.pl\/index.php\/wp-json\/wp\/v2\/pages"}],"about":[{"href":"https:\/\/przedszkole150.edu.wroclaw.pl\/index.php\/wp-json\/wp\/v2\/types\/page"}],"author":[{"embeddable":true,"href":"https:\/\/przedszkole150.edu.wroclaw.pl\/index.php\/wp-json\/wp\/v2\/users\/200"}],"replies":[{"embeddable":true,"href":"https:\/\/przedszkole150.edu.wroclaw.pl\/index.php\/wp-json\/wp\/v2\/comments?post=6687"}],"version-history":[{"count":1,"href":"https:\/\/przedszkole150.edu.wroclaw.pl\/index.php\/wp-json\/wp\/v2\/pages\/6687\/revisions"}],"predecessor-version":[{"id":6694,"href":"https:\/\/przedszkole150.edu.wroclaw.pl\/index.php\/wp-json\/wp\/v2\/pages\/6687\/revisions\/6694"}],"wp:attachment":[{"href":"https:\/\/przedszkole150.edu.wroclaw.pl\/index.php\/wp-json\/wp\/v2\/media?parent=6687"}],"curies":[{"name":"wp","href":"https:\/\/api.w.org\/{rel}","templated":true}]}}