
{"id":6704,"date":"2024-12-17T09:08:13","date_gmt":"2024-12-17T08:08:13","guid":{"rendered":"https:\/\/przedszkole150.edu.wroclaw.pl\/?page_id=6704"},"modified":"2024-12-17T09:08:13","modified_gmt":"2024-12-17T08:08:13","slug":"szopki-bozonarodzeniowe-dla-powstancow","status":"publish","type":"page","link":"https:\/\/przedszkole150.edu.wroclaw.pl\/index.php\/szopki-bozonarodzeniowe-dla-powstancow\/","title":{"rendered":"Szopki bo\u017conarodzeniowe dla Powsta\u0144c\u00f3w"},"content":{"rendered":"<p><span data-olk-copy-source=\"MessageBody\">Grupa 5 przygotowa\u0142a dla naszych Powsta\u0144c\u00f3w Warszawskich, Pani Marii Urbaniec- Downarowicz i Pana Stanis\u0142awa Wo\u0142czaskiego szopki bo\u017conarodzeniowe oraz kartki z \u017cyczeniami \u015bwi\u0105tecznymi.\u00a0<\/span><\/p>\n<p><img loading=\"lazy\" decoding=\"async\" class=\"alignnone size-medium wp-image-6705\" src=\"https:\/\/przedszkole150.edu.wroclaw.pl\/wp-content\/uploads\/sites\/61\/2024\/12\/20241215_133408-300x135.jpg\" alt=\"\" width=\"300\" height=\"135\" srcset=\"https:\/\/przedszkole150.edu.wroclaw.pl\/wp-content\/uploads\/sites\/61\/2024\/12\/20241215_133408-300x135.jpg 300w, https:\/\/przedszkole150.edu.wroclaw.pl\/wp-content\/uploads\/sites\/61\/2024\/12\/20241215_133408-1024x460.jpg 1024w, https:\/\/przedszkole150.edu.wroclaw.pl\/wp-content\/uploads\/sites\/61\/2024\/12\/20241215_133408-768x345.jpg 768w, https:\/\/przedszkole150.edu.wroclaw.pl\/wp-content\/uploads\/sites\/61\/2024\/12\/20241215_133408-1536x691.jpg 1536w, https:\/\/przedszkole150.edu.wroclaw.pl\/wp-content\/uploads\/sites\/61\/2024\/12\/20241215_133408-2048x921.jpg 2048w\" sizes=\"auto, (max-width: 300px) 100vw, 300px\" \/><img loading=\"lazy\" decoding=\"async\" class=\"alignnone size-medium wp-image-6706\" src=\"https:\/\/przedszkole150.edu.wroclaw.pl\/wp-content\/uploads\/sites\/61\/2024\/12\/20241215_133533-135x300.jpg\" alt=\"\" width=\"135\" height=\"300\" srcset=\"https:\/\/przedszkole150.edu.wroclaw.pl\/wp-content\/uploads\/sites\/61\/2024\/12\/20241215_133533-135x300.jpg 135w, https:\/\/przedszkole150.edu.wroclaw.pl\/wp-content\/uploads\/sites\/61\/2024\/12\/20241215_133533-460x1024.jpg 460w, https:\/\/przedszkole150.edu.wroclaw.pl\/wp-content\/uploads\/sites\/61\/2024\/12\/20241215_133533-768x1708.jpg 768w, https:\/\/przedszkole150.edu.wroclaw.pl\/wp-content\/uploads\/sites\/61\/2024\/12\/20241215_133533-691x1536.jpg 691w, https:\/\/przedszkole150.edu.wroclaw.pl\/wp-content\/uploads\/sites\/61\/2024\/12\/20241215_133533-921x2048.jpg 921w, https:\/\/przedszkole150.edu.wroclaw.pl\/wp-content\/uploads\/sites\/61\/2024\/12\/20241215_133533-scaled.jpg 1151w\" sizes=\"auto, (max-width: 135px) 100vw, 135px\" \/><img loading=\"lazy\" decoding=\"async\" class=\"alignnone size-medium wp-image-6707\" src=\"https:\/\/przedszkole150.edu.wroclaw.pl\/wp-content\/uploads\/sites\/61\/2024\/12\/20241215_133546-135x300.jpg\" alt=\"\" width=\"135\" height=\"300\" srcset=\"https:\/\/przedszkole150.edu.wroclaw.pl\/wp-content\/uploads\/sites\/61\/2024\/12\/20241215_133546-135x300.jpg 135w, https:\/\/przedszkole150.edu.wroclaw.pl\/wp-content\/uploads\/sites\/61\/2024\/12\/20241215_133546-460x1024.jpg 460w, https:\/\/przedszkole150.edu.wroclaw.pl\/wp-content\/uploads\/sites\/61\/2024\/12\/20241215_133546-768x1708.jpg 768w, https:\/\/przedszkole150.edu.wroclaw.pl\/wp-content\/uploads\/sites\/61\/2024\/12\/20241215_133546-691x1536.jpg 691w, https:\/\/przedszkole150.edu.wroclaw.pl\/wp-content\/uploads\/sites\/61\/2024\/12\/20241215_133546-921x2048.jpg 921w, https:\/\/przedszkole150.edu.wroclaw.pl\/wp-content\/uploads\/sites\/61\/2024\/12\/20241215_133546-scaled.jpg 1151w\" sizes=\"auto, (max-width: 135px) 100vw, 135px\" \/><img loading=\"lazy\" decoding=\"async\" class=\"alignnone size-medium wp-image-6708\" src=\"https:\/\/przedszkole150.edu.wroclaw.pl\/wp-content\/uploads\/sites\/61\/2024\/12\/20241215_133921-300x135.jpg\" alt=\"\" width=\"300\" height=\"135\" srcset=\"https:\/\/przedszkole150.edu.wroclaw.pl\/wp-content\/uploads\/sites\/61\/2024\/12\/20241215_133921-300x135.jpg 300w, https:\/\/przedszkole150.edu.wroclaw.pl\/wp-content\/uploads\/sites\/61\/2024\/12\/20241215_133921-1024x460.jpg 1024w, https:\/\/przedszkole150.edu.wroclaw.pl\/wp-content\/uploads\/sites\/61\/2024\/12\/20241215_133921-768x345.jpg 768w, https:\/\/przedszkole150.edu.wroclaw.pl\/wp-content\/uploads\/sites\/61\/2024\/12\/20241215_133921-1536x691.jpg 1536w, https:\/\/przedszkole150.edu.wroclaw.pl\/wp-content\/uploads\/sites\/61\/2024\/12\/20241215_133921-2048x921.jpg 2048w\" sizes=\"auto, (max-width: 300px) 100vw, 300px\" \/><\/p>\n","protected":false},"excerpt":{"rendered":"<p>Grupa 5 przygotowa\u0142a dla naszych Powsta\u0144c\u00f3w Warszawskich, Pani Marii Urbaniec- Downarowicz i Pana Stanis\u0142awa Wo\u0142czaskiego szopki bo\u017conarodzeniowe oraz kartki z \u017cyczeniami \u015bwi\u0105tecznymi.\u00a0<\/p>\n","protected":false},"author":264,"featured_media":0,"parent":0,"menu_order":0,"comment_status":"closed","ping_status":"closed","template":"","meta":{"ngg_post_thumbnail":0,"footnotes":""},"class_list":["post-6704","page","type-page","status-publish","hentry","clearfix"],"_links":{"self":[{"href":"https:\/\/przedszkole150.edu.wroclaw.pl\/index.php\/wp-json\/wp\/v2\/pages\/6704","targetHints":{"allow":["GET"]}}],"collection":[{"href":"https:\/\/przedszkole150.edu.wroclaw.pl\/index.php\/wp-json\/wp\/v2\/pages"}],"about":[{"href":"https:\/\/przedszkole150.edu.wroclaw.pl\/index.php\/wp-json\/wp\/v2\/types\/page"}],"author":[{"embeddable":true,"href":"https:\/\/przedszkole150.edu.wroclaw.pl\/index.php\/wp-json\/wp\/v2\/users\/264"}],"replies":[{"embeddable":true,"href":"https:\/\/przedszkole150.edu.wroclaw.pl\/index.php\/wp-json\/wp\/v2\/comments?post=6704"}],"version-history":[{"count":1,"href":"https:\/\/przedszkole150.edu.wroclaw.pl\/index.php\/wp-json\/wp\/v2\/pages\/6704\/revisions"}],"predecessor-version":[{"id":6709,"href":"https:\/\/przedszkole150.edu.wroclaw.pl\/index.php\/wp-json\/wp\/v2\/pages\/6704\/revisions\/6709"}],"wp:attachment":[{"href":"https:\/\/przedszkole150.edu.wroclaw.pl\/index.php\/wp-json\/wp\/v2\/media?parent=6704"}],"curies":[{"name":"wp","href":"https:\/\/api.w.org\/{rel}","templated":true}]}}