
{"id":6713,"date":"2024-12-19T07:54:02","date_gmt":"2024-12-19T06:54:02","guid":{"rendered":"https:\/\/przedszkole150.edu.wroclaw.pl\/?page_id=6713"},"modified":"2024-12-20T10:53:23","modified_gmt":"2024-12-20T09:53:23","slug":"spotkanie-swiateczne-w-gr-vii","status":"publish","type":"page","link":"https:\/\/przedszkole150.edu.wroclaw.pl\/index.php\/spotkanie-swiateczne-w-gr-vii\/","title":{"rendered":"Spotkanie \u015bwi\u0105teczne w gr.VII"},"content":{"rendered":"<div class=\"wpb-content-wrapper\"><p>[vc_row][vc_column][vc_column_text css=&#8221;&#8221;]<span style=\"font-family: times new roman, times;font-size: 14pt\">Dn. 11.12.2024 r. w grupie VII odby\u0142o si\u0119 \u015bwi\u0105teczne spotkanie z Rodzicami, na kt\u00f3rym wsp\u00f3lnie wykonali\u015bmy \u015bwi\u0105teczne ozdoby na choink\u0119. W grupie zapanowa\u0142a i\u015bcie \u015bwi\u0105teczna atmosfera. Rodzice i dzieci z zapa\u0142em wykonywali pi\u0119kne ozdoby, wykazuj\u0105c przy tym wiele pomys\u0142owo\u015bci i kreatywno\u015bci. Wsp\u00f3lna tw\u00f3rczo\u015b\u0107 w atmosferze zabawy, zaanga\u017cowanie, prze\u017cyte emocje, a co najwa\u017cniejsze czas, kt\u00f3ry dzieci sp\u0119dzi\u0142y z rodzicami to bardzo cenne do\u015bwiadczenie dla obu stron.<\/span><\/p>\n<p><span style=\"font-family: times new roman, times;font-size: 14pt\">Celem zaj\u0119\u0107 by\u0142o wywo\u0142anie w\u015br\u00f3d dzieci rado\u015bci z powodu zbli\u017caj\u0105cych si\u0119 \u015bwi\u0105t, wzmacnianie wi\u0119zi emocjonalnej w grupie przedszkolnej, integracja \u015brodowiska rodzinnego oraz organizowanie sytuacji sprzyjaj\u0105cej wykorzystywaniu posiadanych sprawno\u015bci i umiej\u0119tno\u015bci. <\/span>[\/vc_column_text][vc_gallery type=&#8221;image_grid&#8221; images=&#8221;6714,6715,6716,6717,6718,6719,6720,6721,6722&#8243; css=&#8221;&#8221;][\/vc_column][\/vc_row]<\/p>\n<\/div>","protected":false},"excerpt":{"rendered":"<p>[vc_row][vc_column][vc_column_text css=&#8221;&#8221;]Dn. 11.12.2024 r. w grupie VII odby\u0142o si\u0119 \u015bwi\u0105teczne spotkanie z Rodzicami, na kt\u00f3rym wsp\u00f3lnie wykonali\u015bmy \u015bwi\u0105teczne ozdoby na choink\u0119. W grupie zapanowa\u0142a i\u015bcie \u015bwi\u0105teczna atmosfera. Rodzice i dzieci [&hellip;]<\/p>\n","protected":false},"author":200,"featured_media":0,"parent":0,"menu_order":0,"comment_status":"closed","ping_status":"closed","template":"","meta":{"ngg_post_thumbnail":0,"footnotes":""},"class_list":["post-6713","page","type-page","status-publish","hentry","clearfix"],"_links":{"self":[{"href":"https:\/\/przedszkole150.edu.wroclaw.pl\/index.php\/wp-json\/wp\/v2\/pages\/6713","targetHints":{"allow":["GET"]}}],"collection":[{"href":"https:\/\/przedszkole150.edu.wroclaw.pl\/index.php\/wp-json\/wp\/v2\/pages"}],"about":[{"href":"https:\/\/przedszkole150.edu.wroclaw.pl\/index.php\/wp-json\/wp\/v2\/types\/page"}],"author":[{"embeddable":true,"href":"https:\/\/przedszkole150.edu.wroclaw.pl\/index.php\/wp-json\/wp\/v2\/users\/200"}],"replies":[{"embeddable":true,"href":"https:\/\/przedszkole150.edu.wroclaw.pl\/index.php\/wp-json\/wp\/v2\/comments?post=6713"}],"version-history":[{"count":3,"href":"https:\/\/przedszkole150.edu.wroclaw.pl\/index.php\/wp-json\/wp\/v2\/pages\/6713\/revisions"}],"predecessor-version":[{"id":6743,"href":"https:\/\/przedszkole150.edu.wroclaw.pl\/index.php\/wp-json\/wp\/v2\/pages\/6713\/revisions\/6743"}],"wp:attachment":[{"href":"https:\/\/przedszkole150.edu.wroclaw.pl\/index.php\/wp-json\/wp\/v2\/media?parent=6713"}],"curies":[{"name":"wp","href":"https:\/\/api.w.org\/{rel}","templated":true}]}}