
{"id":6727,"date":"2024-12-20T10:48:20","date_gmt":"2024-12-20T09:48:20","guid":{"rendered":"https:\/\/przedszkole150.edu.wroclaw.pl\/?page_id=6727"},"modified":"2024-12-20T10:48:20","modified_gmt":"2024-12-20T09:48:20","slug":"swieta-tuz-tuz","status":"publish","type":"page","link":"https:\/\/przedszkole150.edu.wroclaw.pl\/index.php\/swieta-tuz-tuz\/","title":{"rendered":"\u015awi\u0119ta tu\u017c, tu\u017c&#8230;"},"content":{"rendered":"<div class=\"wpb-content-wrapper\"><p>[vc_row][vc_column][vc_column_text]<span style=\"font-family: times new roman, times;font-size: 14pt\">Okres przed\u015bwi\u0105teczny w naszym Przedszkolu by\u0142 czasem intensywnych, ale i radosnych przygotowa\u0144 do \u015awi\u0105t Bo\u017cego Narodzenia. Podczas zaj\u0119\u0107 dzieci poznawa\u0142y tradycje bo\u017conarodzeniowe i zwi\u0105zane z tym \u015bwi\u0119tem obyczaje panuj\u0105ce w Polsce. Choinka, prezenty, st\u00f3\u0142 wigilijny to g\u0142\u00f3wne motywy przewodnie grudniowych prac plastycznych naszych przedszkolak\u00f3w. Dzieci wykonywa\u0142y proste ozdoby \u015bwi\u0105teczne, dekorowa\u0142y pierniczki, ubiera\u0142y wsp\u00f3lnie choink\u0119. By\u0142o wiele emocji, a w trakcie tej tw\u00f3rczej pracy towarzyszy\u0142y dzieciom d\u017awi\u0119ki tradycyjnych kol\u0119d. Wykonane prace przyozdobi\u0142y sale oraz korytarze naszej plac\u00f3wki, a \u015bwi\u0105teczny klimat wprawi\u0142 wszystkich w \u015bwi\u0105teczny nastr\u00f3j.<br \/>\n<\/span>[\/vc_column_text][vc_gallery type=&#8221;image_grid&#8221; images=&#8221;6728,6729,6730,6731,6732,6733,6734,6735,6736,6737,6738,6739,6740&#8243; css=&#8221;&#8221;][\/vc_column][\/vc_row]<\/p>\n<\/div>","protected":false},"excerpt":{"rendered":"<p>[vc_row][vc_column][vc_column_text]Okres przed\u015bwi\u0105teczny w naszym Przedszkolu by\u0142 czasem intensywnych, ale i radosnych przygotowa\u0144 do \u015awi\u0105t Bo\u017cego Narodzenia. Podczas zaj\u0119\u0107 dzieci poznawa\u0142y tradycje bo\u017conarodzeniowe i zwi\u0105zane z tym \u015bwi\u0119tem obyczaje panuj\u0105ce w [&hellip;]<\/p>\n","protected":false},"author":200,"featured_media":0,"parent":0,"menu_order":0,"comment_status":"closed","ping_status":"closed","template":"","meta":{"ngg_post_thumbnail":0,"footnotes":""},"class_list":["post-6727","page","type-page","status-publish","hentry","clearfix"],"_links":{"self":[{"href":"https:\/\/przedszkole150.edu.wroclaw.pl\/index.php\/wp-json\/wp\/v2\/pages\/6727","targetHints":{"allow":["GET"]}}],"collection":[{"href":"https:\/\/przedszkole150.edu.wroclaw.pl\/index.php\/wp-json\/wp\/v2\/pages"}],"about":[{"href":"https:\/\/przedszkole150.edu.wroclaw.pl\/index.php\/wp-json\/wp\/v2\/types\/page"}],"author":[{"embeddable":true,"href":"https:\/\/przedszkole150.edu.wroclaw.pl\/index.php\/wp-json\/wp\/v2\/users\/200"}],"replies":[{"embeddable":true,"href":"https:\/\/przedszkole150.edu.wroclaw.pl\/index.php\/wp-json\/wp\/v2\/comments?post=6727"}],"version-history":[{"count":1,"href":"https:\/\/przedszkole150.edu.wroclaw.pl\/index.php\/wp-json\/wp\/v2\/pages\/6727\/revisions"}],"predecessor-version":[{"id":6741,"href":"https:\/\/przedszkole150.edu.wroclaw.pl\/index.php\/wp-json\/wp\/v2\/pages\/6727\/revisions\/6741"}],"wp:attachment":[{"href":"https:\/\/przedszkole150.edu.wroclaw.pl\/index.php\/wp-json\/wp\/v2\/media?parent=6727"}],"curies":[{"name":"wp","href":"https:\/\/api.w.org\/{rel}","templated":true}]}}