
{"id":6756,"date":"2025-01-06T12:41:07","date_gmt":"2025-01-06T11:41:07","guid":{"rendered":"https:\/\/przedszkole150.edu.wroclaw.pl\/?page_id=6756"},"modified":"2025-01-06T12:41:07","modified_gmt":"2025-01-06T11:41:07","slug":"jaselka-2024","status":"publish","type":"page","link":"https:\/\/przedszkole150.edu.wroclaw.pl\/index.php\/jaselka-2024\/","title":{"rendered":"Jase\u0142ka 2024"},"content":{"rendered":"<div class=\"wpb-content-wrapper\"><p>[vc_row][vc_column][vc_column_text]<span style=\"font-family: times new roman, times;font-size: 14pt\">Dn. <strong>18.12.2024 r.<\/strong> w naszym przedszkolu odby\u0142o si\u0119 przedstawienie bo\u017conarodzeniowe. Jase\u0142ka w wykonaniu dzieci z gr. V i VI by\u0142y mi\u0142ym akcentem \u015awi\u0105t Bo\u017cego Narodzenia. By\u0142a to tak\u017ce doskona\u0142a okazja do wsp\u00f3lnego kol\u0119dowania wraz z zaproszonymi Rodzicami naszych podopiecznych. <\/span>[\/vc_column_text][vc_gallery type=&#8221;image_grid&#8221; images=&#8221;6757,6758,6759,6760,6761,6762&#8243; css=&#8221;&#8221;][\/vc_column][\/vc_row]<\/p>\n<\/div>","protected":false},"excerpt":{"rendered":"<p>[vc_row][vc_column][vc_column_text]Dn. 18.12.2024 r. w naszym przedszkolu odby\u0142o si\u0119 przedstawienie bo\u017conarodzeniowe. Jase\u0142ka w wykonaniu dzieci z gr. V i VI by\u0142y mi\u0142ym akcentem \u015awi\u0105t Bo\u017cego Narodzenia. By\u0142a to tak\u017ce doskona\u0142a okazja [&hellip;]<\/p>\n","protected":false},"author":200,"featured_media":0,"parent":0,"menu_order":0,"comment_status":"closed","ping_status":"closed","template":"","meta":{"ngg_post_thumbnail":0,"footnotes":""},"class_list":["post-6756","page","type-page","status-publish","hentry","clearfix"],"_links":{"self":[{"href":"https:\/\/przedszkole150.edu.wroclaw.pl\/index.php\/wp-json\/wp\/v2\/pages\/6756","targetHints":{"allow":["GET"]}}],"collection":[{"href":"https:\/\/przedszkole150.edu.wroclaw.pl\/index.php\/wp-json\/wp\/v2\/pages"}],"about":[{"href":"https:\/\/przedszkole150.edu.wroclaw.pl\/index.php\/wp-json\/wp\/v2\/types\/page"}],"author":[{"embeddable":true,"href":"https:\/\/przedszkole150.edu.wroclaw.pl\/index.php\/wp-json\/wp\/v2\/users\/200"}],"replies":[{"embeddable":true,"href":"https:\/\/przedszkole150.edu.wroclaw.pl\/index.php\/wp-json\/wp\/v2\/comments?post=6756"}],"version-history":[{"count":1,"href":"https:\/\/przedszkole150.edu.wroclaw.pl\/index.php\/wp-json\/wp\/v2\/pages\/6756\/revisions"}],"predecessor-version":[{"id":6763,"href":"https:\/\/przedszkole150.edu.wroclaw.pl\/index.php\/wp-json\/wp\/v2\/pages\/6756\/revisions\/6763"}],"wp:attachment":[{"href":"https:\/\/przedszkole150.edu.wroclaw.pl\/index.php\/wp-json\/wp\/v2\/media?parent=6756"}],"curies":[{"name":"wp","href":"https:\/\/api.w.org\/{rel}","templated":true}]}}