
{"id":6772,"date":"2025-01-09T10:45:01","date_gmt":"2025-01-09T09:45:01","guid":{"rendered":"https:\/\/przedszkole150.edu.wroclaw.pl\/?page_id=6772"},"modified":"2025-01-09T10:45:01","modified_gmt":"2025-01-09T09:45:01","slug":"zabawy-sensoryczne-w-gr-7","status":"publish","type":"page","link":"https:\/\/przedszkole150.edu.wroclaw.pl\/index.php\/zabawy-sensoryczne-w-gr-7\/","title":{"rendered":"Zabawy sensoryczne w gr.7"},"content":{"rendered":"<div class=\"wpb-content-wrapper\"><p>[vc_row][vc_column][vc_column_text]<span style=\"font-family: times new roman, times;font-size: 14pt\">Zima sprzyja zabawom sensorycznym. Nasz\u0105 kolejn\u0105 by\u0142a zabawa\u00a0 z cukrem, za pomoc\u0105 kt\u00f3rego stworzyli\u015bmy cukrowe p\u0142atki \u015bniegu. Celem og\u00f3lnym zaj\u0119\u0107 by\u0142o rozbudzenie ciekawo\u015bci otaczaj\u0105cego \u015bwiata oraz nauczenie dzieci prowadzenia obserwacji i wyci\u0105gni\u0119cie wniosk\u00f3w z do\u015bwiadcze\u0144 i eksperyment\u00f3w.<br \/>\n<\/span>[\/vc_column_text][vc_gallery type=&#8221;image_grid&#8221; images=&#8221;6773,6774,6775,6776,6777,6778,6779,6780,6781,6782&#8243; css=&#8221;&#8221;][\/vc_column][\/vc_row]<\/p>\n<\/div>","protected":false},"excerpt":{"rendered":"<p>[vc_row][vc_column][vc_column_text]Zima sprzyja zabawom sensorycznym. Nasz\u0105 kolejn\u0105 by\u0142a zabawa\u00a0 z cukrem, za pomoc\u0105 kt\u00f3rego stworzyli\u015bmy cukrowe p\u0142atki \u015bniegu. Celem og\u00f3lnym zaj\u0119\u0107 by\u0142o rozbudzenie ciekawo\u015bci otaczaj\u0105cego \u015bwiata oraz nauczenie dzieci prowadzenia obserwacji [&hellip;]<\/p>\n","protected":false},"author":200,"featured_media":0,"parent":0,"menu_order":0,"comment_status":"closed","ping_status":"closed","template":"","meta":{"ngg_post_thumbnail":0,"footnotes":""},"class_list":["post-6772","page","type-page","status-publish","hentry","clearfix"],"_links":{"self":[{"href":"https:\/\/przedszkole150.edu.wroclaw.pl\/index.php\/wp-json\/wp\/v2\/pages\/6772","targetHints":{"allow":["GET"]}}],"collection":[{"href":"https:\/\/przedszkole150.edu.wroclaw.pl\/index.php\/wp-json\/wp\/v2\/pages"}],"about":[{"href":"https:\/\/przedszkole150.edu.wroclaw.pl\/index.php\/wp-json\/wp\/v2\/types\/page"}],"author":[{"embeddable":true,"href":"https:\/\/przedszkole150.edu.wroclaw.pl\/index.php\/wp-json\/wp\/v2\/users\/200"}],"replies":[{"embeddable":true,"href":"https:\/\/przedszkole150.edu.wroclaw.pl\/index.php\/wp-json\/wp\/v2\/comments?post=6772"}],"version-history":[{"count":1,"href":"https:\/\/przedszkole150.edu.wroclaw.pl\/index.php\/wp-json\/wp\/v2\/pages\/6772\/revisions"}],"predecessor-version":[{"id":6783,"href":"https:\/\/przedszkole150.edu.wroclaw.pl\/index.php\/wp-json\/wp\/v2\/pages\/6772\/revisions\/6783"}],"wp:attachment":[{"href":"https:\/\/przedszkole150.edu.wroclaw.pl\/index.php\/wp-json\/wp\/v2\/media?parent=6772"}],"curies":[{"name":"wp","href":"https:\/\/api.w.org\/{rel}","templated":true}]}}