
{"id":6793,"date":"2025-01-20T18:55:35","date_gmt":"2025-01-20T17:55:35","guid":{"rendered":"https:\/\/przedszkole150.edu.wroclaw.pl\/?page_id=6793"},"modified":"2025-01-20T18:55:35","modified_gmt":"2025-01-20T17:55:35","slug":"konkurs-plastyczny-kolorowa-jesien","status":"publish","type":"page","link":"https:\/\/przedszkole150.edu.wroclaw.pl\/index.php\/konkurs-plastyczny-kolorowa-jesien\/","title":{"rendered":"Konkurs plastyczny &#8222;Kolorowa jesie\u0144&#8221;"},"content":{"rendered":"<div class=\"wpb-content-wrapper\"><p>[vc_row][vc_column][vc_column_text]<span style=\"font-family: times new roman, times;font-size: 14pt\">Dzieci z naszego przedszkola wzi\u0119\u0142y udzia\u0142 w konkursie plastycznym pt. <span style=\"color: #ff6600\"><em>&#8222;Kolorowa jesie\u0144&#8221;<\/em><\/span>, kt\u00f3rego organizatorem by\u0142o Przedszkole Nr 73 w Zespole Szkolno-Przedszkolnym Nr 23. <\/span><\/p>\n<p><span style=\"font-family: times new roman, times;font-size: 14pt\">Celem konkursu by\u0142o utrwalanie charakterystycznych cech krajobrazu jesiennego, uwra\u017cliwianie na pi\u0119kno przyrody oraz pobudzanie wyobra\u017ani i pomys\u0142owo\u015bci w\u015br\u00f3d dzieci.<br \/>\n<\/span><\/p>\n<p><span style=\"color: #ff0000;font-family: times new roman, times;font-size: 14pt\"><strong><span style=\"color: #000000\">Wyr\u00f3\u017cnienie za swoj\u0105 prac\u0119 otrzymali:\u00a0<\/span> Alicja P. z gr.VII oraz Grzegorz z gr.V.<\/strong> <\/span><\/p>\n<p>Gratulujemy![\/vc_column_text][vc_gallery type=&#8221;image_grid&#8221; images=&#8221;6794,6795,6796,6797&#8243; css=&#8221;&#8221;][\/vc_column][\/vc_row]<\/p>\n<\/div>","protected":false},"excerpt":{"rendered":"<p>[vc_row][vc_column][vc_column_text]Dzieci z naszego przedszkola wzi\u0119\u0142y udzia\u0142 w konkursie plastycznym pt. &#8222;Kolorowa jesie\u0144&#8221;, kt\u00f3rego organizatorem by\u0142o Przedszkole Nr 73 w Zespole Szkolno-Przedszkolnym Nr 23. Celem konkursu by\u0142o utrwalanie charakterystycznych cech krajobrazu [&hellip;]<\/p>\n","protected":false},"author":200,"featured_media":0,"parent":0,"menu_order":0,"comment_status":"closed","ping_status":"closed","template":"","meta":{"ngg_post_thumbnail":0,"footnotes":""},"class_list":["post-6793","page","type-page","status-publish","hentry","clearfix"],"_links":{"self":[{"href":"https:\/\/przedszkole150.edu.wroclaw.pl\/index.php\/wp-json\/wp\/v2\/pages\/6793","targetHints":{"allow":["GET"]}}],"collection":[{"href":"https:\/\/przedszkole150.edu.wroclaw.pl\/index.php\/wp-json\/wp\/v2\/pages"}],"about":[{"href":"https:\/\/przedszkole150.edu.wroclaw.pl\/index.php\/wp-json\/wp\/v2\/types\/page"}],"author":[{"embeddable":true,"href":"https:\/\/przedszkole150.edu.wroclaw.pl\/index.php\/wp-json\/wp\/v2\/users\/200"}],"replies":[{"embeddable":true,"href":"https:\/\/przedszkole150.edu.wroclaw.pl\/index.php\/wp-json\/wp\/v2\/comments?post=6793"}],"version-history":[{"count":1,"href":"https:\/\/przedszkole150.edu.wroclaw.pl\/index.php\/wp-json\/wp\/v2\/pages\/6793\/revisions"}],"predecessor-version":[{"id":6798,"href":"https:\/\/przedszkole150.edu.wroclaw.pl\/index.php\/wp-json\/wp\/v2\/pages\/6793\/revisions\/6798"}],"wp:attachment":[{"href":"https:\/\/przedszkole150.edu.wroclaw.pl\/index.php\/wp-json\/wp\/v2\/media?parent=6793"}],"curies":[{"name":"wp","href":"https:\/\/api.w.org\/{rel}","templated":true}]}}