
{"id":6855,"date":"2025-02-10T14:31:29","date_gmt":"2025-02-10T13:31:29","guid":{"rendered":"https:\/\/przedszkole150.edu.wroclaw.pl\/?page_id=6855"},"modified":"2025-02-10T14:34:11","modified_gmt":"2025-02-10T13:34:11","slug":"zimowe-kodowanie","status":"publish","type":"page","link":"https:\/\/przedszkole150.edu.wroclaw.pl\/index.php\/zimowe-kodowanie\/","title":{"rendered":"Zimowe kodowanie"},"content":{"rendered":"<div class=\"wpb-content-wrapper\"><p>[vc_row][vc_column][vc_column_text]<span style=\"font-family: times new roman, times\"><span style=\"font-size: 14pt\">Nasze przedszkolaki kontynuuj\u0105 zabaw\u0119 z kodowaniem. Podczas zaj\u0119\u0107 z kodowania, dzieci kszta\u0142tuj\u0105 umiej\u0119tno\u015b\u0107 kodowania, czyli przetwarzania informacji w postaci kodu. Doskonal\u0105 zdolno\u015b\u0107 rozpoznawania i pos\u0142ugiwania si\u0119 poj\u0119ciami: koloru, kszta\u0142tu. Rozwijaj\u0105 przy tym spostrzegawczo\u015b\u0107 wzrokow\u0105, orientacj\u0119 w przestrzeni, logiczne my\u015blenie, umiej\u0119tno\u015b\u0107 dedukcji, wnioskowania, segregowania i klasyfikowania, reaguj\u0105 na rytmiczno\u015b\u0107 wzoru. Doskonal\u0105 umiej\u0119tno\u015b\u0107 pracy zespo\u0142owej, a tak\u017ce zadaniowego podej\u015bcia do stawianych problem\u00f3w. Na zaj\u0119ciach dzieci kodowa\u0142y \u015bnie\u017cynki, przelicza\u0142y je i uk\u0142ada\u0142y wed\u0142ug charakterystycznego wzoru. Na koniec zbudowa\u0142y wie\u017c\u0119 z kolorowych kubeczk\u00f3w.<\/span><\/span>[\/vc_column_text][vc_gallery type=&#8221;image_grid&#8221; images=&#8221;6853,6852,6851,6850,6849,6848,6847,6846,6845,6844,6843&#8243; css=&#8221;&#8221;][\/vc_column][\/vc_row]<\/p>\n<\/div>","protected":false},"excerpt":{"rendered":"<p>[vc_row][vc_column][vc_column_text]Nasze przedszkolaki kontynuuj\u0105 zabaw\u0119 z kodowaniem. Podczas zaj\u0119\u0107 z kodowania, dzieci kszta\u0142tuj\u0105 umiej\u0119tno\u015b\u0107 kodowania, czyli przetwarzania informacji w postaci kodu. Doskonal\u0105 zdolno\u015b\u0107 rozpoznawania i pos\u0142ugiwania si\u0119 poj\u0119ciami: koloru, kszta\u0142tu. Rozwijaj\u0105 [&hellip;]<\/p>\n","protected":false},"author":200,"featured_media":0,"parent":0,"menu_order":0,"comment_status":"closed","ping_status":"closed","template":"","meta":{"ngg_post_thumbnail":0,"footnotes":""},"class_list":["post-6855","page","type-page","status-publish","hentry","clearfix"],"_links":{"self":[{"href":"https:\/\/przedszkole150.edu.wroclaw.pl\/index.php\/wp-json\/wp\/v2\/pages\/6855","targetHints":{"allow":["GET"]}}],"collection":[{"href":"https:\/\/przedszkole150.edu.wroclaw.pl\/index.php\/wp-json\/wp\/v2\/pages"}],"about":[{"href":"https:\/\/przedszkole150.edu.wroclaw.pl\/index.php\/wp-json\/wp\/v2\/types\/page"}],"author":[{"embeddable":true,"href":"https:\/\/przedszkole150.edu.wroclaw.pl\/index.php\/wp-json\/wp\/v2\/users\/200"}],"replies":[{"embeddable":true,"href":"https:\/\/przedszkole150.edu.wroclaw.pl\/index.php\/wp-json\/wp\/v2\/comments?post=6855"}],"version-history":[{"count":2,"href":"https:\/\/przedszkole150.edu.wroclaw.pl\/index.php\/wp-json\/wp\/v2\/pages\/6855\/revisions"}],"predecessor-version":[{"id":6858,"href":"https:\/\/przedszkole150.edu.wroclaw.pl\/index.php\/wp-json\/wp\/v2\/pages\/6855\/revisions\/6858"}],"wp:attachment":[{"href":"https:\/\/przedszkole150.edu.wroclaw.pl\/index.php\/wp-json\/wp\/v2\/media?parent=6855"}],"curies":[{"name":"wp","href":"https:\/\/api.w.org\/{rel}","templated":true}]}}