
{"id":6869,"date":"2025-02-12T13:25:34","date_gmt":"2025-02-12T12:25:34","guid":{"rendered":"https:\/\/przedszkole150.edu.wroclaw.pl\/?page_id=6869"},"modified":"2025-02-12T13:25:34","modified_gmt":"2025-02-12T12:25:34","slug":"nasz-kozanow-zabawy-konstrukcyjne","status":"publish","type":"page","link":"https:\/\/przedszkole150.edu.wroclaw.pl\/index.php\/nasz-kozanow-zabawy-konstrukcyjne\/","title":{"rendered":"Nasz Kozan\u00f3w &#8211; zabawy konstrukcyjne"},"content":{"rendered":"<div class=\"wpb-content-wrapper\"><p>[vc_row][vc_column][vc_column_text]<span class=\"BxUVEf ILfuVd\" lang=\"pl\" style=\"font-family: times new roman, times;font-size: 14pt\"><span class=\"hgKElc\">Uk\u0142adanie klock\u00f3w pobudza kreatywno\u015b\u0107 i wyobra\u017ani\u0119 dziecka. Dziecko mo\u017ce wymy\u015bla\u0107 swoje w\u0142asne budowle i tworzy\u0107 nawet bardzo skomplikowane konstrukcje. Buduj\u0105c wed\u0142ug okre\u015blonego wzoru, uczy si\u0119 z kolei cierpliwo\u015bci, trenuje koncentracj\u0119 i rozwi\u0105zuje problemy, a tak\u017ce rozwija wyobra\u017ani\u0119 przestrzenn\u0105.<br \/>\n<\/span><\/span><\/p>\n<p><span style=\"font-family: times new roman, times;font-size: 14pt\">Dodatkowo, budowanie z klock\u00f3w pozwala dzieciom rozwija\u0107 umiej\u0119tno\u015bci manualne, skupia\u0107 si\u0119 i wsp\u00f3\u0142pracowa\u0107 z innymi.<br \/>\n<\/span><\/p>\n<p><span style=\"font-family: times new roman, times;font-size: 14pt\">Efektem dzisiejszej zabawy w gr.7 by\u0142a\u00a0 konstrukcja osiedla Kozan\u00f3w.<br \/>\n<\/span>[\/vc_column_text][vc_gallery type=&#8221;image_grid&#8221; images=&#8221;6870,6871,6872,6873,6874,6875,6876,6877&#8243; css=&#8221;&#8221;][\/vc_column][\/vc_row]<\/p>\n<\/div>","protected":false},"excerpt":{"rendered":"<p>[vc_row][vc_column][vc_column_text]Uk\u0142adanie klock\u00f3w pobudza kreatywno\u015b\u0107 i wyobra\u017ani\u0119 dziecka. Dziecko mo\u017ce wymy\u015bla\u0107 swoje w\u0142asne budowle i tworzy\u0107 nawet bardzo skomplikowane konstrukcje. Buduj\u0105c wed\u0142ug okre\u015blonego wzoru, uczy si\u0119 z kolei cierpliwo\u015bci, trenuje koncentracj\u0119 [&hellip;]<\/p>\n","protected":false},"author":200,"featured_media":0,"parent":0,"menu_order":0,"comment_status":"closed","ping_status":"closed","template":"","meta":{"ngg_post_thumbnail":0,"footnotes":""},"class_list":["post-6869","page","type-page","status-publish","hentry","clearfix"],"_links":{"self":[{"href":"https:\/\/przedszkole150.edu.wroclaw.pl\/index.php\/wp-json\/wp\/v2\/pages\/6869","targetHints":{"allow":["GET"]}}],"collection":[{"href":"https:\/\/przedszkole150.edu.wroclaw.pl\/index.php\/wp-json\/wp\/v2\/pages"}],"about":[{"href":"https:\/\/przedszkole150.edu.wroclaw.pl\/index.php\/wp-json\/wp\/v2\/types\/page"}],"author":[{"embeddable":true,"href":"https:\/\/przedszkole150.edu.wroclaw.pl\/index.php\/wp-json\/wp\/v2\/users\/200"}],"replies":[{"embeddable":true,"href":"https:\/\/przedszkole150.edu.wroclaw.pl\/index.php\/wp-json\/wp\/v2\/comments?post=6869"}],"version-history":[{"count":1,"href":"https:\/\/przedszkole150.edu.wroclaw.pl\/index.php\/wp-json\/wp\/v2\/pages\/6869\/revisions"}],"predecessor-version":[{"id":6878,"href":"https:\/\/przedszkole150.edu.wroclaw.pl\/index.php\/wp-json\/wp\/v2\/pages\/6869\/revisions\/6878"}],"wp:attachment":[{"href":"https:\/\/przedszkole150.edu.wroclaw.pl\/index.php\/wp-json\/wp\/v2\/media?parent=6869"}],"curies":[{"name":"wp","href":"https:\/\/api.w.org\/{rel}","templated":true}]}}