
{"id":6892,"date":"2025-02-24T07:33:54","date_gmt":"2025-02-24T06:33:54","guid":{"rendered":"https:\/\/przedszkole150.edu.wroclaw.pl\/?page_id=6892"},"modified":"2025-02-24T07:33:54","modified_gmt":"2025-02-24T06:33:54","slug":"bohateron","status":"publish","type":"page","link":"https:\/\/przedszkole150.edu.wroclaw.pl\/index.php\/bohateron\/","title":{"rendered":"Bohateron"},"content":{"rendered":"<p>Grupa 5 zako\u0144czy\u0142a og\u00f3lnopolski projekt Bohateron M\u0142ode G\u0142owy. Wszystkie dzieci otrzyma\u0142y pami\u0105tkowe dyplomy. Gratulujemy!<\/p>\n<p><img loading=\"lazy\" decoding=\"async\" class=\"alignnone size-medium wp-image-6893\" src=\"https:\/\/przedszkole150.edu.wroclaw.pl\/wp-content\/uploads\/sites\/61\/2025\/02\/8a9d7717-d1f1-4dc8-88b1-e3b017c1a84c-135x300.jpeg\" alt=\"\" width=\"135\" height=\"300\" srcset=\"https:\/\/przedszkole150.edu.wroclaw.pl\/wp-content\/uploads\/sites\/61\/2025\/02\/8a9d7717-d1f1-4dc8-88b1-e3b017c1a84c-135x300.jpeg 135w, https:\/\/przedszkole150.edu.wroclaw.pl\/wp-content\/uploads\/sites\/61\/2025\/02\/8a9d7717-d1f1-4dc8-88b1-e3b017c1a84c-460x1024.jpeg 460w, https:\/\/przedszkole150.edu.wroclaw.pl\/wp-content\/uploads\/sites\/61\/2025\/02\/8a9d7717-d1f1-4dc8-88b1-e3b017c1a84c-768x1710.jpeg 768w, https:\/\/przedszkole150.edu.wroclaw.pl\/wp-content\/uploads\/sites\/61\/2025\/02\/8a9d7717-d1f1-4dc8-88b1-e3b017c1a84c-690x1536.jpeg 690w, https:\/\/przedszkole150.edu.wroclaw.pl\/wp-content\/uploads\/sites\/61\/2025\/02\/8a9d7717-d1f1-4dc8-88b1-e3b017c1a84c.jpeg 920w\" sizes=\"auto, (max-width: 135px) 100vw, 135px\" \/><img loading=\"lazy\" decoding=\"async\" class=\"alignnone size-medium wp-image-6894\" src=\"https:\/\/przedszkole150.edu.wroclaw.pl\/wp-content\/uploads\/sites\/61\/2025\/02\/48ec5b97-9401-4daa-b918-6782cb758bc1-135x300.jpeg\" alt=\"\" width=\"135\" height=\"300\" srcset=\"https:\/\/przedszkole150.edu.wroclaw.pl\/wp-content\/uploads\/sites\/61\/2025\/02\/48ec5b97-9401-4daa-b918-6782cb758bc1-135x300.jpeg 135w, https:\/\/przedszkole150.edu.wroclaw.pl\/wp-content\/uploads\/sites\/61\/2025\/02\/48ec5b97-9401-4daa-b918-6782cb758bc1-460x1024.jpeg 460w, https:\/\/przedszkole150.edu.wroclaw.pl\/wp-content\/uploads\/sites\/61\/2025\/02\/48ec5b97-9401-4daa-b918-6782cb758bc1-768x1710.jpeg 768w, https:\/\/przedszkole150.edu.wroclaw.pl\/wp-content\/uploads\/sites\/61\/2025\/02\/48ec5b97-9401-4daa-b918-6782cb758bc1-690x1536.jpeg 690w, https:\/\/przedszkole150.edu.wroclaw.pl\/wp-content\/uploads\/sites\/61\/2025\/02\/48ec5b97-9401-4daa-b918-6782cb758bc1.jpeg 920w\" sizes=\"auto, (max-width: 135px) 100vw, 135px\" \/><img loading=\"lazy\" decoding=\"async\" class=\"alignnone size-medium wp-image-6895\" src=\"https:\/\/przedszkole150.edu.wroclaw.pl\/wp-content\/uploads\/sites\/61\/2025\/02\/507d80a1-bb39-499f-a8f2-f6f3a514d19e-135x300.jpeg\" alt=\"\" width=\"135\" height=\"300\" srcset=\"https:\/\/przedszkole150.edu.wroclaw.pl\/wp-content\/uploads\/sites\/61\/2025\/02\/507d80a1-bb39-499f-a8f2-f6f3a514d19e-135x300.jpeg 135w, https:\/\/przedszkole150.edu.wroclaw.pl\/wp-content\/uploads\/sites\/61\/2025\/02\/507d80a1-bb39-499f-a8f2-f6f3a514d19e-460x1024.jpeg 460w, https:\/\/przedszkole150.edu.wroclaw.pl\/wp-content\/uploads\/sites\/61\/2025\/02\/507d80a1-bb39-499f-a8f2-f6f3a514d19e-768x1710.jpeg 768w, https:\/\/przedszkole150.edu.wroclaw.pl\/wp-content\/uploads\/sites\/61\/2025\/02\/507d80a1-bb39-499f-a8f2-f6f3a514d19e-690x1536.jpeg 690w, https:\/\/przedszkole150.edu.wroclaw.pl\/wp-content\/uploads\/sites\/61\/2025\/02\/507d80a1-bb39-499f-a8f2-f6f3a514d19e.jpeg 920w\" sizes=\"auto, (max-width: 135px) 100vw, 135px\" \/><\/p>\n","protected":false},"excerpt":{"rendered":"<p>Grupa 5 zako\u0144czy\u0142a og\u00f3lnopolski projekt Bohateron M\u0142ode G\u0142owy. Wszystkie dzieci otrzyma\u0142y pami\u0105tkowe dyplomy. Gratulujemy!<\/p>\n","protected":false},"author":264,"featured_media":0,"parent":0,"menu_order":0,"comment_status":"closed","ping_status":"closed","template":"","meta":{"ngg_post_thumbnail":0,"footnotes":""},"class_list":["post-6892","page","type-page","status-publish","hentry","clearfix"],"_links":{"self":[{"href":"https:\/\/przedszkole150.edu.wroclaw.pl\/index.php\/wp-json\/wp\/v2\/pages\/6892","targetHints":{"allow":["GET"]}}],"collection":[{"href":"https:\/\/przedszkole150.edu.wroclaw.pl\/index.php\/wp-json\/wp\/v2\/pages"}],"about":[{"href":"https:\/\/przedszkole150.edu.wroclaw.pl\/index.php\/wp-json\/wp\/v2\/types\/page"}],"author":[{"embeddable":true,"href":"https:\/\/przedszkole150.edu.wroclaw.pl\/index.php\/wp-json\/wp\/v2\/users\/264"}],"replies":[{"embeddable":true,"href":"https:\/\/przedszkole150.edu.wroclaw.pl\/index.php\/wp-json\/wp\/v2\/comments?post=6892"}],"version-history":[{"count":1,"href":"https:\/\/przedszkole150.edu.wroclaw.pl\/index.php\/wp-json\/wp\/v2\/pages\/6892\/revisions"}],"predecessor-version":[{"id":6896,"href":"https:\/\/przedszkole150.edu.wroclaw.pl\/index.php\/wp-json\/wp\/v2\/pages\/6892\/revisions\/6896"}],"wp:attachment":[{"href":"https:\/\/przedszkole150.edu.wroclaw.pl\/index.php\/wp-json\/wp\/v2\/media?parent=6892"}],"curies":[{"name":"wp","href":"https:\/\/api.w.org\/{rel}","templated":true}]}}