
{"id":6898,"date":"2025-02-24T07:44:49","date_gmt":"2025-02-24T06:44:49","guid":{"rendered":"https:\/\/przedszkole150.edu.wroclaw.pl\/?page_id=6898"},"modified":"2025-02-24T07:44:49","modified_gmt":"2025-02-24T06:44:49","slug":"konkurs-badz-moim-pierniczkiem","status":"publish","type":"page","link":"https:\/\/przedszkole150.edu.wroclaw.pl\/index.php\/konkurs-badz-moim-pierniczkiem\/","title":{"rendered":"Konkurs &#8222;B\u0105d\u017a moim pierniczkiem&#8221;"},"content":{"rendered":"<p>Dzieci z gr 5 wzie\u0142y udzia\u0142 w konkursie &#8222;B\u0105d\u017a moim pierniczkiem&#8221; organizowanym przez Wroc\u0142awski Klub &#8222;Anima&#8221;, otrzyma\u0142y za to wyr\u00f3\u017cnienie. Gratulujemy wszystkim dzieciom pomys\u0142\u00f3w tw\u00f3rczych! <img loading=\"lazy\" decoding=\"async\" class=\"alignnone size-medium wp-image-6899\" src=\"https:\/\/przedszkole150.edu.wroclaw.pl\/wp-content\/uploads\/sites\/61\/2025\/02\/2a929724-69f2-4eb4-8677-9ac27d2df74f-1-225x300.jpeg\" alt=\"\" width=\"225\" height=\"300\" srcset=\"https:\/\/przedszkole150.edu.wroclaw.pl\/wp-content\/uploads\/sites\/61\/2025\/02\/2a929724-69f2-4eb4-8677-9ac27d2df74f-1-225x300.jpeg 225w, https:\/\/przedszkole150.edu.wroclaw.pl\/wp-content\/uploads\/sites\/61\/2025\/02\/2a929724-69f2-4eb4-8677-9ac27d2df74f-1-768x1024.jpeg 768w, https:\/\/przedszkole150.edu.wroclaw.pl\/wp-content\/uploads\/sites\/61\/2025\/02\/2a929724-69f2-4eb4-8677-9ac27d2df74f-1-1152x1536.jpeg 1152w, https:\/\/przedszkole150.edu.wroclaw.pl\/wp-content\/uploads\/sites\/61\/2025\/02\/2a929724-69f2-4eb4-8677-9ac27d2df74f-1.jpeg 1530w\" sizes=\"auto, (max-width: 225px) 100vw, 225px\" \/><img loading=\"lazy\" decoding=\"async\" class=\"alignnone size-medium wp-image-6900\" src=\"https:\/\/przedszkole150.edu.wroclaw.pl\/wp-content\/uploads\/sites\/61\/2025\/02\/2a929724-69f2-4eb4-8677-9ac27d2df74f-225x300.jpeg\" alt=\"\" width=\"225\" height=\"300\" srcset=\"https:\/\/przedszkole150.edu.wroclaw.pl\/wp-content\/uploads\/sites\/61\/2025\/02\/2a929724-69f2-4eb4-8677-9ac27d2df74f-225x300.jpeg 225w, https:\/\/przedszkole150.edu.wroclaw.pl\/wp-content\/uploads\/sites\/61\/2025\/02\/2a929724-69f2-4eb4-8677-9ac27d2df74f-768x1024.jpeg 768w, https:\/\/przedszkole150.edu.wroclaw.pl\/wp-content\/uploads\/sites\/61\/2025\/02\/2a929724-69f2-4eb4-8677-9ac27d2df74f-1152x1536.jpeg 1152w, https:\/\/przedszkole150.edu.wroclaw.pl\/wp-content\/uploads\/sites\/61\/2025\/02\/2a929724-69f2-4eb4-8677-9ac27d2df74f.jpeg 1530w\" sizes=\"auto, (max-width: 225px) 100vw, 225px\" \/><img loading=\"lazy\" decoding=\"async\" class=\"alignnone size-medium wp-image-6901\" src=\"https:\/\/przedszkole150.edu.wroclaw.pl\/wp-content\/uploads\/sites\/61\/2025\/02\/4ea419c6-25d4-4213-84af-2c3fd71ad038-300x225.jpeg\" alt=\"\" width=\"300\" height=\"225\" srcset=\"https:\/\/przedszkole150.edu.wroclaw.pl\/wp-content\/uploads\/sites\/61\/2025\/02\/4ea419c6-25d4-4213-84af-2c3fd71ad038-300x225.jpeg 300w, https:\/\/przedszkole150.edu.wroclaw.pl\/wp-content\/uploads\/sites\/61\/2025\/02\/4ea419c6-25d4-4213-84af-2c3fd71ad038-1024x768.jpeg 1024w, https:\/\/przedszkole150.edu.wroclaw.pl\/wp-content\/uploads\/sites\/61\/2025\/02\/4ea419c6-25d4-4213-84af-2c3fd71ad038-768x576.jpeg 768w, https:\/\/przedszkole150.edu.wroclaw.pl\/wp-content\/uploads\/sites\/61\/2025\/02\/4ea419c6-25d4-4213-84af-2c3fd71ad038-1536x1152.jpeg 1536w, https:\/\/przedszkole150.edu.wroclaw.pl\/wp-content\/uploads\/sites\/61\/2025\/02\/4ea419c6-25d4-4213-84af-2c3fd71ad038.jpeg 2040w\" sizes=\"auto, (max-width: 300px) 100vw, 300px\" \/><img loading=\"lazy\" decoding=\"async\" class=\"alignnone size-medium wp-image-6902\" src=\"https:\/\/przedszkole150.edu.wroclaw.pl\/wp-content\/uploads\/sites\/61\/2025\/02\/6df2fd91-e5b8-44c4-a2c7-ff18967b76d1-225x300.jpeg\" alt=\"\" width=\"225\" height=\"300\" srcset=\"https:\/\/przedszkole150.edu.wroclaw.pl\/wp-content\/uploads\/sites\/61\/2025\/02\/6df2fd91-e5b8-44c4-a2c7-ff18967b76d1-225x300.jpeg 225w, https:\/\/przedszkole150.edu.wroclaw.pl\/wp-content\/uploads\/sites\/61\/2025\/02\/6df2fd91-e5b8-44c4-a2c7-ff18967b76d1-768x1024.jpeg 768w, https:\/\/przedszkole150.edu.wroclaw.pl\/wp-content\/uploads\/sites\/61\/2025\/02\/6df2fd91-e5b8-44c4-a2c7-ff18967b76d1-1152x1536.jpeg 1152w, https:\/\/przedszkole150.edu.wroclaw.pl\/wp-content\/uploads\/sites\/61\/2025\/02\/6df2fd91-e5b8-44c4-a2c7-ff18967b76d1.jpeg 1530w\" sizes=\"auto, (max-width: 225px) 100vw, 225px\" \/><img loading=\"lazy\" decoding=\"async\" class=\"alignnone size-medium wp-image-6903\" src=\"https:\/\/przedszkole150.edu.wroclaw.pl\/wp-content\/uploads\/sites\/61\/2025\/02\/9d30357f-05ab-410a-bb3b-1fcf047a6f41-1-225x300.jpeg\" alt=\"\" width=\"225\" height=\"300\" srcset=\"https:\/\/przedszkole150.edu.wroclaw.pl\/wp-content\/uploads\/sites\/61\/2025\/02\/9d30357f-05ab-410a-bb3b-1fcf047a6f41-1-225x300.jpeg 225w, https:\/\/przedszkole150.edu.wroclaw.pl\/wp-content\/uploads\/sites\/61\/2025\/02\/9d30357f-05ab-410a-bb3b-1fcf047a6f41-1-768x1024.jpeg 768w, https:\/\/przedszkole150.edu.wroclaw.pl\/wp-content\/uploads\/sites\/61\/2025\/02\/9d30357f-05ab-410a-bb3b-1fcf047a6f41-1-1152x1536.jpeg 1152w, https:\/\/przedszkole150.edu.wroclaw.pl\/wp-content\/uploads\/sites\/61\/2025\/02\/9d30357f-05ab-410a-bb3b-1fcf047a6f41-1.jpeg 1530w\" sizes=\"auto, (max-width: 225px) 100vw, 225px\" \/><img loading=\"lazy\" decoding=\"async\" class=\"alignnone size-medium wp-image-6904\" src=\"https:\/\/przedszkole150.edu.wroclaw.pl\/wp-content\/uploads\/sites\/61\/2025\/02\/9d30357f-05ab-410a-bb3b-1fcf047a6f41-225x300.jpeg\" alt=\"\" width=\"225\" height=\"300\" srcset=\"https:\/\/przedszkole150.edu.wroclaw.pl\/wp-content\/uploads\/sites\/61\/2025\/02\/9d30357f-05ab-410a-bb3b-1fcf047a6f41-225x300.jpeg 225w, https:\/\/przedszkole150.edu.wroclaw.pl\/wp-content\/uploads\/sites\/61\/2025\/02\/9d30357f-05ab-410a-bb3b-1fcf047a6f41-768x1024.jpeg 768w, https:\/\/przedszkole150.edu.wroclaw.pl\/wp-content\/uploads\/sites\/61\/2025\/02\/9d30357f-05ab-410a-bb3b-1fcf047a6f41-1152x1536.jpeg 1152w, https:\/\/przedszkole150.edu.wroclaw.pl\/wp-content\/uploads\/sites\/61\/2025\/02\/9d30357f-05ab-410a-bb3b-1fcf047a6f41.jpeg 1530w\" sizes=\"auto, (max-width: 225px) 100vw, 225px\" \/><img loading=\"lazy\" decoding=\"async\" class=\"alignnone size-medium wp-image-6905\" src=\"https:\/\/przedszkole150.edu.wroclaw.pl\/wp-content\/uploads\/sites\/61\/2025\/02\/30fb9b70-9470-4132-9cd3-26c476cf71bf-300x225.jpeg\" alt=\"\" width=\"300\" height=\"225\" srcset=\"https:\/\/przedszkole150.edu.wroclaw.pl\/wp-content\/uploads\/sites\/61\/2025\/02\/30fb9b70-9470-4132-9cd3-26c476cf71bf-300x225.jpeg 300w, https:\/\/przedszkole150.edu.wroclaw.pl\/wp-content\/uploads\/sites\/61\/2025\/02\/30fb9b70-9470-4132-9cd3-26c476cf71bf-1024x768.jpeg 1024w, https:\/\/przedszkole150.edu.wroclaw.pl\/wp-content\/uploads\/sites\/61\/2025\/02\/30fb9b70-9470-4132-9cd3-26c476cf71bf-768x576.jpeg 768w, https:\/\/przedszkole150.edu.wroclaw.pl\/wp-content\/uploads\/sites\/61\/2025\/02\/30fb9b70-9470-4132-9cd3-26c476cf71bf-1536x1152.jpeg 1536w, https:\/\/przedszkole150.edu.wroclaw.pl\/wp-content\/uploads\/sites\/61\/2025\/02\/30fb9b70-9470-4132-9cd3-26c476cf71bf.jpeg 2040w\" sizes=\"auto, (max-width: 300px) 100vw, 300px\" \/><img loading=\"lazy\" decoding=\"async\" class=\"alignnone size-medium wp-image-6906\" src=\"https:\/\/przedszkole150.edu.wroclaw.pl\/wp-content\/uploads\/sites\/61\/2025\/02\/88ab9b2c-365c-4a89-8ad6-e8fb9b19fca5-225x300.jpeg\" alt=\"\" width=\"225\" height=\"300\" srcset=\"https:\/\/przedszkole150.edu.wroclaw.pl\/wp-content\/uploads\/sites\/61\/2025\/02\/88ab9b2c-365c-4a89-8ad6-e8fb9b19fca5-225x300.jpeg 225w, https:\/\/przedszkole150.edu.wroclaw.pl\/wp-content\/uploads\/sites\/61\/2025\/02\/88ab9b2c-365c-4a89-8ad6-e8fb9b19fca5-768x1024.jpeg 768w, https:\/\/przedszkole150.edu.wroclaw.pl\/wp-content\/uploads\/sites\/61\/2025\/02\/88ab9b2c-365c-4a89-8ad6-e8fb9b19fca5-1152x1536.jpeg 1152w, https:\/\/przedszkole150.edu.wroclaw.pl\/wp-content\/uploads\/sites\/61\/2025\/02\/88ab9b2c-365c-4a89-8ad6-e8fb9b19fca5.jpeg 1530w\" sizes=\"auto, (max-width: 225px) 100vw, 225px\" \/><img loading=\"lazy\" decoding=\"async\" class=\"alignnone size-medium wp-image-6907\" src=\"https:\/\/przedszkole150.edu.wroclaw.pl\/wp-content\/uploads\/sites\/61\/2025\/02\/26834b83-3b05-4122-93a9-5901fddc8f57-225x300.jpeg\" alt=\"\" width=\"225\" height=\"300\" srcset=\"https:\/\/przedszkole150.edu.wroclaw.pl\/wp-content\/uploads\/sites\/61\/2025\/02\/26834b83-3b05-4122-93a9-5901fddc8f57-225x300.jpeg 225w, https:\/\/przedszkole150.edu.wroclaw.pl\/wp-content\/uploads\/sites\/61\/2025\/02\/26834b83-3b05-4122-93a9-5901fddc8f57-768x1024.jpeg 768w, https:\/\/przedszkole150.edu.wroclaw.pl\/wp-content\/uploads\/sites\/61\/2025\/02\/26834b83-3b05-4122-93a9-5901fddc8f57-1152x1536.jpeg 1152w, https:\/\/przedszkole150.edu.wroclaw.pl\/wp-content\/uploads\/sites\/61\/2025\/02\/26834b83-3b05-4122-93a9-5901fddc8f57.jpeg 1530w\" sizes=\"auto, (max-width: 225px) 100vw, 225px\" \/><img loading=\"lazy\" decoding=\"async\" class=\"alignnone size-medium wp-image-6908\" src=\"https:\/\/przedszkole150.edu.wroclaw.pl\/wp-content\/uploads\/sites\/61\/2025\/02\/87609b3c-ee9b-442b-a097-650149b9be71-225x300.jpeg\" alt=\"\" width=\"225\" height=\"300\" srcset=\"https:\/\/przedszkole150.edu.wroclaw.pl\/wp-content\/uploads\/sites\/61\/2025\/02\/87609b3c-ee9b-442b-a097-650149b9be71-225x300.jpeg 225w, https:\/\/przedszkole150.edu.wroclaw.pl\/wp-content\/uploads\/sites\/61\/2025\/02\/87609b3c-ee9b-442b-a097-650149b9be71-768x1024.jpeg 768w, https:\/\/przedszkole150.edu.wroclaw.pl\/wp-content\/uploads\/sites\/61\/2025\/02\/87609b3c-ee9b-442b-a097-650149b9be71-1152x1536.jpeg 1152w, https:\/\/przedszkole150.edu.wroclaw.pl\/wp-content\/uploads\/sites\/61\/2025\/02\/87609b3c-ee9b-442b-a097-650149b9be71.jpeg 1530w\" sizes=\"auto, (max-width: 225px) 100vw, 225px\" \/><img loading=\"lazy\" decoding=\"async\" class=\"alignnone size-medium wp-image-6909\" src=\"https:\/\/przedszkole150.edu.wroclaw.pl\/wp-content\/uploads\/sites\/61\/2025\/02\/668051f8-3ea9-4932-b17c-bd11020877be-225x300.jpeg\" alt=\"\" width=\"225\" height=\"300\" srcset=\"https:\/\/przedszkole150.edu.wroclaw.pl\/wp-content\/uploads\/sites\/61\/2025\/02\/668051f8-3ea9-4932-b17c-bd11020877be-225x300.jpeg 225w, https:\/\/przedszkole150.edu.wroclaw.pl\/wp-content\/uploads\/sites\/61\/2025\/02\/668051f8-3ea9-4932-b17c-bd11020877be-768x1024.jpeg 768w, https:\/\/przedszkole150.edu.wroclaw.pl\/wp-content\/uploads\/sites\/61\/2025\/02\/668051f8-3ea9-4932-b17c-bd11020877be-1152x1536.jpeg 1152w, https:\/\/przedszkole150.edu.wroclaw.pl\/wp-content\/uploads\/sites\/61\/2025\/02\/668051f8-3ea9-4932-b17c-bd11020877be.jpeg 1530w\" sizes=\"auto, (max-width: 225px) 100vw, 225px\" \/><img loading=\"lazy\" decoding=\"async\" class=\"alignnone size-medium wp-image-6910\" src=\"https:\/\/przedszkole150.edu.wroclaw.pl\/wp-content\/uploads\/sites\/61\/2025\/02\/a40e1ad3-aa8e-43b2-9dde-b311c9cb2b1f-300x225.jpeg\" alt=\"\" width=\"300\" height=\"225\" srcset=\"https:\/\/przedszkole150.edu.wroclaw.pl\/wp-content\/uploads\/sites\/61\/2025\/02\/a40e1ad3-aa8e-43b2-9dde-b311c9cb2b1f-300x225.jpeg 300w, https:\/\/przedszkole150.edu.wroclaw.pl\/wp-content\/uploads\/sites\/61\/2025\/02\/a40e1ad3-aa8e-43b2-9dde-b311c9cb2b1f-1024x768.jpeg 1024w, https:\/\/przedszkole150.edu.wroclaw.pl\/wp-content\/uploads\/sites\/61\/2025\/02\/a40e1ad3-aa8e-43b2-9dde-b311c9cb2b1f-768x576.jpeg 768w, https:\/\/przedszkole150.edu.wroclaw.pl\/wp-content\/uploads\/sites\/61\/2025\/02\/a40e1ad3-aa8e-43b2-9dde-b311c9cb2b1f-1536x1152.jpeg 1536w, https:\/\/przedszkole150.edu.wroclaw.pl\/wp-content\/uploads\/sites\/61\/2025\/02\/a40e1ad3-aa8e-43b2-9dde-b311c9cb2b1f.jpeg 2040w\" sizes=\"auto, (max-width: 300px) 100vw, 300px\" \/><img loading=\"lazy\" decoding=\"async\" class=\"alignnone size-medium wp-image-6911\" src=\"https:\/\/przedszkole150.edu.wroclaw.pl\/wp-content\/uploads\/sites\/61\/2025\/02\/b0fb604d-f8dc-43bb-8716-0d9e769ef4dd-225x300.jpeg\" alt=\"\" width=\"225\" height=\"300\" srcset=\"https:\/\/przedszkole150.edu.wroclaw.pl\/wp-content\/uploads\/sites\/61\/2025\/02\/b0fb604d-f8dc-43bb-8716-0d9e769ef4dd-225x300.jpeg 225w, https:\/\/przedszkole150.edu.wroclaw.pl\/wp-content\/uploads\/sites\/61\/2025\/02\/b0fb604d-f8dc-43bb-8716-0d9e769ef4dd-768x1024.jpeg 768w, https:\/\/przedszkole150.edu.wroclaw.pl\/wp-content\/uploads\/sites\/61\/2025\/02\/b0fb604d-f8dc-43bb-8716-0d9e769ef4dd-1152x1536.jpeg 1152w, https:\/\/przedszkole150.edu.wroclaw.pl\/wp-content\/uploads\/sites\/61\/2025\/02\/b0fb604d-f8dc-43bb-8716-0d9e769ef4dd.jpeg 1530w\" sizes=\"auto, (max-width: 225px) 100vw, 225px\" \/><img loading=\"lazy\" decoding=\"async\" class=\"alignnone size-medium wp-image-6912\" src=\"https:\/\/przedszkole150.edu.wroclaw.pl\/wp-content\/uploads\/sites\/61\/2025\/02\/be65374b-b079-4d3f-a2f5-cb1bf50996d1-225x300.jpeg\" alt=\"\" width=\"225\" height=\"300\" srcset=\"https:\/\/przedszkole150.edu.wroclaw.pl\/wp-content\/uploads\/sites\/61\/2025\/02\/be65374b-b079-4d3f-a2f5-cb1bf50996d1-225x300.jpeg 225w, https:\/\/przedszkole150.edu.wroclaw.pl\/wp-content\/uploads\/sites\/61\/2025\/02\/be65374b-b079-4d3f-a2f5-cb1bf50996d1-768x1024.jpeg 768w, https:\/\/przedszkole150.edu.wroclaw.pl\/wp-content\/uploads\/sites\/61\/2025\/02\/be65374b-b079-4d3f-a2f5-cb1bf50996d1-1152x1536.jpeg 1152w, https:\/\/przedszkole150.edu.wroclaw.pl\/wp-content\/uploads\/sites\/61\/2025\/02\/be65374b-b079-4d3f-a2f5-cb1bf50996d1.jpeg 1530w\" sizes=\"auto, (max-width: 225px) 100vw, 225px\" \/><img loading=\"lazy\" decoding=\"async\" class=\"alignnone size-medium wp-image-6913\" src=\"https:\/\/przedszkole150.edu.wroclaw.pl\/wp-content\/uploads\/sites\/61\/2025\/02\/c4dbc5bd-e789-49e3-a89c-41613484eab7-225x300.jpeg\" alt=\"\" width=\"225\" height=\"300\" srcset=\"https:\/\/przedszkole150.edu.wroclaw.pl\/wp-content\/uploads\/sites\/61\/2025\/02\/c4dbc5bd-e789-49e3-a89c-41613484eab7-225x300.jpeg 225w, https:\/\/przedszkole150.edu.wroclaw.pl\/wp-content\/uploads\/sites\/61\/2025\/02\/c4dbc5bd-e789-49e3-a89c-41613484eab7-768x1024.jpeg 768w, https:\/\/przedszkole150.edu.wroclaw.pl\/wp-content\/uploads\/sites\/61\/2025\/02\/c4dbc5bd-e789-49e3-a89c-41613484eab7-1152x1536.jpeg 1152w, https:\/\/przedszkole150.edu.wroclaw.pl\/wp-content\/uploads\/sites\/61\/2025\/02\/c4dbc5bd-e789-49e3-a89c-41613484eab7.jpeg 1530w\" sizes=\"auto, (max-width: 225px) 100vw, 225px\" \/><img loading=\"lazy\" decoding=\"async\" class=\"alignnone size-medium wp-image-6914\" src=\"https:\/\/przedszkole150.edu.wroclaw.pl\/wp-content\/uploads\/sites\/61\/2025\/02\/c1091181-ae88-4d18-8f5c-84557cad169b-1-300x225.jpeg\" alt=\"\" width=\"300\" height=\"225\" srcset=\"https:\/\/przedszkole150.edu.wroclaw.pl\/wp-content\/uploads\/sites\/61\/2025\/02\/c1091181-ae88-4d18-8f5c-84557cad169b-1-300x225.jpeg 300w, https:\/\/przedszkole150.edu.wroclaw.pl\/wp-content\/uploads\/sites\/61\/2025\/02\/c1091181-ae88-4d18-8f5c-84557cad169b-1-1024x768.jpeg 1024w, https:\/\/przedszkole150.edu.wroclaw.pl\/wp-content\/uploads\/sites\/61\/2025\/02\/c1091181-ae88-4d18-8f5c-84557cad169b-1-768x576.jpeg 768w, https:\/\/przedszkole150.edu.wroclaw.pl\/wp-content\/uploads\/sites\/61\/2025\/02\/c1091181-ae88-4d18-8f5c-84557cad169b-1-1536x1152.jpeg 1536w, https:\/\/przedszkole150.edu.wroclaw.pl\/wp-content\/uploads\/sites\/61\/2025\/02\/c1091181-ae88-4d18-8f5c-84557cad169b-1.jpeg 2040w\" sizes=\"auto, (max-width: 300px) 100vw, 300px\" \/><img loading=\"lazy\" decoding=\"async\" class=\"alignnone size-medium wp-image-6916\" src=\"https:\/\/przedszkole150.edu.wroclaw.pl\/wp-content\/uploads\/sites\/61\/2025\/02\/d830a71d-beeb-43aa-b308-89c50478f832-300x225.jpeg\" alt=\"\" width=\"300\" height=\"225\" srcset=\"https:\/\/przedszkole150.edu.wroclaw.pl\/wp-content\/uploads\/sites\/61\/2025\/02\/d830a71d-beeb-43aa-b308-89c50478f832-300x225.jpeg 300w, https:\/\/przedszkole150.edu.wroclaw.pl\/wp-content\/uploads\/sites\/61\/2025\/02\/d830a71d-beeb-43aa-b308-89c50478f832-1024x768.jpeg 1024w, https:\/\/przedszkole150.edu.wroclaw.pl\/wp-content\/uploads\/sites\/61\/2025\/02\/d830a71d-beeb-43aa-b308-89c50478f832-768x576.jpeg 768w, https:\/\/przedszkole150.edu.wroclaw.pl\/wp-content\/uploads\/sites\/61\/2025\/02\/d830a71d-beeb-43aa-b308-89c50478f832-1536x1152.jpeg 1536w, https:\/\/przedszkole150.edu.wroclaw.pl\/wp-content\/uploads\/sites\/61\/2025\/02\/d830a71d-beeb-43aa-b308-89c50478f832.jpeg 2040w\" sizes=\"auto, (max-width: 300px) 100vw, 300px\" \/><img loading=\"lazy\" decoding=\"async\" class=\"alignnone size-medium wp-image-6917\" src=\"https:\/\/przedszkole150.edu.wroclaw.pl\/wp-content\/uploads\/sites\/61\/2025\/02\/ed38df19-2cca-4477-9d52-8f73ac2b8b28-225x300.jpeg\" alt=\"\" width=\"225\" height=\"300\" srcset=\"https:\/\/przedszkole150.edu.wroclaw.pl\/wp-content\/uploads\/sites\/61\/2025\/02\/ed38df19-2cca-4477-9d52-8f73ac2b8b28-225x300.jpeg 225w, https:\/\/przedszkole150.edu.wroclaw.pl\/wp-content\/uploads\/sites\/61\/2025\/02\/ed38df19-2cca-4477-9d52-8f73ac2b8b28-768x1024.jpeg 768w, https:\/\/przedszkole150.edu.wroclaw.pl\/wp-content\/uploads\/sites\/61\/2025\/02\/ed38df19-2cca-4477-9d52-8f73ac2b8b28-1152x1536.jpeg 1152w, https:\/\/przedszkole150.edu.wroclaw.pl\/wp-content\/uploads\/sites\/61\/2025\/02\/ed38df19-2cca-4477-9d52-8f73ac2b8b28.jpeg 1530w\" sizes=\"auto, (max-width: 225px) 100vw, 225px\" \/><\/p>\n","protected":false},"excerpt":{"rendered":"<p>Dzieci z gr 5 wzie\u0142y udzia\u0142 w konkursie &#8222;B\u0105d\u017a moim pierniczkiem&#8221; organizowanym przez Wroc\u0142awski Klub &#8222;Anima&#8221;, otrzyma\u0142y za to wyr\u00f3\u017cnienie. Gratulujemy wszystkim dzieciom pomys\u0142\u00f3w tw\u00f3rczych!<\/p>\n","protected":false},"author":264,"featured_media":0,"parent":0,"menu_order":0,"comment_status":"closed","ping_status":"closed","template":"","meta":{"ngg_post_thumbnail":0,"footnotes":""},"class_list":["post-6898","page","type-page","status-publish","hentry","clearfix"],"_links":{"self":[{"href":"https:\/\/przedszkole150.edu.wroclaw.pl\/index.php\/wp-json\/wp\/v2\/pages\/6898","targetHints":{"allow":["GET"]}}],"collection":[{"href":"https:\/\/przedszkole150.edu.wroclaw.pl\/index.php\/wp-json\/wp\/v2\/pages"}],"about":[{"href":"https:\/\/przedszkole150.edu.wroclaw.pl\/index.php\/wp-json\/wp\/v2\/types\/page"}],"author":[{"embeddable":true,"href":"https:\/\/przedszkole150.edu.wroclaw.pl\/index.php\/wp-json\/wp\/v2\/users\/264"}],"replies":[{"embeddable":true,"href":"https:\/\/przedszkole150.edu.wroclaw.pl\/index.php\/wp-json\/wp\/v2\/comments?post=6898"}],"version-history":[{"count":1,"href":"https:\/\/przedszkole150.edu.wroclaw.pl\/index.php\/wp-json\/wp\/v2\/pages\/6898\/revisions"}],"predecessor-version":[{"id":6918,"href":"https:\/\/przedszkole150.edu.wroclaw.pl\/index.php\/wp-json\/wp\/v2\/pages\/6898\/revisions\/6918"}],"wp:attachment":[{"href":"https:\/\/przedszkole150.edu.wroclaw.pl\/index.php\/wp-json\/wp\/v2\/media?parent=6898"}],"curies":[{"name":"wp","href":"https:\/\/api.w.org\/{rel}","templated":true}]}}