
{"id":6952,"date":"2025-02-26T10:37:01","date_gmt":"2025-02-26T09:37:01","guid":{"rendered":"https:\/\/przedszkole150.edu.wroclaw.pl\/?page_id=6952"},"modified":"2025-02-26T10:37:01","modified_gmt":"2025-02-26T09:37:01","slug":"hodowla-kwiatow","status":"publish","type":"page","link":"https:\/\/przedszkole150.edu.wroclaw.pl\/index.php\/hodowla-kwiatow\/","title":{"rendered":"Hodowla kwiat\u00f3w"},"content":{"rendered":"<div class=\"wpb-content-wrapper\"><p>[vc_row][vc_column][vc_column_text]<span style=\"font-size: 14pt\" data-olk-copy-source=\"MessageBody\"><span style=\"font-family: times new roman, times\">5 grupa czekaj\u0105c na wiosn\u0119 uczy si\u0119 piel\u0119gnowa\u0107 ro\u015bliny. Ciekawe co tu jeszcze nam zakwitnie?<\/span> <\/span>[\/vc_column_text][vc_gallery type=&#8221;image_grid&#8221; images=&#8221;6953,6954,6955,6956,6957&#8243; css=&#8221;&#8221;][\/vc_column][\/vc_row]<\/p>\n<\/div>","protected":false},"excerpt":{"rendered":"<p>[vc_row][vc_column][vc_column_text]5 grupa czekaj\u0105c na wiosn\u0119 uczy si\u0119 piel\u0119gnowa\u0107 ro\u015bliny. Ciekawe co tu jeszcze nam zakwitnie? [\/vc_column_text][vc_gallery type=&#8221;image_grid&#8221; images=&#8221;6953,6954,6955,6956,6957&#8243; css=&#8221;&#8221;][\/vc_column][\/vc_row]<\/p>\n","protected":false},"author":200,"featured_media":0,"parent":0,"menu_order":0,"comment_status":"closed","ping_status":"closed","template":"","meta":{"ngg_post_thumbnail":0,"footnotes":""},"class_list":["post-6952","page","type-page","status-publish","hentry","clearfix"],"_links":{"self":[{"href":"https:\/\/przedszkole150.edu.wroclaw.pl\/index.php\/wp-json\/wp\/v2\/pages\/6952","targetHints":{"allow":["GET"]}}],"collection":[{"href":"https:\/\/przedszkole150.edu.wroclaw.pl\/index.php\/wp-json\/wp\/v2\/pages"}],"about":[{"href":"https:\/\/przedszkole150.edu.wroclaw.pl\/index.php\/wp-json\/wp\/v2\/types\/page"}],"author":[{"embeddable":true,"href":"https:\/\/przedszkole150.edu.wroclaw.pl\/index.php\/wp-json\/wp\/v2\/users\/200"}],"replies":[{"embeddable":true,"href":"https:\/\/przedszkole150.edu.wroclaw.pl\/index.php\/wp-json\/wp\/v2\/comments?post=6952"}],"version-history":[{"count":1,"href":"https:\/\/przedszkole150.edu.wroclaw.pl\/index.php\/wp-json\/wp\/v2\/pages\/6952\/revisions"}],"predecessor-version":[{"id":6958,"href":"https:\/\/przedszkole150.edu.wroclaw.pl\/index.php\/wp-json\/wp\/v2\/pages\/6952\/revisions\/6958"}],"wp:attachment":[{"href":"https:\/\/przedszkole150.edu.wroclaw.pl\/index.php\/wp-json\/wp\/v2\/media?parent=6952"}],"curies":[{"name":"wp","href":"https:\/\/api.w.org\/{rel}","templated":true}]}}