
{"id":6960,"date":"2025-02-26T10:52:02","date_gmt":"2025-02-26T09:52:02","guid":{"rendered":"https:\/\/przedszkole150.edu.wroclaw.pl\/?page_id=6960"},"modified":"2025-02-26T11:01:01","modified_gmt":"2025-02-26T10:01:01","slug":"sznurkiem-malowane-zabawy-tworcze","status":"publish","type":"page","link":"https:\/\/przedszkole150.edu.wroclaw.pl\/index.php\/sznurkiem-malowane-zabawy-tworcze\/","title":{"rendered":"Sznurkiem malowane-zabawy tw\u00f3rcze"},"content":{"rendered":"<div class=\"wpb-content-wrapper\"><p>[vc_row][vc_column][vc_column_text]<span style=\"font-family: times new roman, times;font-size: 14pt\">Dzieci z grupy VII pozna\u0142y now\u0105 technik\u0119 plastyczn\u0105 &#8211; malowanie za pomoc\u0105 sznurka. Celem zaj\u0119\u0107 by\u0142o rozwijanie aktywno\u015bci tw\u00f3rczej dzieci oraz \u0107wiczenia w zakresie sprawno\u015bci manualnej.\u00a0<\/span><\/p>\n<p><span style=\"font-family: times new roman, times;font-size: 14pt\">Efektem naszej zabawy s\u0105 pi\u0119kne kolorowe\u00a0 i niepowtarzalne prace, kt\u00f3re zdobi\u0105 nasz\u0105 tablic\u0119.\u00a0 <\/span>[\/vc_column_text][vc_gallery type=&#8221;image_grid&#8221; images=&#8221;6967,6966,6965,6964,6963,6962,6961&#8243; css=&#8221;&#8221;][\/vc_column][\/vc_row]<\/p>\n<\/div>","protected":false},"excerpt":{"rendered":"<p>[vc_row][vc_column][vc_column_text]Dzieci z grupy VII pozna\u0142y now\u0105 technik\u0119 plastyczn\u0105 &#8211; malowanie za pomoc\u0105 sznurka. Celem zaj\u0119\u0107 by\u0142o rozwijanie aktywno\u015bci tw\u00f3rczej dzieci oraz \u0107wiczenia w zakresie sprawno\u015bci manualnej.\u00a0 Efektem naszej zabawy s\u0105 [&hellip;]<\/p>\n","protected":false},"author":200,"featured_media":0,"parent":0,"menu_order":0,"comment_status":"closed","ping_status":"closed","template":"","meta":{"ngg_post_thumbnail":0,"footnotes":""},"class_list":["post-6960","page","type-page","status-publish","hentry","clearfix"],"_links":{"self":[{"href":"https:\/\/przedszkole150.edu.wroclaw.pl\/index.php\/wp-json\/wp\/v2\/pages\/6960","targetHints":{"allow":["GET"]}}],"collection":[{"href":"https:\/\/przedszkole150.edu.wroclaw.pl\/index.php\/wp-json\/wp\/v2\/pages"}],"about":[{"href":"https:\/\/przedszkole150.edu.wroclaw.pl\/index.php\/wp-json\/wp\/v2\/types\/page"}],"author":[{"embeddable":true,"href":"https:\/\/przedszkole150.edu.wroclaw.pl\/index.php\/wp-json\/wp\/v2\/users\/200"}],"replies":[{"embeddable":true,"href":"https:\/\/przedszkole150.edu.wroclaw.pl\/index.php\/wp-json\/wp\/v2\/comments?post=6960"}],"version-history":[{"count":3,"href":"https:\/\/przedszkole150.edu.wroclaw.pl\/index.php\/wp-json\/wp\/v2\/pages\/6960\/revisions"}],"predecessor-version":[{"id":6971,"href":"https:\/\/przedszkole150.edu.wroclaw.pl\/index.php\/wp-json\/wp\/v2\/pages\/6960\/revisions\/6971"}],"wp:attachment":[{"href":"https:\/\/przedszkole150.edu.wroclaw.pl\/index.php\/wp-json\/wp\/v2\/media?parent=6960"}],"curies":[{"name":"wp","href":"https:\/\/api.w.org\/{rel}","templated":true}]}}