
{"id":70,"date":"2021-04-19T14:51:09","date_gmt":"2021-04-19T12:51:09","guid":{"rendered":"http:\/\/przedszkole150.edu.wroclaw.pl\/?page_id=70"},"modified":"2023-11-09T14:12:07","modified_gmt":"2023-11-09T13:12:07","slug":"do-pobrania","status":"publish","type":"page","link":"https:\/\/przedszkole150.edu.wroclaw.pl\/index.php\/dla-rodzicow\/do-pobrania\/","title":{"rendered":"Do pobrania"},"content":{"rendered":"<p><a href=\"https:\/\/przedszkole150.edu.wroclaw.pl\/wp-content\/uploads\/sites\/61\/2023\/11\/Zal.-7n.-Klauzula-edukacja-dziecka-w-placowce.pdf\">Za\u0142. 7n. Klauzula &#8211; edukacja dziecka w plac\u00f3wce<\/a><\/p>\n<p><a href=\"https:\/\/przedszkole150.edu.wroclaw.pl\/wp-content\/uploads\/sites\/61\/2023\/11\/Zal.-7z.-Klauzula-monitoring.pdf\">Za\u0142. 7z. Klauzula monitoring<\/a><\/p>\n<p><a href=\"https:\/\/przedszkole150.edu.wroclaw.pl\/wp-content\/uploads\/sites\/61\/2023\/11\/Zal.-9.-Karta-do-odbioru-dziecka-z-przedszkola.pdf\">Za\u0142. 9. Karta do odbioru dziecka z przedszkola<\/a><\/p>\n<p><a href=\"https:\/\/przedszkole150.edu.wroclaw.pl\/wp-content\/uploads\/sites\/61\/2023\/11\/Aktualizacja-danych-osobowych.pdf\">Aktualizacja danych osobowych<\/a><\/p>\n","protected":false},"excerpt":{"rendered":"<p>Za\u0142. 7n. Klauzula &#8211; edukacja dziecka w plac\u00f3wce Za\u0142. 7z. Klauzula monitoring Za\u0142. 9. Karta do odbioru dziecka z przedszkola Aktualizacja danych osobowych<\/p>\n","protected":false},"author":72,"featured_media":0,"parent":58,"menu_order":0,"comment_status":"closed","ping_status":"closed","template":"","meta":{"ngg_post_thumbnail":0,"footnotes":""},"class_list":["post-70","page","type-page","status-publish","hentry","clearfix"],"_links":{"self":[{"href":"https:\/\/przedszkole150.edu.wroclaw.pl\/index.php\/wp-json\/wp\/v2\/pages\/70","targetHints":{"allow":["GET"]}}],"collection":[{"href":"https:\/\/przedszkole150.edu.wroclaw.pl\/index.php\/wp-json\/wp\/v2\/pages"}],"about":[{"href":"https:\/\/przedszkole150.edu.wroclaw.pl\/index.php\/wp-json\/wp\/v2\/types\/page"}],"author":[{"embeddable":true,"href":"https:\/\/przedszkole150.edu.wroclaw.pl\/index.php\/wp-json\/wp\/v2\/users\/72"}],"replies":[{"embeddable":true,"href":"https:\/\/przedszkole150.edu.wroclaw.pl\/index.php\/wp-json\/wp\/v2\/comments?post=70"}],"version-history":[{"count":3,"href":"https:\/\/przedszkole150.edu.wroclaw.pl\/index.php\/wp-json\/wp\/v2\/pages\/70\/revisions"}],"predecessor-version":[{"id":5126,"href":"https:\/\/przedszkole150.edu.wroclaw.pl\/index.php\/wp-json\/wp\/v2\/pages\/70\/revisions\/5126"}],"up":[{"embeddable":true,"href":"https:\/\/przedszkole150.edu.wroclaw.pl\/index.php\/wp-json\/wp\/v2\/pages\/58"}],"wp:attachment":[{"href":"https:\/\/przedszkole150.edu.wroclaw.pl\/index.php\/wp-json\/wp\/v2\/media?parent=70"}],"curies":[{"name":"wp","href":"https:\/\/api.w.org\/{rel}","templated":true}]}}