
{"id":7010,"date":"2025-03-04T12:51:56","date_gmt":"2025-03-04T11:51:56","guid":{"rendered":"https:\/\/przedszkole150.edu.wroclaw.pl\/?page_id=7010"},"modified":"2025-03-04T12:51:56","modified_gmt":"2025-03-04T11:51:56","slug":"w-swiecie-basni-i-bajek","status":"publish","type":"page","link":"https:\/\/przedszkole150.edu.wroclaw.pl\/index.php\/w-swiecie-basni-i-bajek\/","title":{"rendered":"W \u015bwiecie ba\u015bni i bajek"},"content":{"rendered":"<div class=\"wpb-content-wrapper\"><p>[vc_row][vc_column][vc_column_text]<span style=\"font-family: times new roman, times;font-size: 14pt\" data-olk-copy-source=\"MessageBody\">W tym tygodniu grupa X realizowa\u0142a temat: \u201cW \u015bwiecie ba\u015bni i bajek\u201d. Dzieci mia\u0142y okazj\u0119 opowiadania o swoich ulubionych ba\u015bniach oraz bajkach. Przedszkolaki odczytywa\u0142y nazwy znanych bajek z u\u017cyciem s\u0142omek do \u0107wicze\u0144 oddechowych. Dzi\u0119ki temu mia\u0142y okazj\u0119 po\u0107wiczy\u0107 oddech. Przy u\u017cyciu barwnik\u00f3w spo\u017cywczych stworzy\u0142y\u00a0 roztw\u00f3r przez kt\u00f3ry odszukiwa\u0142y r\u00f3\u017cne postacie z bajek. Na koniec \u201cnapisali\u015bmy bajk\u0119\u201d (opowiadanie typu bricolage) pt.\u201dKraina Czar\u00f3w\u201d dzieci rysowa\u0142y obrazki o dowolnej tematyce. Po sko\u0144czonej pracy usiad\u0142y\u00a0 w kr\u0119gu i ka\u017cdy opowiada\u0142 tre\u015b\u0107 swojego obrazka kontynuuj\u0105c przy tym poprzedni\u0105 histori\u0119. Dzi\u0119ki tej pracy dzieci rozwija\u0142y swoj\u0105 wyobra\u017ani\u0119, umiej\u0119tno\u015b\u0107 logicznego my\u015blenia oraz wsp\u00f3\u0142prac\u0119 w grupie.<\/span>[\/vc_column_text][vc_gallery type=&#8221;image_grid&#8221; images=&#8221;7023,7022,7021,7020,7019,7014&#8243; css=&#8221;&#8221;][\/vc_column][\/vc_row]<\/p>\n<\/div>","protected":false},"excerpt":{"rendered":"<p>[vc_row][vc_column][vc_column_text]W tym tygodniu grupa X realizowa\u0142a temat: \u201cW \u015bwiecie ba\u015bni i bajek\u201d. Dzieci mia\u0142y okazj\u0119 opowiadania o swoich ulubionych ba\u015bniach oraz bajkach. Przedszkolaki odczytywa\u0142y nazwy znanych bajek z u\u017cyciem s\u0142omek [&hellip;]<\/p>\n","protected":false},"author":200,"featured_media":0,"parent":0,"menu_order":0,"comment_status":"closed","ping_status":"closed","template":"","meta":{"ngg_post_thumbnail":0,"footnotes":""},"class_list":["post-7010","page","type-page","status-publish","hentry","clearfix"],"_links":{"self":[{"href":"https:\/\/przedszkole150.edu.wroclaw.pl\/index.php\/wp-json\/wp\/v2\/pages\/7010","targetHints":{"allow":["GET"]}}],"collection":[{"href":"https:\/\/przedszkole150.edu.wroclaw.pl\/index.php\/wp-json\/wp\/v2\/pages"}],"about":[{"href":"https:\/\/przedszkole150.edu.wroclaw.pl\/index.php\/wp-json\/wp\/v2\/types\/page"}],"author":[{"embeddable":true,"href":"https:\/\/przedszkole150.edu.wroclaw.pl\/index.php\/wp-json\/wp\/v2\/users\/200"}],"replies":[{"embeddable":true,"href":"https:\/\/przedszkole150.edu.wroclaw.pl\/index.php\/wp-json\/wp\/v2\/comments?post=7010"}],"version-history":[{"count":1,"href":"https:\/\/przedszkole150.edu.wroclaw.pl\/index.php\/wp-json\/wp\/v2\/pages\/7010\/revisions"}],"predecessor-version":[{"id":7024,"href":"https:\/\/przedszkole150.edu.wroclaw.pl\/index.php\/wp-json\/wp\/v2\/pages\/7010\/revisions\/7024"}],"wp:attachment":[{"href":"https:\/\/przedszkole150.edu.wroclaw.pl\/index.php\/wp-json\/wp\/v2\/media?parent=7010"}],"curies":[{"name":"wp","href":"https:\/\/api.w.org\/{rel}","templated":true}]}}