
{"id":7039,"date":"2025-03-06T08:47:45","date_gmt":"2025-03-06T07:47:45","guid":{"rendered":"https:\/\/przedszkole150.edu.wroclaw.pl\/?page_id=7039"},"modified":"2025-03-06T08:48:03","modified_gmt":"2025-03-06T07:48:03","slug":"skrytek-i-wroclawskie-krsnale","status":"publish","type":"page","link":"https:\/\/przedszkole150.edu.wroclaw.pl\/index.php\/skrytek-i-wroclawskie-krsnale\/","title":{"rendered":"SKRYTEK I WROC\u0141AWSKIE KRSNALE"},"content":{"rendered":"<div class=\"wpb-content-wrapper\"><p>[vc_row][vc_column][vc_column_text]<\/p>\n<p style=\"text-align: center\"><strong><span style=\"font-family: times new roman, times;font-size: 14pt\">SKRYTEK I WROC\u0141AWSKIE KRASNALE<\/span><\/strong><\/p>\n<p><span style=\"font-family: times new roman, times;font-size: 14pt\">Dnia 05.03.2025 r. dzieci z gr. VIII i II uda\u0142y si\u0119 Wroc\u0142awskiego Klubu \u201eAnima\u201d by wzi\u0105\u0107 udzia\u0142 w przedstawieniu Doroty Brzozowskiej i \u201eTeatru na Ostrowie\u201d pt. \u201eSkrytek i Wroc\u0142awskie Krasnale\u201d.<\/span><\/p>\n<p><span style=\"font-family: times new roman, times;font-size: 14pt\">Spektakl nawi\u0105zuje do legendy o psotnym chochliku, kt\u00f3ry nawiedzi\u0142 Wroc\u0142aw przed tysi\u0105cem lat. Wezwane na pomoc krasnale pozby\u0142y si\u0119 chochlika i w nagrod\u0119 zamieszka\u0142y we Wroc\u0142awiu.<\/span><\/p>\n<p><span style=\"font-family: times new roman, times;font-size: 14pt\">Spektakl porusza aktualne tematy: smog, i uzale\u017cnienie od urz\u0105dze\u0144 elektronicznych.<\/span>[\/vc_column_text][vc_gallery type=&#8221;image_grid&#8221; images=&#8221;7040,7041,7042,7043,7044,7045&#8243; css=&#8221;&#8221;][\/vc_column][\/vc_row]<\/p>\n<\/div>","protected":false},"excerpt":{"rendered":"<p>[vc_row][vc_column][vc_column_text] SKRYTEK I WROC\u0141AWSKIE KRASNALE Dnia 05.03.2025 r. dzieci z gr. VIII i II uda\u0142y si\u0119 Wroc\u0142awskiego Klubu \u201eAnima\u201d by wzi\u0105\u0107 udzia\u0142 w przedstawieniu Doroty Brzozowskiej i \u201eTeatru na Ostrowie\u201d [&hellip;]<\/p>\n","protected":false},"author":211,"featured_media":0,"parent":0,"menu_order":0,"comment_status":"closed","ping_status":"closed","template":"","meta":{"ngg_post_thumbnail":0,"footnotes":""},"class_list":["post-7039","page","type-page","status-publish","hentry","clearfix"],"_links":{"self":[{"href":"https:\/\/przedszkole150.edu.wroclaw.pl\/index.php\/wp-json\/wp\/v2\/pages\/7039","targetHints":{"allow":["GET"]}}],"collection":[{"href":"https:\/\/przedszkole150.edu.wroclaw.pl\/index.php\/wp-json\/wp\/v2\/pages"}],"about":[{"href":"https:\/\/przedszkole150.edu.wroclaw.pl\/index.php\/wp-json\/wp\/v2\/types\/page"}],"author":[{"embeddable":true,"href":"https:\/\/przedszkole150.edu.wroclaw.pl\/index.php\/wp-json\/wp\/v2\/users\/211"}],"replies":[{"embeddable":true,"href":"https:\/\/przedszkole150.edu.wroclaw.pl\/index.php\/wp-json\/wp\/v2\/comments?post=7039"}],"version-history":[{"count":1,"href":"https:\/\/przedszkole150.edu.wroclaw.pl\/index.php\/wp-json\/wp\/v2\/pages\/7039\/revisions"}],"predecessor-version":[{"id":7046,"href":"https:\/\/przedszkole150.edu.wroclaw.pl\/index.php\/wp-json\/wp\/v2\/pages\/7039\/revisions\/7046"}],"wp:attachment":[{"href":"https:\/\/przedszkole150.edu.wroclaw.pl\/index.php\/wp-json\/wp\/v2\/media?parent=7039"}],"curies":[{"name":"wp","href":"https:\/\/api.w.org\/{rel}","templated":true}]}}