
{"id":7071,"date":"2025-03-30T19:10:56","date_gmt":"2025-03-30T17:10:56","guid":{"rendered":"https:\/\/przedszkole150.edu.wroclaw.pl\/?page_id=7071"},"modified":"2025-03-30T19:10:56","modified_gmt":"2025-03-30T17:10:56","slug":"dzien-teatru-i-wystawa-rodzinna-kukielki-i-pacynki-z-mojej-bajki","status":"publish","type":"page","link":"https:\/\/przedszkole150.edu.wroclaw.pl\/index.php\/dzien-teatru-i-wystawa-rodzinna-kukielki-i-pacynki-z-mojej-bajki\/","title":{"rendered":"Dzie\u0144 Teatru i wystawa rodzinna &#8222;Kukie\u0142ki i pacynki z mojej bajki&#8221;"},"content":{"rendered":"<div class=\"wpb-content-wrapper\"><p>[vc_row][vc_column][vc_column_text]<span class=\"html-span xdj266r x11i5rnm xat24cr x1mh8g0r xexx8yu x4uap5 x18d9i69 xkhd6sd x1hl2dhg x16tdsg8 x1vvkbs x4k7w5x x1h91t0o x1h9r5lt x1jfb8zj xv2umb2 x1beo9mf xaigb6o x12ejxvf x3igimt xarpa2k xedcshv x1lytzrv x1t2pt76 x7ja8zs x1qrby5j\" style=\"font-family: times new roman, times;font-size: 14pt\"><span class=\"x193iq5w xeuugli x13faqbe x1vvkbs x1xmvt09 x1lliihq x1s928wv xhkezso x1gmr53x x1cpjm7i x1fgarty x1943h6x xudqn12 x3x7a5m x6prxxf xvq8zen xo1l8bm xzsf02u\" dir=\"auto\">Obchody <strong>Mi\u0119dzynarodowego Dnia Teatru<\/strong> w naszym przedszkolu <strong>27 marca 2025<\/strong> roku by\u0142y niezapomnianym wydarzeniem pe\u0142nym kreatywno\u015bci i rado\u015bci. <\/span><\/span><\/p>\n<p><span class=\"html-span xdj266r x11i5rnm xat24cr x1mh8g0r xexx8yu x4uap5 x18d9i69 xkhd6sd x1hl2dhg x16tdsg8 x1vvkbs x4k7w5x x1h91t0o x1h9r5lt x1jfb8zj xv2umb2 x1beo9mf xaigb6o x12ejxvf x3igimt xarpa2k xedcshv x1lytzrv x1t2pt76 x7ja8zs x1qrby5j\" style=\"font-family: times new roman, times;font-size: 14pt\"><span class=\"x193iq5w xeuugli x13faqbe x1vvkbs x1xmvt09 x1lliihq x1s928wv xhkezso x1gmr53x x1cpjm7i x1fgarty x1943h6x xudqn12 x3x7a5m x6prxxf xvq8zen xo1l8bm xzsf02u\" dir=\"auto\">Wystawa<em><strong> &#8222;Kukie\u0142ki i pacynki z mojej bajki&#8221;<\/strong><\/em> zgromadzi\u0142a wspania\u0142e prace przestrzenne, kt\u00f3re powsta\u0142y dzi\u0119ki wsp\u00f3\u0142pracy dzieci z rodzicami. Ka\u017cda praca by\u0142a unikalna. Hol g\u0142\u00f3wny przedszkola zamieni\u0142 si\u0119 w t\u0119tni\u0105ce \u017cyciem centrum sztuki, gdzie mali arty\u015bci mogli dzieli\u0107 si\u0119 swoj\u0105 pasj\u0105 z rodzinami i nauczycielami. Wszyscy uczestnicy zas\u0142uguj\u0105 na ogromne gratulacje za swoje zaanga\u017cowanie i tw\u00f3rczo\u015b\u0107. Szczeg\u00f3lnie doceniamy tych, kt\u00f3rzy w\u0142o\u017cyli ca\u0142e serce w swoje projekty, pokazuj\u0105c, jak wa\u017cne jest wsp\u00f3lne sp\u0119dzanie czasu i rozwijanie pasji. <\/span><\/span><\/p>\n<p><span class=\"html-span xdj266r x11i5rnm xat24cr x1mh8g0r xexx8yu x4uap5 x18d9i69 xkhd6sd x1hl2dhg x16tdsg8 x1vvkbs x4k7w5x x1h91t0o x1h9r5lt x1jfb8zj xv2umb2 x1beo9mf xaigb6o x12ejxvf x3igimt xarpa2k xedcshv x1lytzrv x1t2pt76 x7ja8zs x1qrby5j\" style=\"font-family: times new roman, times;font-size: 14pt\"><span class=\"x193iq5w xeuugli x13faqbe x1vvkbs x1xmvt09 x1lliihq x1s928wv xhkezso x1gmr53x x1cpjm7i x1fgarty x1943h6x xudqn12 x3x7a5m x6prxxf xvq8zen xo1l8bm xzsf02u\" dir=\"auto\">Dzi\u0119kujemy wszystkim za udzia\u0142.<\/span><\/span>[\/vc_column_text][vc_gallery type=&#8221;image_grid&#8221; images=&#8221;7072,7073,7074,7075,7076,7077,7078,7079,7080,7081,7082,7083,7084,7085,7086,7087,7088,7089,7090,7091,7092,7093,7094,7095,7096,7097,7098,7099,7100,7101&#8243; css=&#8221;&#8221;][\/vc_column][\/vc_row]<\/p>\n<\/div>","protected":false},"excerpt":{"rendered":"<p>[vc_row][vc_column][vc_column_text]Obchody Mi\u0119dzynarodowego Dnia Teatru w naszym przedszkolu 27 marca 2025 roku by\u0142y niezapomnianym wydarzeniem pe\u0142nym kreatywno\u015bci i rado\u015bci. Wystawa &#8222;Kukie\u0142ki i pacynki z mojej bajki&#8221; zgromadzi\u0142a wspania\u0142e prace przestrzenne, kt\u00f3re [&hellip;]<\/p>\n","protected":false},"author":200,"featured_media":0,"parent":0,"menu_order":0,"comment_status":"closed","ping_status":"closed","template":"","meta":{"ngg_post_thumbnail":0,"footnotes":""},"class_list":["post-7071","page","type-page","status-publish","hentry","clearfix"],"_links":{"self":[{"href":"https:\/\/przedszkole150.edu.wroclaw.pl\/index.php\/wp-json\/wp\/v2\/pages\/7071","targetHints":{"allow":["GET"]}}],"collection":[{"href":"https:\/\/przedszkole150.edu.wroclaw.pl\/index.php\/wp-json\/wp\/v2\/pages"}],"about":[{"href":"https:\/\/przedszkole150.edu.wroclaw.pl\/index.php\/wp-json\/wp\/v2\/types\/page"}],"author":[{"embeddable":true,"href":"https:\/\/przedszkole150.edu.wroclaw.pl\/index.php\/wp-json\/wp\/v2\/users\/200"}],"replies":[{"embeddable":true,"href":"https:\/\/przedszkole150.edu.wroclaw.pl\/index.php\/wp-json\/wp\/v2\/comments?post=7071"}],"version-history":[{"count":1,"href":"https:\/\/przedszkole150.edu.wroclaw.pl\/index.php\/wp-json\/wp\/v2\/pages\/7071\/revisions"}],"predecessor-version":[{"id":7102,"href":"https:\/\/przedszkole150.edu.wroclaw.pl\/index.php\/wp-json\/wp\/v2\/pages\/7071\/revisions\/7102"}],"wp:attachment":[{"href":"https:\/\/przedszkole150.edu.wroclaw.pl\/index.php\/wp-json\/wp\/v2\/media?parent=7071"}],"curies":[{"name":"wp","href":"https:\/\/api.w.org\/{rel}","templated":true}]}}