
{"id":7104,"date":"2025-03-30T19:59:35","date_gmt":"2025-03-30T17:59:35","guid":{"rendered":"https:\/\/przedszkole150.edu.wroclaw.pl\/?page_id=7104"},"modified":"2025-03-30T20:24:56","modified_gmt":"2025-03-30T18:24:56","slug":"nauczycielki-dzieciom-przedstawienie-teatralne-krolewna-sniezka","status":"publish","type":"page","link":"https:\/\/przedszkole150.edu.wroclaw.pl\/index.php\/nauczycielki-dzieciom-przedstawienie-teatralne-krolewna-sniezka\/","title":{"rendered":"Nauczycielki dzieciom &#8211; przedstawienie teatralne &#8222;Kr\u00f3lewna \u015anie\u017cka&#8221;"},"content":{"rendered":"<div class=\"wpb-content-wrapper\"><p>[vc_row][vc_column][vc_column_text css=&#8221;&#8221;]<span style=\"font-family: times new roman, times;font-size: 14pt\">Dn. <strong>27.03.2025 r.<\/strong> w naszym przedszkolu mia\u0142o miejsce wyj\u0105tkowe wydarzenie, kt\u00f3re na pewno pozostanie na d\u0142ugo w pami\u0119ci dzieci &#8211; spektakl w wykonaniu naszych nauczycielek <em><span style=\"color: #008000\">&#8222;Kr\u00f3lewna \u015anie\u017cka&#8221;.<\/span><\/em><\/span><\/p>\n<p><span style=\"font-family: times new roman, times;font-size: 14pt\">W ramach <strong>Mi\u0119dzynarodowego Dnia Teatru,<\/strong> amatorska grupa teatralna stworzona przez nasze nauczycielki, przygotowa\u0142a dla maluch\u00f3w niesamowite przedstawienie, kt\u00f3re o\u017cywi\u0142o klasyczn\u0105 bajk\u0119 w zupe\u0142nie nowej ods\u0142onie. Dzieci mia\u0142y okazj\u0119 prze\u017cy\u0107 magiczn\u0105 podr\u00f3\u017c przez las, spotka\u0107 krasnoludki, a tak\u017ce zobaczy\u0107 jak z\u0142a kr\u00f3lowa postanowi\u0142a pozby\u0107 si\u0119 \u015anie\u017cki. <\/span><\/p>\n<p><span style=\"font-family: times new roman, times;font-size: 14pt\">Aktorki &#8211; nasze nauczycielki &#8211; z du\u017cym zaanga\u017cowaniem wcieli\u0142y si\u0119 w swoje role, co spotka\u0142o si\u0119 z gromkimi brawami ze strony widz\u00f3w. <\/span><\/p>\n<p><span style=\"font-family: times new roman, times;font-size: 14pt\">Nauczycielki zadba\u0142y o to, aby dekoracje, kostiumy i muzyka stworzy\u0142y prawdziw\u0105 atmosfer\u0119 bajki. Na zako\u0144czenie maluchy mia\u0142y okazj\u0119 wsp\u00f3lnie zata\u0144czy\u0107 z bohaterami ba\u015bni. <\/span><\/p>\n<p><span style=\"font-family: times new roman, times;font-size: 14pt\">Spektakl mia\u0142 na celu nie tylko wprowadzenie dzieci w \u015bwiat ba\u015bni, ale tak\u017ce rozwijanie ich wyobra\u017ani oraz empatii, a mora\u0142 p\u0142yn\u0105cy z ba\u015bni, \u017ce dobro zawsze zwyci\u0119\u017ca, zostanie w pami\u0119ci naszych podopiecznych.<\/span><\/p>\n<p><span style=\"font-family: times new roman, times;font-size: 14pt\">To wydarzenie by\u0142o kolejnym pi\u0119knym momentem, kt\u00f3ry \u0142\u0105czy dzieci, rodzic\u00f3w\u00a0 i\u00a0 nauczycieli w tw\u00f3rczy spos\u00f3b. Ju\u017c nie mo\u017cemy si\u0119 doczeka\u0107 kolejnych spektakli, kt\u00f3re czekaj\u0105 na nasze przedszkolaki. <\/span>[\/vc_column_text][vc_gallery type=&#8221;image_grid&#8221; images=&#8221;7124,7123,7122,7121,7120,7119,7118,7117,7116,7115,7114,7113,7112,7111,7110,7109,7108,7107,7106&#8243; css=&#8221;&#8221;][\/vc_column][\/vc_row]<\/p>\n<\/div>","protected":false},"excerpt":{"rendered":"<p>[vc_row][vc_column][vc_column_text css=&#8221;&#8221;]Dn. 27.03.2025 r. w naszym przedszkolu mia\u0142o miejsce wyj\u0105tkowe wydarzenie, kt\u00f3re na pewno pozostanie na d\u0142ugo w pami\u0119ci dzieci &#8211; spektakl w wykonaniu naszych nauczycielek &#8222;Kr\u00f3lewna \u015anie\u017cka&#8221;. W ramach [&hellip;]<\/p>\n","protected":false},"author":200,"featured_media":0,"parent":0,"menu_order":0,"comment_status":"closed","ping_status":"closed","template":"","meta":{"ngg_post_thumbnail":0,"footnotes":""},"class_list":["post-7104","page","type-page","status-publish","hentry","clearfix"],"_links":{"self":[{"href":"https:\/\/przedszkole150.edu.wroclaw.pl\/index.php\/wp-json\/wp\/v2\/pages\/7104","targetHints":{"allow":["GET"]}}],"collection":[{"href":"https:\/\/przedszkole150.edu.wroclaw.pl\/index.php\/wp-json\/wp\/v2\/pages"}],"about":[{"href":"https:\/\/przedszkole150.edu.wroclaw.pl\/index.php\/wp-json\/wp\/v2\/types\/page"}],"author":[{"embeddable":true,"href":"https:\/\/przedszkole150.edu.wroclaw.pl\/index.php\/wp-json\/wp\/v2\/users\/200"}],"replies":[{"embeddable":true,"href":"https:\/\/przedszkole150.edu.wroclaw.pl\/index.php\/wp-json\/wp\/v2\/comments?post=7104"}],"version-history":[{"count":3,"href":"https:\/\/przedszkole150.edu.wroclaw.pl\/index.php\/wp-json\/wp\/v2\/pages\/7104\/revisions"}],"predecessor-version":[{"id":7128,"href":"https:\/\/przedszkole150.edu.wroclaw.pl\/index.php\/wp-json\/wp\/v2\/pages\/7104\/revisions\/7128"}],"wp:attachment":[{"href":"https:\/\/przedszkole150.edu.wroclaw.pl\/index.php\/wp-json\/wp\/v2\/media?parent=7104"}],"curies":[{"name":"wp","href":"https:\/\/api.w.org\/{rel}","templated":true}]}}