
{"id":7150,"date":"2025-04-03T15:37:49","date_gmt":"2025-04-03T13:37:49","guid":{"rendered":"https:\/\/przedszkole150.edu.wroclaw.pl\/?page_id=7150"},"modified":"2025-04-03T15:51:07","modified_gmt":"2025-04-03T13:51:07","slug":"konkurs-plastyczny-wiosna-ach-to-ty-2025","status":"publish","type":"page","link":"https:\/\/przedszkole150.edu.wroclaw.pl\/index.php\/konkurs-plastyczny-wiosna-ach-to-ty-2025\/","title":{"rendered":"Konkurs plastyczny &#8222;Wiosna&#8230;ach to Ty&#8221; 2025"},"content":{"rendered":"<div class=\"wpb-content-wrapper\"><p>[vc_row][vc_column][vc_column_text]<span style=\"font-family: times new roman, times;font-size: 14pt\">Dzieci z naszego przedszkola wzi\u0119\u0142y udzia\u0142 w mi\u0119dzyprzedszkolnym konkursie<strong><em> &#8222;Wiosna&#8230;ach to Ty&#8221;<\/em><\/strong>, kt\u00f3rego organizatorem by\u0142o Przedszkole Nr 41. Celem konkursu by\u0142o uwra\u017cliwianie dzieci na pi\u0119kno wiosennej przyrody oraz rozwianie talent\u00f3w i dzieci\u0119cej wyobra\u017ani. <\/span><\/p>\n<p><span style=\"font-family: times new roman, times;font-size: 14pt\">Natalia z gr. 2 i Aleksandra z gr.7 wykona\u0142y pomys\u0142owe i kreatywne prace nagrodzone pami\u0105tkowymi dyplomami.<\/span>[\/vc_column_text][vc_gallery type=&#8221;image_grid&#8221; images=&#8221;7154,7153,7152,7151&#8243; css=&#8221;&#8221;][\/vc_column][\/vc_row]<\/p>\n<\/div>","protected":false},"excerpt":{"rendered":"<p>[vc_row][vc_column][vc_column_text]Dzieci z naszego przedszkola wzi\u0119\u0142y udzia\u0142 w mi\u0119dzyprzedszkolnym konkursie &#8222;Wiosna&#8230;ach to Ty&#8221;, kt\u00f3rego organizatorem by\u0142o Przedszkole Nr 41. Celem konkursu by\u0142o uwra\u017cliwianie dzieci na pi\u0119kno wiosennej przyrody oraz rozwianie talent\u00f3w [&hellip;]<\/p>\n","protected":false},"author":200,"featured_media":0,"parent":0,"menu_order":0,"comment_status":"closed","ping_status":"closed","template":"","meta":{"ngg_post_thumbnail":0,"footnotes":""},"class_list":["post-7150","page","type-page","status-publish","hentry","clearfix"],"_links":{"self":[{"href":"https:\/\/przedszkole150.edu.wroclaw.pl\/index.php\/wp-json\/wp\/v2\/pages\/7150","targetHints":{"allow":["GET"]}}],"collection":[{"href":"https:\/\/przedszkole150.edu.wroclaw.pl\/index.php\/wp-json\/wp\/v2\/pages"}],"about":[{"href":"https:\/\/przedszkole150.edu.wroclaw.pl\/index.php\/wp-json\/wp\/v2\/types\/page"}],"author":[{"embeddable":true,"href":"https:\/\/przedszkole150.edu.wroclaw.pl\/index.php\/wp-json\/wp\/v2\/users\/200"}],"replies":[{"embeddable":true,"href":"https:\/\/przedszkole150.edu.wroclaw.pl\/index.php\/wp-json\/wp\/v2\/comments?post=7150"}],"version-history":[{"count":3,"href":"https:\/\/przedszkole150.edu.wroclaw.pl\/index.php\/wp-json\/wp\/v2\/pages\/7150\/revisions"}],"predecessor-version":[{"id":7158,"href":"https:\/\/przedszkole150.edu.wroclaw.pl\/index.php\/wp-json\/wp\/v2\/pages\/7150\/revisions\/7158"}],"wp:attachment":[{"href":"https:\/\/przedszkole150.edu.wroclaw.pl\/index.php\/wp-json\/wp\/v2\/media?parent=7150"}],"curies":[{"name":"wp","href":"https:\/\/api.w.org\/{rel}","templated":true}]}}