
{"id":7167,"date":"2025-04-04T10:51:40","date_gmt":"2025-04-04T08:51:40","guid":{"rendered":"https:\/\/przedszkole150.edu.wroclaw.pl\/?page_id=7167"},"modified":"2025-04-04T10:54:56","modified_gmt":"2025-04-04T08:54:56","slug":"7167-2","status":"publish","type":"page","link":"https:\/\/przedszkole150.edu.wroclaw.pl\/index.php\/7167-2\/","title":{"rendered":"&#8222;Wiosna z naszego okna&#8221; &#8211; Og\u00f3lnopolski konkurs plastyczny"},"content":{"rendered":"<div class=\"wpb-content-wrapper\"><p>[vc_row][vc_column][vc_column_text]<span style=\"font-family: times new roman, times;font-size: 14pt\"><strong><span style=\"color: #008000\">Micha\u0142 D. z grupy 7<\/span> <\/strong>wzi\u0105\u0142 udzia\u0142 w og\u00f3lnopolskim konkursie plastycznym &#8222;Wiosna z naszego okna&#8221;. Organizatorem konkursu by\u0142o Przedszkole Nr 21 w Katowicach.<\/span><\/p>\n<p><span style=\"font-family: times new roman, times;font-size: 14pt\">Celem konkursu by\u0142o utrwalenie krajobrazu wiosny poprzez zaprezentowanie jej w postaci pracy plastycznej oraz u\u015bwiadomienie, \u017ce wiosna mo\u017ce mie\u0107 r\u00f3\u017cne postaci i oblicza w zale\u017cno\u015bci od miejsca obserwacji.<\/span>[\/vc_column_text][vc_gallery type=&#8221;image_grid&#8221; images=&#8221;7168&#8243; css=&#8221;&#8221;][\/vc_column][\/vc_row]<\/p>\n<\/div>","protected":false},"excerpt":{"rendered":"<p>[vc_row][vc_column][vc_column_text]Micha\u0142 D. z grupy 7 wzi\u0105\u0142 udzia\u0142 w og\u00f3lnopolskim konkursie plastycznym &#8222;Wiosna z naszego okna&#8221;. Organizatorem konkursu by\u0142o Przedszkole Nr 21 w Katowicach. Celem konkursu by\u0142o utrwalenie krajobrazu wiosny poprzez [&hellip;]<\/p>\n","protected":false},"author":200,"featured_media":0,"parent":0,"menu_order":0,"comment_status":"closed","ping_status":"closed","template":"","meta":{"ngg_post_thumbnail":0,"footnotes":""},"class_list":["post-7167","page","type-page","status-publish","hentry","clearfix"],"_links":{"self":[{"href":"https:\/\/przedszkole150.edu.wroclaw.pl\/index.php\/wp-json\/wp\/v2\/pages\/7167","targetHints":{"allow":["GET"]}}],"collection":[{"href":"https:\/\/przedszkole150.edu.wroclaw.pl\/index.php\/wp-json\/wp\/v2\/pages"}],"about":[{"href":"https:\/\/przedszkole150.edu.wroclaw.pl\/index.php\/wp-json\/wp\/v2\/types\/page"}],"author":[{"embeddable":true,"href":"https:\/\/przedszkole150.edu.wroclaw.pl\/index.php\/wp-json\/wp\/v2\/users\/200"}],"replies":[{"embeddable":true,"href":"https:\/\/przedszkole150.edu.wroclaw.pl\/index.php\/wp-json\/wp\/v2\/comments?post=7167"}],"version-history":[{"count":2,"href":"https:\/\/przedszkole150.edu.wroclaw.pl\/index.php\/wp-json\/wp\/v2\/pages\/7167\/revisions"}],"predecessor-version":[{"id":7170,"href":"https:\/\/przedszkole150.edu.wroclaw.pl\/index.php\/wp-json\/wp\/v2\/pages\/7167\/revisions\/7170"}],"wp:attachment":[{"href":"https:\/\/przedszkole150.edu.wroclaw.pl\/index.php\/wp-json\/wp\/v2\/media?parent=7167"}],"curies":[{"name":"wp","href":"https:\/\/api.w.org\/{rel}","templated":true}]}}