
{"id":7172,"date":"2025-04-07T09:12:36","date_gmt":"2025-04-07T07:12:36","guid":{"rendered":"https:\/\/przedszkole150.edu.wroclaw.pl\/?page_id=7172"},"modified":"2025-04-07T09:12:36","modified_gmt":"2025-04-07T07:12:36","slug":"wiosenne-wysiewy","status":"publish","type":"page","link":"https:\/\/przedszkole150.edu.wroclaw.pl\/index.php\/wiosenne-wysiewy\/","title":{"rendered":"Wiosenne wysiewy"},"content":{"rendered":"<div class=\"wpb-content-wrapper\"><p>[vc_row][vc_column][vc_column_text]<span style=\"font-family: times new roman, times;font-size: 14pt\">Zgodnie z tematem zaj\u0119\u0107 \u201eWiosna do nas przyby\u0142a\u201d dzieci z grupy 7 za\u0142o\u017cy\u0142y hodowl\u0119 owsa. Pozna\u0142y kolejne etapy siania zbo\u017ca, por\u00f3wnywa\u0142y wygl\u0105d nasionek, a nast\u0119pnie samodzielnie zasiewa\u0142y owies. Codziennie podlewaj\u0105 swoj\u0105 ro\u015blin\u0119 i prowadz\u0105 obserwacj\u0119.<\/span>[\/vc_column_text][vc_gallery type=&#8221;image_grid&#8221; images=&#8221;7173,7174,7175,7176,7177,7178,7179&#8243; css=&#8221;&#8221;][\/vc_column][\/vc_row]<\/p>\n<\/div>","protected":false},"excerpt":{"rendered":"<p>[vc_row][vc_column][vc_column_text]Zgodnie z tematem zaj\u0119\u0107 \u201eWiosna do nas przyby\u0142a\u201d dzieci z grupy 7 za\u0142o\u017cy\u0142y hodowl\u0119 owsa. Pozna\u0142y kolejne etapy siania zbo\u017ca, por\u00f3wnywa\u0142y wygl\u0105d nasionek, a nast\u0119pnie samodzielnie zasiewa\u0142y owies. Codziennie podlewaj\u0105 [&hellip;]<\/p>\n","protected":false},"author":200,"featured_media":0,"parent":0,"menu_order":0,"comment_status":"closed","ping_status":"closed","template":"","meta":{"ngg_post_thumbnail":0,"footnotes":""},"class_list":["post-7172","page","type-page","status-publish","hentry","clearfix"],"_links":{"self":[{"href":"https:\/\/przedszkole150.edu.wroclaw.pl\/index.php\/wp-json\/wp\/v2\/pages\/7172","targetHints":{"allow":["GET"]}}],"collection":[{"href":"https:\/\/przedszkole150.edu.wroclaw.pl\/index.php\/wp-json\/wp\/v2\/pages"}],"about":[{"href":"https:\/\/przedszkole150.edu.wroclaw.pl\/index.php\/wp-json\/wp\/v2\/types\/page"}],"author":[{"embeddable":true,"href":"https:\/\/przedszkole150.edu.wroclaw.pl\/index.php\/wp-json\/wp\/v2\/users\/200"}],"replies":[{"embeddable":true,"href":"https:\/\/przedszkole150.edu.wroclaw.pl\/index.php\/wp-json\/wp\/v2\/comments?post=7172"}],"version-history":[{"count":1,"href":"https:\/\/przedszkole150.edu.wroclaw.pl\/index.php\/wp-json\/wp\/v2\/pages\/7172\/revisions"}],"predecessor-version":[{"id":7180,"href":"https:\/\/przedszkole150.edu.wroclaw.pl\/index.php\/wp-json\/wp\/v2\/pages\/7172\/revisions\/7180"}],"wp:attachment":[{"href":"https:\/\/przedszkole150.edu.wroclaw.pl\/index.php\/wp-json\/wp\/v2\/media?parent=7172"}],"curies":[{"name":"wp","href":"https:\/\/api.w.org\/{rel}","templated":true}]}}